{"id":25556,"date":"2024-09-20T16:29:05","date_gmt":"2024-09-20T19:29:05","guid":{"rendered":"https:\/\/wingsltda.com.br\/?page_id=25556"},"modified":"2024-09-23T18:04:11","modified_gmt":"2024-09-23T21:04:11","slug":"projetos-cargill","status":"publish","type":"page","link":"https:\/\/wingsltda.com.br\/en\/projetos-cargill\/","title":{"rendered":"Projetos Cargill"},"content":{"rendered":"<div data-elementor-type=\"wp-page\" data-elementor-id=\"25556\" class=\"elementor elementor-25556\">\n\t\t\t\t<div class=\"elementor-element elementor-element-1f5ce6c e-flex e-con-boxed e-con e-parent\" data-id=\"1f5ce6c\" data-element_type=\"container\">\n\t\t\t\t\t<div class=\"e-con-inner\">\n\t\t\t\t<div class=\"elementor-element elementor-element-f5b4b1f elementor-widget elementor-widget-wp-widget-pages\" data-id=\"f5b4b1f\" data-element_type=\"widget\" data-widget_type=\"wp-widget-pages.default\">\n\t\t\t\t<div class=\"elementor-widget-container\">\n\t\t\t<h5>Pages<\/h5><nav aria-label=\"Pages\">\n\t\t\t<ul>\n\t\t\t\t<li class=\"page_item page-item-26413\"><a href=\"https:\/\/wingsltda.com.br\/en\/conheca-alguns-dos-nossos-projetos\/\">Learn about some of our projects<\/a><\/li>\n<li class=\"page_item page-item-55 page_item_has_children\"><a href=\"https:\/\/wingsltda.com.br\/en\/projetos-clientes-moegas-despoeiramento-meio-ambiente-2\/\">Learn about some of our projects<\/a>\n<ul class='children'>\n\t<li class=\"page_item page-item-26655\"><a href=\"https:\/\/wingsltda.com.br\/en\/projetos-clientes-moegas-despoeiramento-meio-ambiente-2\/agroceres-multimix-quatro-pontes-pr\/\">AGROCERES MULTIMIX- QUATRO PONTES (PR)<\/a><\/li>\n\t<li class=\"page_item page-item-26681\"><a href=\"https:\/\/wingsltda.com.br\/en\/projetos-clientes-moegas-despoeiramento-meio-ambiente-2\/agrodanieli-tapejara-rs\/\">AGRODANIELI &#8211; TAPEJARA (RS)<\/a><\/li>\n\t<li class=\"page_item page-item-23803\"><a href=\"https:\/\/wingsltda.com.br\/en\/projetos-clientes-moegas-despoeiramento-meio-ambiente-2\/cargill-paranagua-pr\/\">CARGILL \u2013 PORT OF PARANAGUA<\/a><\/li>\n\t<li class=\"page_item page-item-24242\"><a href=\"https:\/\/wingsltda.com.br\/en\/projetos-clientes-moegas-despoeiramento-meio-ambiente-2\/cargill-porto-velho-ro\/\">CARGILL \u2013 PORTO VELHO<\/a><\/li>\n\t<li class=\"page_item page-item-23900\"><a href=\"https:\/\/wingsltda.com.br\/en\/projetos-clientes-moegas-despoeiramento-meio-ambiente-2\/cargill-primavera-do-leste-mt\/\">CARGILL \u2013 PRIMAVERA DO LESTE<\/a><\/li>\n\t<li class=\"page_item page-item-23724\"><a href=\"https:\/\/wingsltda.com.br\/en\/projetos-clientes-moegas-despoeiramento-meio-ambiente-2\/cargill-rio-verde-go\/\">CARGILL \u2013 RIO VERDE<\/a><\/li>\n\t<li class=\"page_item page-item-26700\"><a href=\"https:\/\/wingsltda.com.br\/en\/projetos-clientes-moegas-despoeiramento-meio-ambiente-2\/cargill-santarem-pa\/\">CARGILL \u2013 SANTAR\u00c9M (PA)<\/a><\/li>\n\t<li class=\"page_item page-item-23856\"><a href=\"https:\/\/wingsltda.com.br\/en\/projetos-clientes-moegas-despoeiramento-meio-ambiente-2\/cargill-tres-lagoas-ms\/\">CARGILL \u2013 TR\u00caS LAGOAS (MS)<\/a><\/li>\n\t<li class=\"page_item page-item-23869\"><a href=\"https:\/\/wingsltda.com.br\/en\/projetos-clientes-moegas-despoeiramento-meio-ambiente-2\/cargill-uberlandia-mg\/\">CARGILL \u2013 UBERLANDIA<\/a><\/li>\n\t<li class=\"page_item page-item-27459\"><a href=\"https:\/\/wingsltda.com.br\/en\/projetos-clientes-moegas-despoeiramento-meio-ambiente-2\/glacial-lakes-energy-gle\/\">GLACIAL LAKES ENERGY (GLE)<\/a><\/li>\n\t<li class=\"page_item page-item-26705\"><a href=\"https:\/\/wingsltda.com.br\/en\/projetos-clientes-moegas-despoeiramento-meio-ambiente-2\/lar-cooperativa-agroindustrial-rolandia-pr\/\">LAR COOPERATIVA AGROIND\u00daSTRIAL \u2013 ROL\u00c2NDIA (PR)<\/a><\/li>\n\t<li class=\"page_item page-item-26717\"><a href=\"https:\/\/wingsltda.com.br\/en\/projetos-clientes-moegas-despoeiramento-meio-ambiente-2\/leme-armazens-gerais-leme-sp\/\">LEME ARMAZ\u00c9NS GERAIS \u2013 LEME (SP)<\/a><\/li>\n\t<li class=\"page_item page-item-27386\"><a href=\"https:\/\/wingsltda.com.br\/en\/projetos-clientes-moegas-despoeiramento-meio-ambiente-2\/mps-feed-instalou-os-modulos-dustcontrol-da-wings\/\">MPS Feed<\/a><\/li>\n\t<li class=\"page_item page-item-27476\"><a href=\"https:\/\/wingsltda.com.br\/en\/projetos-clientes-moegas-despoeiramento-meio-ambiente-2\/north-dakota-soybean-processors-ndsp\/\">NORTH DAKOTA SOYBEAN PROCESSORS (NDSP)<\/a><\/li>\n\t<li class=\"page_item page-item-26726\"><a href=\"https:\/\/wingsltda.com.br\/en\/projetos-clientes-moegas-despoeiramento-meio-ambiente-2\/rumo-logistica-rondonopolis-mt\/\">RUMO LOG\u00cdSTICA \u2013 RONDON\u00d3POLIS (MT)<\/a><\/li>\n<\/ul>\n<\/li>\n<li class=\"page_item page-item-27871\"><a href=\"https:\/\/wingsltda.com.br\/en\/dustcontrol-captacao-de-po-em-moegas\/\">DustControl Capta\u00e7\u00e3o de p\u00f3 em moegas<\/a><\/li>\n<li class=\"page_item page-item-26074\"><a href=\"https:\/\/wingsltda.com.br\/en\/politica-de-devolucao\/\">Pol\u00edtica de devolu\u00e7\u00e3o<\/a><\/li>\n<li class=\"page_item page-item-26150\"><a href=\"https:\/\/wingsltda.com.br\/en\/sobre-nos\/\">Sobre N\u00f3s<\/a><\/li>\n<li class=\"page_item page-item-25726\"><a href=\"https:\/\/wingsltda.com.br\/en\/avicultura-debicadores-vacinadoras-equipamento-aves-pintinhos\/avibeaker-2\/\">AviBeaker<\/a><\/li>\n<li class=\"page_item page-item-27528\"><a href=\"https:\/\/wingsltda.com.br\/en\/wings-partners\/manufacturing-solutions-inc\/\">Manufacturing Solutions Inc<\/a><\/li>\n<li class=\"page_item page-item-27561\"><a href=\"https:\/\/wingsltda.com.br\/en\/wings-partners\/process-and-storage-solutions-inc\/\">Process and Storage Solutions Inc<\/a><\/li>\n\t\t\t<\/ul>\n\n\t\t\t<\/nav>\t\t<\/div>\n\t\t\t\t<\/div>\n\t\t\t\t\t<\/div>\n\t\t\t\t<\/div>\n\t\t\t\t<\/div>","protected":false},"excerpt":{"rendered":"","protected":false},"author":1,"featured_media":0,"parent":0,"menu_order":0,"comment_status":"closed","ping_status":"closed","template":"","meta":{"_sitemap_exclude":false,"_sitemap_priority":"","_sitemap_frequency":"","_joinchat":[],"footnotes":""},"class_list":["post-25556","page","type-page","status-publish","hentry"],"yoast_head":"<!-- This site is optimized with the Yoast SEO plugin v27.1.1 - https:\/\/yoast.com\/product\/yoast-seo-wordpress\/ -->\n<title>Projetos Cargill - Wings Ltda |<\/title>\n<meta name=\"robots\" content=\"index, follow, max-snippet:-1, max-image-preview:large, max-video-preview:-1\" \/>\n<link rel=\"canonical\" href=\"https:\/\/wingsltda.com.br\/en\/projetos-cargill\/\" \/>\n<meta property=\"og:locale\" content=\"en_US\" \/>\n<meta property=\"og:type\" content=\"article\" \/>\n<meta property=\"og:title\" content=\"Projetos Cargill - Wings Ltda |\" \/>\n<meta property=\"og:url\" content=\"https:\/\/wingsltda.com.br\/en\/projetos-cargill\/\" \/>\n<meta property=\"og:site_name\" content=\"Wings Ltda |\" \/>\n<meta property=\"article:publisher\" content=\"https:\/\/www.facebook.com\/wingsltda\/\" \/>\n<meta property=\"article:modified_time\" content=\"2024-09-23T21:04:11+00:00\" \/>\n<meta name=\"twitter:card\" content=\"summary_large_image\" \/>\n<script type=\"application\/ld+json\" class=\"yoast-schema-graph\">{\"@context\":\"https:\/\/schema.org\",\"@graph\":[{\"@type\":\"WebPage\",\"@id\":\"https:\/\/wingsltda.com.br\/projetos-cargill\/\",\"url\":\"https:\/\/wingsltda.com.br\/projetos-cargill\/\",\"name\":\"Projetos Cargill - Wings Ltda |\",\"isPartOf\":{\"@id\":\"https:\/\/wingsltda.com.br\/en\/#website\"},\"datePublished\":\"2024-09-20T19:29:05+00:00\",\"dateModified\":\"2024-09-23T21:04:11+00:00\",\"breadcrumb\":{\"@id\":\"https:\/\/wingsltda.com.br\/projetos-cargill\/#breadcrumb\"},\"inLanguage\":\"en-US\",\"potentialAction\":[{\"@type\":\"ReadAction\",\"target\":[\"https:\/\/wingsltda.com.br\/projetos-cargill\/\"]}]},{\"@type\":\"BreadcrumbList\",\"@id\":\"https:\/\/wingsltda.com.br\/projetos-cargill\/#breadcrumb\",\"itemListElement\":[{\"@type\":\"ListItem\",\"position\":1,\"name\":\"In\u00edcio\",\"item\":\"https:\/\/wingsltda.com.br\/\"},{\"@type\":\"ListItem\",\"position\":2,\"name\":\"Projetos Cargill\"}]},{\"@type\":\"WebSite\",\"@id\":\"https:\/\/wingsltda.com.br\/en\/#website\",\"url\":\"https:\/\/wingsltda.com.br\/en\/\",\"name\":\"Wings Ltda |\",\"description\":\"Transformando sua opera\u00e7\u00e3o no agro.\",\"publisher\":{\"@id\":\"https:\/\/wingsltda.com.br\/en\/#organization\"},\"potentialAction\":[{\"@type\":\"SearchAction\",\"target\":{\"@type\":\"EntryPoint\",\"urlTemplate\":\"https:\/\/wingsltda.com.br\/en\/?s={search_term_string}\"},\"query-input\":{\"@type\":\"PropertyValueSpecification\",\"valueRequired\":true,\"valueName\":\"search_term_string\"}}],\"inLanguage\":\"en-US\"},{\"@type\":\"Organization\",\"@id\":\"https:\/\/wingsltda.com.br\/en\/#organization\",\"name\":\"Wings Ltda\",\"url\":\"https:\/\/wingsltda.com.br\/en\/\",\"logo\":{\"@type\":\"ImageObject\",\"inLanguage\":\"en-US\",\"@id\":\"https:\/\/wingsltda.com.br\/en\/#\/schema\/logo\/image\/\",\"url\":\"https:\/\/wingsltda.com.br\/wp-content\/uploads\/2024\/03\/Wings-Logo-Novo-DustControl.png\",\"contentUrl\":\"https:\/\/wingsltda.com.br\/wp-content\/uploads\/2024\/03\/Wings-Logo-Novo-DustControl.png\",\"width\":1090,\"height\":410,\"caption\":\"Wings Ltda\"},\"image\":{\"@id\":\"https:\/\/wingsltda.com.br\/en\/#\/schema\/logo\/image\/\"},\"sameAs\":[\"https:\/\/www.facebook.com\/wingsltda\/\",\"https:\/\/www.linkedin.com\/company\/wingsltda\/\",\"https:\/\/www.youtube.com\/channel\/UC2XSL5EljSgDh-pwalcPLLA\"]}]}<\/script>\n<!-- \/ Yoast SEO plugin. -->","yoast_head_json":{"title":"Projetos Cargill - Wings Ltda |","robots":{"index":"index","follow":"follow","max-snippet":"max-snippet:-1","max-image-preview":"max-image-preview:large","max-video-preview":"max-video-preview:-1"},"canonical":"https:\/\/wingsltda.com.br\/en\/projetos-cargill\/","og_locale":"en_US","og_type":"article","og_title":"Projetos Cargill - Wings Ltda |","og_url":"https:\/\/wingsltda.com.br\/en\/projetos-cargill\/","og_site_name":"Wings Ltda |","article_publisher":"https:\/\/www.facebook.com\/wingsltda\/","article_modified_time":"2024-09-23T21:04:11+00:00","twitter_card":"summary_large_image","schema":{"@context":"https:\/\/schema.org","@graph":[{"@type":"WebPage","@id":"https:\/\/wingsltda.com.br\/projetos-cargill\/","url":"https:\/\/wingsltda.com.br\/projetos-cargill\/","name":"Projetos Cargill - Wings Ltda |","isPartOf":{"@id":"https:\/\/wingsltda.com.br\/en\/#website"},"datePublished":"2024-09-20T19:29:05+00:00","dateModified":"2024-09-23T21:04:11+00:00","breadcrumb":{"@id":"https:\/\/wingsltda.com.br\/projetos-cargill\/#breadcrumb"},"inLanguage":"en-US","potentialAction":[{"@type":"ReadAction","target":["https:\/\/wingsltda.com.br\/projetos-cargill\/"]}]},{"@type":"BreadcrumbList","@id":"https:\/\/wingsltda.com.br\/projetos-cargill\/#breadcrumb","itemListElement":[{"@type":"ListItem","position":1,"name":"In\u00edcio","item":"https:\/\/wingsltda.com.br\/"},{"@type":"ListItem","position":2,"name":"Projetos Cargill"}]},{"@type":"WebSite","@id":"https:\/\/wingsltda.com.br\/en\/#website","url":"https:\/\/wingsltda.com.br\/en\/","name":"Wings Ltda |","description":"Transformando sua opera\u00e7\u00e3o no agro.","publisher":{"@id":"https:\/\/wingsltda.com.br\/en\/#organization"},"potentialAction":[{"@type":"SearchAction","target":{"@type":"EntryPoint","urlTemplate":"https:\/\/wingsltda.com.br\/en\/?s={search_term_string}"},"query-input":{"@type":"PropertyValueSpecification","valueRequired":true,"valueName":"search_term_string"}}],"inLanguage":"en-US"},{"@type":"Organization","@id":"https:\/\/wingsltda.com.br\/en\/#organization","name":"Wings Ltda","url":"https:\/\/wingsltda.com.br\/en\/","logo":{"@type":"ImageObject","inLanguage":"en-US","@id":"https:\/\/wingsltda.com.br\/en\/#\/schema\/logo\/image\/","url":"https:\/\/wingsltda.com.br\/wp-content\/uploads\/2024\/03\/Wings-Logo-Novo-DustControl.png","contentUrl":"https:\/\/wingsltda.com.br\/wp-content\/uploads\/2024\/03\/Wings-Logo-Novo-DustControl.png","width":1090,"height":410,"caption":"Wings Ltda"},"image":{"@id":"https:\/\/wingsltda.com.br\/en\/#\/schema\/logo\/image\/"},"sameAs":["https:\/\/www.facebook.com\/wingsltda\/","https:\/\/www.linkedin.com\/company\/wingsltda\/","https:\/\/www.youtube.com\/channel\/UC2XSL5EljSgDh-pwalcPLLA"]}]}},"_links":{"self":[{"href":"https:\/\/wingsltda.com.br\/en\/wp-json\/wp\/v2\/pages\/25556","targetHints":{"allow":["GET"]}}],"collection":[{"href":"https:\/\/wingsltda.com.br\/en\/wp-json\/wp\/v2\/pages"}],"about":[{"href":"https:\/\/wingsltda.com.br\/en\/wp-json\/wp\/v2\/types\/page"}],"author":[{"embeddable":true,"href":"https:\/\/wingsltda.com.br\/en\/wp-json\/wp\/v2\/users\/1"}],"replies":[{"embeddable":true,"href":"https:\/\/wingsltda.com.br\/en\/wp-json\/wp\/v2\/comments?post=25556"}],"version-history":[{"count":0,"href":"https:\/\/wingsltda.com.br\/en\/wp-json\/wp\/v2\/pages\/25556\/revisions"}],"wp:attachment":[{"href":"https:\/\/wingsltda.com.br\/en\/wp-json\/wp\/v2\/media?parent=25556"}],"curies":[{"name":"wp","href":"https:\/\/api.w.org\/{rel}","templated":true}]}}