{"id":3,"date":"2021-03-01T11:30:03","date_gmt":"2021-03-01T11:30:03","guid":{"rendered":"https:\/\/wingsltda.com.br\/?page_id=3"},"modified":"2024-02-22T23:38:08","modified_gmt":"2024-02-23T02:38:08","slug":"politica-de-privacidade","status":"publish","type":"page","link":"https:\/\/wingsltda.com.br\/en\/politica-de-privacidade\/","title":{"rendered":"Privacy Policy"},"content":{"rendered":"<p><strong>SECTION 1 \u2013 WHAT DO WE DO WITH YOUR INFORMATION?<\/strong><\/p>\n<p style=\"text-align: justify;\">When you purchase something from our store, as part of the buying and selling process, we collect the personal information you provide to us such as your name, address and email address.<br \/>When you browse our store, we also automatically receive your computer's Internet Protocol (IP) address to provide information that helps us learn about your browser and operating system.<br \/>Email marketing (if applicable): With your permission, we may send you emails about our store, new products and other updates.<\/p>\n<p><strong>SECTION 2 \u2013 CONSENT<\/strong><\/p>\n<p style=\"text-align: justify;\">How do you obtain my consent?<br \/>When you provide us with your personal information to complete your order, and be directed to our payment partner who will arrange the return of your purchase, we understand that you agree to our collection and use of this information for that specific reason only.<br \/>If we ask for your personal information for a secondary reason, such as marketing, we will either directly ask for your consent, or provide you with the opportunity to say no.<br \/>How do I withdraw my consent?<br \/>If after providing us with your data, you change your mind, you can withdraw your consent at any time by contacting us via email <a href=\"mailto:contato@wingsltda.com.br\">contato@wingsltda.com.br<\/a><\/p>\n<p><strong>SECTION 3 \u2013 DISCLOSURE<\/strong><\/p>\n<p style=\"text-align: justify;\">We may disclose your personal information if we are required to do so by law or if you violate our Terms of Service.<\/p>\n<p><strong>SE\u00c7\u00c3O 4 \u2013 WINGSLTDA.COM.BR<\/strong><\/p>\n<p style=\"text-align: justify;\">Your data is stored through the wingsltda.com.br data storage, database and the general wingsltda.com.br application. We store data on a secure server behind a firewall.<br \/>Pagamento:<br \/>Whenever you choose a product to purchase, in order for payment to be finalized, you will be directed to a partner website to finalize your payment. We do not store credit card data on our website.<\/p>\n<p><strong>SE\u00c7\u00c3O 5 \u2013 SERVI\u00c7OS DE TERCEIROS<\/strong><\/p>\n<p style=\"text-align: justify;\">In general, the third-party providers used by us will only collect, use and disclose your information to the extent necessary to allow them to perform the services they provide to us.<br \/>However, certain third-party service providers, such as payment gateways and other payment transaction processors, have their own privacy policies with respect to the information we are required to provide in order to complete your purchase.<br \/>In relation to suppliers, we recommend that you read their privacy policies so that you can understand the way in which your personal information will be used by them.<br \/>In particular, remember that certain providers may be located in or have facilities that are located in a different jurisdiction than either you or us. So if you elect to proceed with a transaction that involves the services of a third-party service provider, your information may become subject to the laws of the jurisdiction(s) in which that service provider or its facilities are located.<br \/>By way of example, let's assume you are located in Canada and your transaction is processed by a payment gateway located in the United States, then your personal information used in completing that transaction may be subject to disclosure under United States law, including the United States Act. Patriot.<br \/>Once you leave our store website or are redirected to a third-party website or application, you are no longer governed by our Privacy Policy or Terms of Service.<br \/>Links<br \/>When you click on links on our store, they may direct you away from our site. We are not responsible for the privacy practices of other sites and encourage you to read their privacy statements.<\/p>\n<p><strong>SECTION 6 \u2013 SECURITY<\/strong><\/p>\n<p style=\"text-align: justify;\">To protect your personal information, we take reasonable precautions and follow industry best practices to make sure it is not inappropriately lost, misused, accessed, disclosed, altered or destroyed.<br \/>COOKIES<br \/>Here is a list of cookies we use. We have listed them so you can choose whether you want to opt out of cookies or not.<br \/>_wingsltda_session, unique token, per session, Allows wingsltda.com.br to store information about your session (referrer, landing page, etc.).<\/p>\n<p><strong>SECTION 7 \u2013 AGE OF CONSENT<\/strong><\/p>\n<p style=\"text-align: justify;\">By using this site, you represent that you are at least the age of majority in your state or province of residence and you give us your consent to allow any of your minor dependents to use this site.<\/p>\n<p><strong>SE\u00c7\u00c3O 8 \u2013 ALTERA\u00c7\u00d5ES PARA ESSA POL\u00cdTICA DE PRIVACIDADE<\/strong><\/p>\n<p style=\"text-align: justify;\">We reserve the right to modify this privacy policy at any time, so please review it frequently. Changes and clarifications will take effect immediately after their publication on the website. If we make material changes to this policy, we will notify you here that they have been updated, so that you are aware of what information we collect, how we use it, and under what circumstances we use and\/or disclose it.<br \/>Se nossa loja for adquirida ou fundida com outra empresa, suas informa\u00e7\u00f5es podem ser transferidas para os novos propriet\u00e1rios para que possamos continuar a vender produtos para voc\u00ea.<\/p>\n<p><strong>QUESTIONS AND CONTACT INFORMATION<\/strong><\/p>\n<p>If you would like to: access, correct, amend or delete any personal information we have about you, file a complaint, or simply contact our Privacy Compliance Officer via email <a href=\"mailto:contato@wingsltda.com.br\">contato@wingsltda.com.br<\/a><\/p>","protected":false},"excerpt":{"rendered":"<p>SE\u00c7\u00c3O 1 \u2013 O QUE FAZEMOS COM A SUA INFORMA\u00c7\u00c3O? Quando voc\u00ea compra algo da nossa loja, como parte do processo de compra e venda, coletamos as informa\u00e7\u00f5es pessoais que voc\u00ea nos fornece tais como seu nome, endere\u00e7o e endere\u00e7o de e-mail.Quando voc\u00ea navega pela nossa loja, recebemos tamb\u00e9m automaticamente o protocolo de internet do [&hellip;]<\/p>\n","protected":false},"author":1,"featured_media":0,"parent":0,"menu_order":0,"comment_status":"closed","ping_status":"closed","template":"","meta":{"_sitemap_exclude":false,"_sitemap_priority":"","_sitemap_frequency":"","_joinchat":[],"footnotes":""},"class_list":["post-3","page","type-page","status-publish","hentry"],"yoast_head":"<!-- This site is optimized with the Yoast SEO plugin v27.1.1 - https:\/\/yoast.com\/product\/yoast-seo-wordpress\/ -->\n<title>Pol\u00edtica de privacidade - Wings Ltda |<\/title>\n<meta name=\"robots\" content=\"index, follow, max-snippet:-1, max-image-preview:large, max-video-preview:-1\" \/>\n<link rel=\"canonical\" href=\"https:\/\/wingsltda.com.br\/en\/politica-de-privacidade\/\" \/>\n<meta property=\"og:locale\" content=\"en_US\" \/>\n<meta property=\"og:type\" content=\"article\" \/>\n<meta property=\"og:title\" content=\"Pol\u00edtica de privacidade - Wings Ltda |\" \/>\n<meta property=\"og:description\" content=\"SE\u00c7\u00c3O 1 \u2013 O QUE FAZEMOS COM A SUA INFORMA\u00c7\u00c3O? Quando voc\u00ea compra algo da nossa loja, como parte do processo de compra e venda, coletamos as informa\u00e7\u00f5es pessoais que voc\u00ea nos fornece tais como seu nome, endere\u00e7o e endere\u00e7o de e-mail.Quando voc\u00ea navega pela nossa loja, recebemos tamb\u00e9m automaticamente o protocolo de internet do [&hellip;]\" \/>\n<meta property=\"og:url\" content=\"https:\/\/wingsltda.com.br\/en\/politica-de-privacidade\/\" \/>\n<meta property=\"og:site_name\" content=\"Wings Ltda |\" \/>\n<meta property=\"article:publisher\" content=\"https:\/\/www.facebook.com\/wingsltda\/\" \/>\n<meta property=\"article:modified_time\" content=\"2024-02-23T02:38:08+00:00\" \/>\n<meta name=\"twitter:card\" content=\"summary_large_image\" \/>\n<meta name=\"twitter:label1\" content=\"Est. reading time\" \/>\n\t<meta name=\"twitter:data1\" content=\"5 minutes\" \/>\n<script type=\"application\/ld+json\" class=\"yoast-schema-graph\">{\"@context\":\"https:\/\/schema.org\",\"@graph\":[{\"@type\":\"WebPage\",\"@id\":\"https:\/\/wingsltda.com.br\/politica-de-privacidade\/\",\"url\":\"https:\/\/wingsltda.com.br\/politica-de-privacidade\/\",\"name\":\"Pol\u00edtica de privacidade - Wings Ltda |\",\"isPartOf\":{\"@id\":\"https:\/\/wingsltda.com.br\/en\/#website\"},\"datePublished\":\"2021-03-01T11:30:03+00:00\",\"dateModified\":\"2024-02-23T02:38:08+00:00\",\"breadcrumb\":{\"@id\":\"https:\/\/wingsltda.com.br\/politica-de-privacidade\/#breadcrumb\"},\"inLanguage\":\"en-US\",\"potentialAction\":[{\"@type\":\"ReadAction\",\"target\":[\"https:\/\/wingsltda.com.br\/politica-de-privacidade\/\"]}]},{\"@type\":\"BreadcrumbList\",\"@id\":\"https:\/\/wingsltda.com.br\/politica-de-privacidade\/#breadcrumb\",\"itemListElement\":[{\"@type\":\"ListItem\",\"position\":1,\"name\":\"In\u00edcio\",\"item\":\"https:\/\/wingsltda.com.br\/\"},{\"@type\":\"ListItem\",\"position\":2,\"name\":\"Pol\u00edtica de privacidade\"}]},{\"@type\":\"WebSite\",\"@id\":\"https:\/\/wingsltda.com.br\/en\/#website\",\"url\":\"https:\/\/wingsltda.com.br\/en\/\",\"name\":\"Wings Ltda |\",\"description\":\"Transformando sua opera\u00e7\u00e3o no agro.\",\"publisher\":{\"@id\":\"https:\/\/wingsltda.com.br\/en\/#organization\"},\"potentialAction\":[{\"@type\":\"SearchAction\",\"target\":{\"@type\":\"EntryPoint\",\"urlTemplate\":\"https:\/\/wingsltda.com.br\/en\/?s={search_term_string}\"},\"query-input\":{\"@type\":\"PropertyValueSpecification\",\"valueRequired\":true,\"valueName\":\"search_term_string\"}}],\"inLanguage\":\"en-US\"},{\"@type\":\"Organization\",\"@id\":\"https:\/\/wingsltda.com.br\/en\/#organization\",\"name\":\"Wings Ltda\",\"url\":\"https:\/\/wingsltda.com.br\/en\/\",\"logo\":{\"@type\":\"ImageObject\",\"inLanguage\":\"en-US\",\"@id\":\"https:\/\/wingsltda.com.br\/en\/#\/schema\/logo\/image\/\",\"url\":\"https:\/\/wingsltda.com.br\/wp-content\/uploads\/2024\/03\/Wings-Logo-Novo-DustControl.png\",\"contentUrl\":\"https:\/\/wingsltda.com.br\/wp-content\/uploads\/2024\/03\/Wings-Logo-Novo-DustControl.png\",\"width\":1090,\"height\":410,\"caption\":\"Wings Ltda\"},\"image\":{\"@id\":\"https:\/\/wingsltda.com.br\/en\/#\/schema\/logo\/image\/\"},\"sameAs\":[\"https:\/\/www.facebook.com\/wingsltda\/\",\"https:\/\/www.linkedin.com\/company\/wingsltda\/\",\"https:\/\/www.youtube.com\/channel\/UC2XSL5EljSgDh-pwalcPLLA\"]}]}<\/script>\n<!-- \/ Yoast SEO plugin. -->","yoast_head_json":{"title":"Pol\u00edtica de privacidade - Wings Ltda |","robots":{"index":"index","follow":"follow","max-snippet":"max-snippet:-1","max-image-preview":"max-image-preview:large","max-video-preview":"max-video-preview:-1"},"canonical":"https:\/\/wingsltda.com.br\/en\/politica-de-privacidade\/","og_locale":"en_US","og_type":"article","og_title":"Pol\u00edtica de privacidade - Wings Ltda |","og_description":"SE\u00c7\u00c3O 1 \u2013 O QUE FAZEMOS COM A SUA INFORMA\u00c7\u00c3O? Quando voc\u00ea compra algo da nossa loja, como parte do processo de compra e venda, coletamos as informa\u00e7\u00f5es pessoais que voc\u00ea nos fornece tais como seu nome, endere\u00e7o e endere\u00e7o de e-mail.Quando voc\u00ea navega pela nossa loja, recebemos tamb\u00e9m automaticamente o protocolo de internet do [&hellip;]","og_url":"https:\/\/wingsltda.com.br\/en\/politica-de-privacidade\/","og_site_name":"Wings Ltda |","article_publisher":"https:\/\/www.facebook.com\/wingsltda\/","article_modified_time":"2024-02-23T02:38:08+00:00","twitter_card":"summary_large_image","twitter_misc":{"Est. reading time":"5 minutes"},"schema":{"@context":"https:\/\/schema.org","@graph":[{"@type":"WebPage","@id":"https:\/\/wingsltda.com.br\/politica-de-privacidade\/","url":"https:\/\/wingsltda.com.br\/politica-de-privacidade\/","name":"Pol\u00edtica de privacidade - Wings Ltda |","isPartOf":{"@id":"https:\/\/wingsltda.com.br\/en\/#website"},"datePublished":"2021-03-01T11:30:03+00:00","dateModified":"2024-02-23T02:38:08+00:00","breadcrumb":{"@id":"https:\/\/wingsltda.com.br\/politica-de-privacidade\/#breadcrumb"},"inLanguage":"en-US","potentialAction":[{"@type":"ReadAction","target":["https:\/\/wingsltda.com.br\/politica-de-privacidade\/"]}]},{"@type":"BreadcrumbList","@id":"https:\/\/wingsltda.com.br\/politica-de-privacidade\/#breadcrumb","itemListElement":[{"@type":"ListItem","position":1,"name":"In\u00edcio","item":"https:\/\/wingsltda.com.br\/"},{"@type":"ListItem","position":2,"name":"Pol\u00edtica de privacidade"}]},{"@type":"WebSite","@id":"https:\/\/wingsltda.com.br\/en\/#website","url":"https:\/\/wingsltda.com.br\/en\/","name":"Wings Ltda |","description":"Transformando sua opera\u00e7\u00e3o no agro.","publisher":{"@id":"https:\/\/wingsltda.com.br\/en\/#organization"},"potentialAction":[{"@type":"SearchAction","target":{"@type":"EntryPoint","urlTemplate":"https:\/\/wingsltda.com.br\/en\/?s={search_term_string}"},"query-input":{"@type":"PropertyValueSpecification","valueRequired":true,"valueName":"search_term_string"}}],"inLanguage":"en-US"},{"@type":"Organization","@id":"https:\/\/wingsltda.com.br\/en\/#organization","name":"Wings Ltda","url":"https:\/\/wingsltda.com.br\/en\/","logo":{"@type":"ImageObject","inLanguage":"en-US","@id":"https:\/\/wingsltda.com.br\/en\/#\/schema\/logo\/image\/","url":"https:\/\/wingsltda.com.br\/wp-content\/uploads\/2024\/03\/Wings-Logo-Novo-DustControl.png","contentUrl":"https:\/\/wingsltda.com.br\/wp-content\/uploads\/2024\/03\/Wings-Logo-Novo-DustControl.png","width":1090,"height":410,"caption":"Wings Ltda"},"image":{"@id":"https:\/\/wingsltda.com.br\/en\/#\/schema\/logo\/image\/"},"sameAs":["https:\/\/www.facebook.com\/wingsltda\/","https:\/\/www.linkedin.com\/company\/wingsltda\/","https:\/\/www.youtube.com\/channel\/UC2XSL5EljSgDh-pwalcPLLA"]}]}},"_links":{"self":[{"href":"https:\/\/wingsltda.com.br\/en\/wp-json\/wp\/v2\/pages\/3","targetHints":{"allow":["GET"]}}],"collection":[{"href":"https:\/\/wingsltda.com.br\/en\/wp-json\/wp\/v2\/pages"}],"about":[{"href":"https:\/\/wingsltda.com.br\/en\/wp-json\/wp\/v2\/types\/page"}],"author":[{"embeddable":true,"href":"https:\/\/wingsltda.com.br\/en\/wp-json\/wp\/v2\/users\/1"}],"replies":[{"embeddable":true,"href":"https:\/\/wingsltda.com.br\/en\/wp-json\/wp\/v2\/comments?post=3"}],"version-history":[{"count":0,"href":"https:\/\/wingsltda.com.br\/en\/wp-json\/wp\/v2\/pages\/3\/revisions"}],"wp:attachment":[{"href":"https:\/\/wingsltda.com.br\/en\/wp-json\/wp\/v2\/media?parent=3"}],"curies":[{"name":"wp","href":"https:\/\/api.w.org\/{rel}","templated":true}]}}