{"id":6602,"date":"2022-02-18T13:43:03","date_gmt":"2022-02-18T16:43:03","guid":{"rendered":"https:\/\/wingsltda.com.br\/?post_type=product&#038;p=6602"},"modified":"2025-11-18T10:23:04","modified_gmt":"2025-11-18T13:23:04","slug":"avi-beaker-laminas-modelo-bc-para-debicagem","status":"publish","type":"product","link":"https:\/\/wingsltda.com.br\/en\/product\/avi-beaker-laminas-modelo-bc-para-debicagem\/","title":{"rendered":"BC MODEL BLADES FOR DEBEKING"},"content":{"rendered":"<div id=\"text-block-3\" class=\"mk-text-block\">\n<p><strong><span style=\"vertical-align: inherit;\"><span style=\"vertical-align: inherit;\">Lamina BC para debicagem de pintinhos e aves adultas marca Wings. Valor unit\u00e1rio.\u00a0<\/span><\/span><\/strong><\/p>\n<\/div>","protected":false},"excerpt":{"rendered":"<p style=\"text-align: justify;\"><span style=\"vertical-align: inherit;\"><span style=\"vertical-align: inherit;\">The Wings Ltda is the only automatic debeaker on the market capable of debeaking both chicks and adult birds, insuring uniform debeaking and perfect cauterization in one operation. It is manufactured from stainless steel with a reinforced case and components that have been dimensioned to guarantee a minimum of maintenance and a maximum lifetime. With the automatic system, the beak is cut and cauterized in one process. Properly done, the beak should not grow back during the life of the bird.<\/span><\/span><\/p>\n<p style=\"text-align: justify;\"><span style=\"vertical-align: inherit;\"><span style=\"vertical-align: inherit;\">.<\/span><\/span><\/p>\n<p><span style=\"vertical-align: inherit;\"><span style=\"vertical-align: inherit;\">A Wings fabrica as l\u00e2minas modelo BC para debicagem, com o melhor pre\u00e7o no mercado. E, agora pode pagar no cart\u00e3o em at\u00e9 <\/span><\/span><strong><span style=\"vertical-align: inherit;\"><span style=\"vertical-align: inherit;\">12 vezes.<\/span><\/span><\/strong><\/p>","protected":false},"featured_media":24356,"comment_status":"open","ping_status":"closed","template":"","meta":{"_sitemap_exclude":false,"_sitemap_priority":"","_sitemap_frequency":"","_joinchat":[]},"product_brand":[],"product_cat":[76],"product_tag":[],"class_list":{"0":"post-6602","1":"product","2":"type-product","3":"status-publish","4":"has-post-thumbnail","6":"product_cat-avicultura","8":"first","9":"instock","10":"shipping-taxable","11":"product-type-simple"},"yoast_head":"<!-- This site is optimized with the Yoast SEO plugin v27.1.1 - https:\/\/yoast.com\/product\/yoast-seo-wordpress\/ -->\n<title>L\u00c2MINAS MODELO BC PARA DEBICAGEM - Wings Ltda |<\/title>\n<meta name=\"description\" content=\"Lamina BC para debicagem de pintinhos e aves adultas marca Avi-Beaker. Reposi\u00e7\u00e3o para todos os debicadores do mercado. N\u00e3o gera estress nos animais.\" \/>\n<meta name=\"robots\" content=\"index, follow, max-snippet:-1, max-image-preview:large, max-video-preview:-1\" \/>\n<link rel=\"canonical\" href=\"https:\/\/wingsltda.com.br\/en\/product\/avi-beaker-laminas-modelo-bc-para-debicagem\/\" \/>\n<meta property=\"og:locale\" content=\"en_US\" \/>\n<meta property=\"og:type\" content=\"article\" \/>\n<meta property=\"og:title\" content=\"L\u00c2MINAS MODELO BC PARA DEBICAGEM - Wings Ltda |\" \/>\n<meta property=\"og:description\" content=\"Lamina BC para debicagem de pintinhos e aves adultas marca Avi-Beaker. Reposi\u00e7\u00e3o para todos os debicadores do mercado. N\u00e3o gera estress nos animais.\" \/>\n<meta property=\"og:url\" content=\"https:\/\/wingsltda.com.br\/en\/product\/avi-beaker-laminas-modelo-bc-para-debicagem\/\" \/>\n<meta property=\"og:site_name\" content=\"Wings Ltda |\" \/>\n<meta property=\"article:publisher\" content=\"https:\/\/www.facebook.com\/wingsltda\/\" \/>\n<meta property=\"article:modified_time\" content=\"2025-11-18T13:23:04+00:00\" \/>\n<meta property=\"og:image\" content=\"https:\/\/wingsltda.com.br\/wp-content\/uploads\/2022\/02\/LAMINAS-MODELO-BC-PARA-DEBICAGEM-jpeg.webp\" \/>\n\t<meta property=\"og:image:width\" content=\"600\" \/>\n\t<meta property=\"og:image:height\" content=\"450\" \/>\n\t<meta property=\"og:image:type\" content=\"image\/jpeg\" \/>\n<meta name=\"twitter:card\" content=\"summary_large_image\" \/>\n<meta name=\"twitter:label1\" content=\"Est. reading time\" \/>\n\t<meta name=\"twitter:data1\" content=\"1 minute\" \/>\n<script type=\"application\/ld+json\" class=\"yoast-schema-graph\">{\"@context\":\"https:\/\/schema.org\",\"@graph\":[{\"@type\":\"WebPage\",\"@id\":\"https:\/\/wingsltda.com.br\/produto\/avi-beaker-laminas-modelo-bc-para-debicagem\/\",\"url\":\"https:\/\/wingsltda.com.br\/produto\/avi-beaker-laminas-modelo-bc-para-debicagem\/\",\"name\":\"L\u00c2MINAS MODELO BC PARA DEBICAGEM - Wings Ltda |\",\"isPartOf\":{\"@id\":\"https:\/\/wingsltda.com.br\/en\/#website\"},\"primaryImageOfPage\":{\"@id\":\"https:\/\/wingsltda.com.br\/produto\/avi-beaker-laminas-modelo-bc-para-debicagem\/#primaryimage\"},\"image\":{\"@id\":\"https:\/\/wingsltda.com.br\/produto\/avi-beaker-laminas-modelo-bc-para-debicagem\/#primaryimage\"},\"thumbnailUrl\":\"https:\/\/wingsltda.com.br\/wp-content\/uploads\/2022\/02\/LAMINAS-MODELO-BC-PARA-DEBICAGEM-jpeg.webp\",\"datePublished\":\"2022-02-18T16:43:03+00:00\",\"dateModified\":\"2025-11-18T13:23:04+00:00\",\"description\":\"Lamina BC para debicagem de pintinhos e aves adultas marca Avi-Beaker. Reposi\u00e7\u00e3o para todos os debicadores do mercado. N\u00e3o gera estress nos animais.\",\"breadcrumb\":{\"@id\":\"https:\/\/wingsltda.com.br\/produto\/avi-beaker-laminas-modelo-bc-para-debicagem\/#breadcrumb\"},\"inLanguage\":\"en-US\",\"potentialAction\":[{\"@type\":\"ReadAction\",\"target\":[\"https:\/\/wingsltda.com.br\/produto\/avi-beaker-laminas-modelo-bc-para-debicagem\/\"]}]},{\"@type\":\"ImageObject\",\"inLanguage\":\"en-US\",\"@id\":\"https:\/\/wingsltda.com.br\/produto\/avi-beaker-laminas-modelo-bc-para-debicagem\/#primaryimage\",\"url\":\"https:\/\/wingsltda.com.br\/wp-content\/uploads\/2022\/02\/LAMINAS-MODELO-BC-PARA-DEBICAGEM-jpeg.webp\",\"contentUrl\":\"https:\/\/wingsltda.com.br\/wp-content\/uploads\/2022\/02\/LAMINAS-MODELO-BC-PARA-DEBICAGEM-jpeg.webp\",\"width\":600,\"height\":450},{\"@type\":\"BreadcrumbList\",\"@id\":\"https:\/\/wingsltda.com.br\/produto\/avi-beaker-laminas-modelo-bc-para-debicagem\/#breadcrumb\",\"itemListElement\":[{\"@type\":\"ListItem\",\"position\":1,\"name\":\"In\u00edcio\",\"item\":\"https:\/\/wingsltda.com.br\/\"},{\"@type\":\"ListItem\",\"position\":2,\"name\":\"Nossas solu\u00e7\u00f5es\",\"item\":\"https:\/\/wingsltda.com.br\/nossas-solucoes\/\"},{\"@type\":\"ListItem\",\"position\":3,\"name\":\"L\u00c2MINAS MODELO BC PARA DEBICAGEM\"}]},{\"@type\":\"WebSite\",\"@id\":\"https:\/\/wingsltda.com.br\/en\/#website\",\"url\":\"https:\/\/wingsltda.com.br\/en\/\",\"name\":\"Wings Ltda |\",\"description\":\"Transformando sua opera\u00e7\u00e3o no agro.\",\"publisher\":{\"@id\":\"https:\/\/wingsltda.com.br\/en\/#organization\"},\"potentialAction\":[{\"@type\":\"SearchAction\",\"target\":{\"@type\":\"EntryPoint\",\"urlTemplate\":\"https:\/\/wingsltda.com.br\/en\/?s={search_term_string}\"},\"query-input\":{\"@type\":\"PropertyValueSpecification\",\"valueRequired\":true,\"valueName\":\"search_term_string\"}}],\"inLanguage\":\"en-US\"},{\"@type\":\"Organization\",\"@id\":\"https:\/\/wingsltda.com.br\/en\/#organization\",\"name\":\"Wings Ltda\",\"url\":\"https:\/\/wingsltda.com.br\/en\/\",\"logo\":{\"@type\":\"ImageObject\",\"inLanguage\":\"en-US\",\"@id\":\"https:\/\/wingsltda.com.br\/en\/#\/schema\/logo\/image\/\",\"url\":\"https:\/\/wingsltda.com.br\/wp-content\/uploads\/2024\/03\/Wings-Logo-Novo-DustControl.png\",\"contentUrl\":\"https:\/\/wingsltda.com.br\/wp-content\/uploads\/2024\/03\/Wings-Logo-Novo-DustControl.png\",\"width\":1090,\"height\":410,\"caption\":\"Wings Ltda\"},\"image\":{\"@id\":\"https:\/\/wingsltda.com.br\/en\/#\/schema\/logo\/image\/\"},\"sameAs\":[\"https:\/\/www.facebook.com\/wingsltda\/\",\"https:\/\/www.linkedin.com\/company\/wingsltda\/\",\"https:\/\/www.youtube.com\/channel\/UC2XSL5EljSgDh-pwalcPLLA\"]}]}<\/script>\n<!-- \/ Yoast SEO plugin. -->","yoast_head_json":{"title":"L\u00c2MINAS MODELO BC PARA DEBICAGEM - Wings Ltda |","description":"Lamina BC para debicagem de pintinhos e aves adultas marca Avi-Beaker. Reposi\u00e7\u00e3o para todos os debicadores do mercado. N\u00e3o gera estress nos animais.","robots":{"index":"index","follow":"follow","max-snippet":"max-snippet:-1","max-image-preview":"max-image-preview:large","max-video-preview":"max-video-preview:-1"},"canonical":"https:\/\/wingsltda.com.br\/en\/product\/avi-beaker-laminas-modelo-bc-para-debicagem\/","og_locale":"en_US","og_type":"article","og_title":"L\u00c2MINAS MODELO BC PARA DEBICAGEM - Wings Ltda |","og_description":"Lamina BC para debicagem de pintinhos e aves adultas marca Avi-Beaker. Reposi\u00e7\u00e3o para todos os debicadores do mercado. N\u00e3o gera estress nos animais.","og_url":"https:\/\/wingsltda.com.br\/en\/product\/avi-beaker-laminas-modelo-bc-para-debicagem\/","og_site_name":"Wings Ltda |","article_publisher":"https:\/\/www.facebook.com\/wingsltda\/","article_modified_time":"2025-11-18T13:23:04+00:00","og_image":[{"width":600,"height":450,"url":"https:\/\/wingsltda.com.br\/wp-content\/uploads\/2022\/02\/LAMINAS-MODELO-BC-PARA-DEBICAGEM-jpeg.webp","type":"image\/jpeg"}],"twitter_card":"summary_large_image","twitter_misc":{"Est. reading time":"1 minute"},"schema":{"@context":"https:\/\/schema.org","@graph":[{"@type":"WebPage","@id":"https:\/\/wingsltda.com.br\/produto\/avi-beaker-laminas-modelo-bc-para-debicagem\/","url":"https:\/\/wingsltda.com.br\/produto\/avi-beaker-laminas-modelo-bc-para-debicagem\/","name":"L\u00c2MINAS MODELO BC PARA DEBICAGEM - Wings Ltda |","isPartOf":{"@id":"https:\/\/wingsltda.com.br\/en\/#website"},"primaryImageOfPage":{"@id":"https:\/\/wingsltda.com.br\/produto\/avi-beaker-laminas-modelo-bc-para-debicagem\/#primaryimage"},"image":{"@id":"https:\/\/wingsltda.com.br\/produto\/avi-beaker-laminas-modelo-bc-para-debicagem\/#primaryimage"},"thumbnailUrl":"https:\/\/wingsltda.com.br\/wp-content\/uploads\/2022\/02\/LAMINAS-MODELO-BC-PARA-DEBICAGEM-jpeg.webp","datePublished":"2022-02-18T16:43:03+00:00","dateModified":"2025-11-18T13:23:04+00:00","description":"Lamina BC para debicagem de pintinhos e aves adultas marca Avi-Beaker. Reposi\u00e7\u00e3o para todos os debicadores do mercado. N\u00e3o gera estress nos animais.","breadcrumb":{"@id":"https:\/\/wingsltda.com.br\/produto\/avi-beaker-laminas-modelo-bc-para-debicagem\/#breadcrumb"},"inLanguage":"en-US","potentialAction":[{"@type":"ReadAction","target":["https:\/\/wingsltda.com.br\/produto\/avi-beaker-laminas-modelo-bc-para-debicagem\/"]}]},{"@type":"ImageObject","inLanguage":"en-US","@id":"https:\/\/wingsltda.com.br\/produto\/avi-beaker-laminas-modelo-bc-para-debicagem\/#primaryimage","url":"https:\/\/wingsltda.com.br\/wp-content\/uploads\/2022\/02\/LAMINAS-MODELO-BC-PARA-DEBICAGEM-jpeg.webp","contentUrl":"https:\/\/wingsltda.com.br\/wp-content\/uploads\/2022\/02\/LAMINAS-MODELO-BC-PARA-DEBICAGEM-jpeg.webp","width":600,"height":450},{"@type":"BreadcrumbList","@id":"https:\/\/wingsltda.com.br\/produto\/avi-beaker-laminas-modelo-bc-para-debicagem\/#breadcrumb","itemListElement":[{"@type":"ListItem","position":1,"name":"In\u00edcio","item":"https:\/\/wingsltda.com.br\/"},{"@type":"ListItem","position":2,"name":"Nossas solu\u00e7\u00f5es","item":"https:\/\/wingsltda.com.br\/nossas-solucoes\/"},{"@type":"ListItem","position":3,"name":"L\u00c2MINAS MODELO BC PARA DEBICAGEM"}]},{"@type":"WebSite","@id":"https:\/\/wingsltda.com.br\/en\/#website","url":"https:\/\/wingsltda.com.br\/en\/","name":"Wings Ltda |","description":"Transformando sua opera\u00e7\u00e3o no agro.","publisher":{"@id":"https:\/\/wingsltda.com.br\/en\/#organization"},"potentialAction":[{"@type":"SearchAction","target":{"@type":"EntryPoint","urlTemplate":"https:\/\/wingsltda.com.br\/en\/?s={search_term_string}"},"query-input":{"@type":"PropertyValueSpecification","valueRequired":true,"valueName":"search_term_string"}}],"inLanguage":"en-US"},{"@type":"Organization","@id":"https:\/\/wingsltda.com.br\/en\/#organization","name":"Wings Ltda","url":"https:\/\/wingsltda.com.br\/en\/","logo":{"@type":"ImageObject","inLanguage":"en-US","@id":"https:\/\/wingsltda.com.br\/en\/#\/schema\/logo\/image\/","url":"https:\/\/wingsltda.com.br\/wp-content\/uploads\/2024\/03\/Wings-Logo-Novo-DustControl.png","contentUrl":"https:\/\/wingsltda.com.br\/wp-content\/uploads\/2024\/03\/Wings-Logo-Novo-DustControl.png","width":1090,"height":410,"caption":"Wings Ltda"},"image":{"@id":"https:\/\/wingsltda.com.br\/en\/#\/schema\/logo\/image\/"},"sameAs":["https:\/\/www.facebook.com\/wingsltda\/","https:\/\/www.linkedin.com\/company\/wingsltda\/","https:\/\/www.youtube.com\/channel\/UC2XSL5EljSgDh-pwalcPLLA"]}]}},"_links":{"self":[{"href":"https:\/\/wingsltda.com.br\/en\/wp-json\/wp\/v2\/product\/6602","targetHints":{"allow":["GET"]}}],"collection":[{"href":"https:\/\/wingsltda.com.br\/en\/wp-json\/wp\/v2\/product"}],"about":[{"href":"https:\/\/wingsltda.com.br\/en\/wp-json\/wp\/v2\/types\/product"}],"replies":[{"embeddable":true,"href":"https:\/\/wingsltda.com.br\/en\/wp-json\/wp\/v2\/comments?post=6602"}],"wp:featuredmedia":[{"embeddable":true,"href":"https:\/\/wingsltda.com.br\/en\/wp-json\/wp\/v2\/media\/24356"}],"wp:attachment":[{"href":"https:\/\/wingsltda.com.br\/en\/wp-json\/wp\/v2\/media?parent=6602"}],"wp:term":[{"taxonomy":"product_brand","embeddable":true,"href":"https:\/\/wingsltda.com.br\/en\/wp-json\/wp\/v2\/product_brand?post=6602"},{"taxonomy":"product_cat","embeddable":true,"href":"https:\/\/wingsltda.com.br\/en\/wp-json\/wp\/v2\/product_cat?post=6602"},{"taxonomy":"product_tag","embeddable":true,"href":"https:\/\/wingsltda.com.br\/en\/wp-json\/wp\/v2\/product_tag?post=6602"}],"curies":[{"name":"wp","href":"https:\/\/api.w.org\/{rel}","templated":true}]}}