{"id":23262,"date":"2024-01-28T17:37:22","date_gmt":"2024-01-28T20:37:22","guid":{"rendered":"https:\/\/wingsltda.com.br\/?page_id=23262"},"modified":"2025-02-25T21:19:06","modified_gmt":"2025-02-26T00:19:06","slug":"sistema-de-limpeza-do-dustcontrol-wings","status":"publish","type":"page","link":"https:\/\/wingsltda.com.br\/es\/sistema-de-limpeza-do-dustcontrol-wings\/","title":{"rendered":"Sistema de Limpeza do DustControl Wings"},"content":{"rendered":"<div data-elementor-type=\"wp-page\" data-elementor-id=\"23262\" class=\"elementor elementor-23262\">\n\t\t\t\t<div class=\"elementor-element elementor-element-41e63ce4 e-flex e-con-boxed e-con e-parent\" data-id=\"41e63ce4\" data-element_type=\"container\">\n\t\t\t\t\t<div class=\"e-con-inner\">\n\t\t\t\t<div class=\"elementor-element elementor-element-7e0a3734 elementor-widget elementor-widget-text-editor\" data-id=\"7e0a3734\" data-element_type=\"widget\" data-widget_type=\"text-editor.default\">\n\t\t\t\t<div class=\"elementor-widget-container\">\n\t\t\t\t\t\t\t<!-- wp:html -->\n<p style=\"text-align: justify;\">El sistema de limpieza neum\u00e1tica DustControl evita la mezcla de distintos tipos de granos. Para controlar el polvo en las tolvas, el sistema mec\u00e1nico DustControl utiliza m\u00f3dulos met\u00e1licos con conductos sellados. Al descargarse el grano sobre la rejilla de la tolva, cae en los conductos y fuerza la apertura de las tapas, controladas por contrapesos. Al finalizar la descarga, las tapas se cierran con el grano a\u00fan atrapado en los conductos.<br \/>Na troca de produtos, quando \u00e9 necess\u00e1rio que as bicas estejam totalmente sem o produto antigo, o oper\u00e1rio pode usar um bast\u00e3o de vassoura para abrir manualmente as tampas e limpar as bicas.<br \/>En los casos en que sea necesaria una limpieza r\u00e1pida de los surtidores despu\u00e9s de cada descarga para evitar la mezcla de productos, Wings ofrece un sistema de limpieza neum\u00e1tico. Se coloca una caja de control en un punto cercano al trabajador con l\u00edneas de aire conectadas a los cilindros de aire en cada m\u00f3dulo. Las barras de actuaci\u00f3n en los surtidores abren y cierran las cubiertas una vez que el operador presiona el bot\u00f3n de la caja de control. Para este sistema de limpieza es necesario que el cliente disponga de un peque\u00f1o compresor de aire.<br \/><em>Para este sistema de limpieza, el cliente necesita disponer de un compresor de aire.<\/em><\/p>\n<!-- \/wp:html --><!-- wp:columns -->\n<div class=\"wp-block-columns\"><!-- wp:column -->\n<div class=\"wp-block-column\"><!-- wp:html -->\n<p style=\"text-align: justify;\">Al final de la descarga, cuando la cantidad de producto no es suficiente para mantener abiertas las tapas de las salidas de los m\u00f3dulos, esta peque\u00f1a cantidad de grano queda atrapada en los m\u00f3dulos.<\/p>\n<!-- \/wp:html --><\/div>\n<!-- \/wp:column --><!-- wp:column -->\n<div class=\"wp-block-column\"><!-- wp:image {\"id\":24352,\"sizeSlug\":\"full\",\"linkDestination\":\"none\"} -->\n<figure class=\"wp-block-image size-full\"><img fetchpriority=\"high\" decoding=\"async\" width=\"1132\" height=\"634\" class=\"wp-image-24352\" src=\"https:\/\/wingsltda.com.br\/wp-content\/uploads\/2024\/03\/sistema-de-limpeza-pneumatico-para-limpeza-de-moega.png\" alt=\"\" srcset=\"https:\/\/wingsltda.com.br\/wp-content\/uploads\/2024\/03\/sistema-de-limpeza-pneumatico-para-limpeza-de-moega.png 1132w, https:\/\/wingsltda.com.br\/wp-content\/uploads\/2024\/03\/sistema-de-limpeza-pneumatico-para-limpeza-de-moega-714x400.png 714w, https:\/\/wingsltda.com.br\/wp-content\/uploads\/2024\/03\/sistema-de-limpeza-pneumatico-para-limpeza-de-moega-150x84.png 150w, https:\/\/wingsltda.com.br\/wp-content\/uploads\/2024\/03\/sistema-de-limpeza-pneumatico-para-limpeza-de-moega-768x430.png 768w, https:\/\/wingsltda.com.br\/wp-content\/uploads\/2024\/03\/sistema-de-limpeza-pneumatico-para-limpeza-de-moega-18x10.png 18w, https:\/\/wingsltda.com.br\/wp-content\/uploads\/2024\/03\/sistema-de-limpeza-pneumatico-para-limpeza-de-moega-510x286.png 510w\" sizes=\"(max-width: 1132px) 100vw, 1132px\" \/><\/figure>\n<!-- \/wp:image --><\/div>\n<!-- \/wp:column --><\/div>\n<!-- \/wp:columns --><!-- wp:columns -->\n<div class=\"wp-block-columns\"><!-- wp:column -->\n<div class=\"wp-block-column\"><!-- wp:image {\"id\":24354,\"sizeSlug\":\"full\",\"linkDestination\":\"none\"} -->\n<figure class=\"wp-block-image size-full\"><img decoding=\"async\" width=\"1122\" height=\"648\" class=\"wp-image-24354\" src=\"https:\/\/wingsltda.com.br\/wp-content\/uploads\/2024\/03\/sistema-de-limpeza-pneumatico1.png\" alt=\"\" srcset=\"https:\/\/wingsltda.com.br\/wp-content\/uploads\/2024\/03\/sistema-de-limpeza-pneumatico1.png 1122w, https:\/\/wingsltda.com.br\/wp-content\/uploads\/2024\/03\/sistema-de-limpeza-pneumatico1-693x400.png 693w, https:\/\/wingsltda.com.br\/wp-content\/uploads\/2024\/03\/sistema-de-limpeza-pneumatico1-150x87.png 150w, https:\/\/wingsltda.com.br\/wp-content\/uploads\/2024\/03\/sistema-de-limpeza-pneumatico1-768x444.png 768w, https:\/\/wingsltda.com.br\/wp-content\/uploads\/2024\/03\/sistema-de-limpeza-pneumatico1-18x10.png 18w, https:\/\/wingsltda.com.br\/wp-content\/uploads\/2024\/03\/sistema-de-limpeza-pneumatico1-510x295.png 510w\" sizes=\"(max-width: 1122px) 100vw, 1122px\" \/><\/figure>\n<!-- \/wp:image --><\/div>\n<!-- \/wp:column --><!-- wp:column -->\n<div class=\"wp-block-column\"><!-- wp:html -->\n<p style=\"text-align: justify;\">Cuando se activa el control neum\u00e1tico del sistema de limpieza, los cilindros abren las tapas para vaciar los m\u00f3dulos. El sistema de limpieza es ideal para tolvas que reciben diferentes tipos de productos que no deben mezclarse.<\/p>\n<!-- \/wp:html --><\/div>\n<!-- \/wp:column --><\/div>\n<!-- \/wp:columns --><!-- wp:html -->\n<p style=\"text-align: justify;\">Cont\u00e1ctenos hoy para saber c\u00f3mo podemos personalizar DustControl Mec\u00e1nico o Plus para satisfacer sus necesidades espec\u00edficas. Su salud, la comunidad y el medio ambiente se lo agradecer\u00e1n.<\/p>\n<!-- \/wp:html --><!-- wp:paragraph -->\n<p>Vea nuestro sistema en acci\u00f3n en las instalaciones de nuestros clientes.<\/p>\n<!-- \/wp:paragraph --><!-- wp:paragraph -->\n<h2>Productos relacionados<\/h2>\n<!-- \/wp:paragraph --><!-- wp:columns -->\n<div class=\"wp-block-columns\"><!-- wp:column -->\n<div class=\"wp-block-column\"><!-- wp:image {\"id\":24067,\"sizeSlug\":\"full\",\"linkDestination\":\"none\"} -->\n<figure class=\"wp-block-image size-full\"><a href=\"https:\/\/wingsltda.com.br\/es\/dustcontrol-plus-moega-tombador-despoeiramento-filtro-de-manga\/\"><img decoding=\"async\" width=\"300\" height=\"226\" class=\"wp-image-24067\" src=\"https:\/\/wingsltda.com.br\/wp-content\/uploads\/2024\/03\/filtro-para-controle-de-poeira-em-uma-moega-com-tombador-jpg.webp\" alt=\"\" srcset=\"https:\/\/wingsltda.com.br\/wp-content\/uploads\/2024\/03\/filtro-para-controle-de-poeira-em-uma-moega-com-tombador-jpg.webp 300w, https:\/\/wingsltda.com.br\/wp-content\/uploads\/2024\/03\/filtro-para-controle-de-poeira-em-uma-moega-com-tombador-150x113.webp 150w, https:\/\/wingsltda.com.br\/wp-content\/uploads\/2024\/03\/filtro-para-controle-de-poeira-em-uma-moega-com-tombador-16x12.webp 16w\" sizes=\"(max-width: 300px) 100vw, 300px\" \/><\/a>\n<figcaption class=\"wp-element-caption\">DustControl Plus<\/figcaption>\n<\/figure>\n<!-- \/wp:image --><\/div>\n<!-- \/wp:column --><!-- wp:column -->\n<div class=\"wp-block-column\"><!-- wp:image {\"id\":24280,\"width\":\"304px\",\"height\":\"auto\",\"sizeSlug\":\"full\",\"linkDestination\":\"none\"} -->\n<figure class=\"wp-block-image size-full is-resized\"><a href=\"https:\/\/wingsltda.com.br\/es\/como-e-porque-se-deve-fazer-o-despoeiramento-em-sua-moega\/\"><img loading=\"lazy\" decoding=\"async\" width=\"1067\" height=\"800\" class=\"wp-image-24280\" style=\"width: 304px; height: auto;\" src=\"https:\/\/wingsltda.com.br\/wp-content\/uploads\/2024\/03\/Coamo-Pitanga-1-1067x800-1-jpg.webp\" alt=\"\" srcset=\"https:\/\/wingsltda.com.br\/wp-content\/uploads\/2024\/03\/Coamo-Pitanga-1-1067x800-1-jpg.webp 1067w, https:\/\/wingsltda.com.br\/wp-content\/uploads\/2024\/03\/Coamo-Pitanga-1-1067x800-1-534x400.webp 534w, https:\/\/wingsltda.com.br\/wp-content\/uploads\/2024\/03\/Coamo-Pitanga-1-1067x800-1-150x112.webp 150w, https:\/\/wingsltda.com.br\/wp-content\/uploads\/2024\/03\/Coamo-Pitanga-1-1067x800-1-768x576.webp 768w, https:\/\/wingsltda.com.br\/wp-content\/uploads\/2024\/03\/Coamo-Pitanga-1-1067x800-1-16x12.webp 16w, https:\/\/wingsltda.com.br\/wp-content\/uploads\/2024\/03\/Coamo-Pitanga-1-1067x800-1-510x382.webp 510w\" sizes=\"(max-width: 1067px) 100vw, 1067px\" \/><\/a>\n<figcaption class=\"wp-element-caption\">DustControl Mec\u00e1nico<\/figcaption>\n<\/figure>\n<!-- \/wp:image --><\/div>\n<!-- \/wp:column --><!-- wp:column -->\n<div class=\"wp-block-column\">\u00a0<\/div>\n<!-- \/wp:column --><\/div>\n<!-- \/wp:columns -->\t\t\t\t\t\t<\/div>\n\t\t\t\t<\/div>\n\t\t\t\t\t<\/div>\n\t\t\t\t<\/div>\n\t\t<div class=\"elementor-element elementor-element-52314d6 e-flex e-con-boxed e-con e-parent\" data-id=\"52314d6\" data-element_type=\"container\">\n\t\t\t\t\t<div class=\"e-con-inner\">\n\t\t<div class=\"elementor-element elementor-element-5a1a0e9 e-con-full e-flex e-con e-child\" data-id=\"5a1a0e9\" data-element_type=\"container\">\n\t\t\t\t<\/div>\n\t\t\t\t\t<\/div>\n\t\t\t\t<\/div>\n\t\t\t\t<\/div>","protected":false},"excerpt":{"rendered":"<p>O Sistema de Limpeza Pneum\u00e1tico do DustControl evita a mistura de tipos diferentes de gr\u00e3os. Para controlar a poeira nas moegas, o sistema DustControl Mec\u00e2nico utiliza m\u00f3dulos met\u00e1licos com bicas tampadas. Quando um produto em gr\u00e3os \u00e9 descarregado sobre a grade da moega, ele cai nas bicas e for\u00e7a a abertura das tampas, que s\u00e3o [&hellip;]<\/p>\n","protected":false},"author":1,"featured_media":24352,"parent":0,"menu_order":0,"comment_status":"closed","ping_status":"closed","template":"","meta":{"_sitemap_exclude":false,"_sitemap_priority":"","_sitemap_frequency":"","_joinchat":[],"footnotes":""},"class_list":["post-23262","page","type-page","status-publish","has-post-thumbnail","hentry"],"yoast_head":"<!-- This site is optimized with the Yoast SEO plugin v27.1.1 - https:\/\/yoast.com\/product\/yoast-seo-wordpress\/ -->\n<title>Sistema de Limpeza do DustControl Wings - Wings Ltda |<\/title>\n<meta name=\"description\" content=\"Protege seus funcion\u00e1rios e o meio ambiente. Sistema autom\u00e1tico para controlar poeira em moegas de recebimento.\" \/>\n<meta name=\"robots\" content=\"index, follow, max-snippet:-1, max-image-preview:large, max-video-preview:-1\" \/>\n<link rel=\"canonical\" href=\"https:\/\/wingsltda.com.br\/es\/sistema-de-limpeza-do-dustcontrol-wings\/\" \/>\n<meta property=\"og:locale\" content=\"es_ES\" \/>\n<meta property=\"og:type\" content=\"article\" \/>\n<meta property=\"og:title\" content=\"Sistema de Limpeza do DustControl Wings - Wings Ltda |\" \/>\n<meta property=\"og:description\" content=\"Protege seus funcion\u00e1rios e o meio ambiente. Sistema autom\u00e1tico para controlar poeira em moegas de recebimento.\" \/>\n<meta property=\"og:url\" content=\"https:\/\/wingsltda.com.br\/es\/sistema-de-limpeza-do-dustcontrol-wings\/\" \/>\n<meta property=\"og:site_name\" content=\"Wings Ltda |\" \/>\n<meta property=\"article:publisher\" content=\"https:\/\/www.facebook.com\/wingsltda\/\" \/>\n<meta property=\"article:modified_time\" content=\"2025-02-26T00:19:06+00:00\" \/>\n<meta property=\"og:image\" content=\"https:\/\/wingsltda.com.br\/wp-content\/uploads\/2024\/03\/sistema-de-limpeza-pneumatico-para-limpeza-de-moega.png\" \/>\n\t<meta property=\"og:image:width\" content=\"1132\" \/>\n\t<meta property=\"og:image:height\" content=\"634\" \/>\n\t<meta property=\"og:image:type\" content=\"image\/png\" \/>\n<meta name=\"twitter:card\" content=\"summary_large_image\" \/>\n<meta name=\"twitter:label1\" content=\"Tiempo de lectura\" \/>\n\t<meta name=\"twitter:data1\" content=\"1 minuto\" \/>\n<script type=\"application\/ld+json\" class=\"yoast-schema-graph\">{\"@context\":\"https:\/\/schema.org\",\"@graph\":[{\"@type\":\"WebPage\",\"@id\":\"https:\/\/wingsltda.com.br\/pt\/sistema-de-limpeza-do-dustcontrol-wings\/\",\"url\":\"https:\/\/wingsltda.com.br\/pt\/sistema-de-limpeza-do-dustcontrol-wings\/\",\"name\":\"Sistema de Limpeza do DustControl Wings - Wings Ltda |\",\"isPartOf\":{\"@id\":\"https:\/\/wingsltda.com.br\/en\/#website\"},\"primaryImageOfPage\":{\"@id\":\"https:\/\/wingsltda.com.br\/pt\/sistema-de-limpeza-do-dustcontrol-wings\/#primaryimage\"},\"image\":{\"@id\":\"https:\/\/wingsltda.com.br\/pt\/sistema-de-limpeza-do-dustcontrol-wings\/#primaryimage\"},\"thumbnailUrl\":\"https:\/\/wingsltda.com.br\/wp-content\/uploads\/2024\/03\/sistema-de-limpeza-pneumatico-para-limpeza-de-moega.png\",\"datePublished\":\"2024-01-28T20:37:22+00:00\",\"dateModified\":\"2025-02-26T00:19:06+00:00\",\"description\":\"Protege seus funcion\u00e1rios e o meio ambiente. Sistema autom\u00e1tico para controlar poeira em moegas de recebimento.\",\"breadcrumb\":{\"@id\":\"https:\/\/wingsltda.com.br\/pt\/sistema-de-limpeza-do-dustcontrol-wings\/#breadcrumb\"},\"inLanguage\":\"es\",\"potentialAction\":[{\"@type\":\"ReadAction\",\"target\":[\"https:\/\/wingsltda.com.br\/pt\/sistema-de-limpeza-do-dustcontrol-wings\/\"]}]},{\"@type\":\"ImageObject\",\"inLanguage\":\"es\",\"@id\":\"https:\/\/wingsltda.com.br\/pt\/sistema-de-limpeza-do-dustcontrol-wings\/#primaryimage\",\"url\":\"https:\/\/wingsltda.com.br\/wp-content\/uploads\/2024\/03\/sistema-de-limpeza-pneumatico-para-limpeza-de-moega.png\",\"contentUrl\":\"https:\/\/wingsltda.com.br\/wp-content\/uploads\/2024\/03\/sistema-de-limpeza-pneumatico-para-limpeza-de-moega.png\",\"width\":1132,\"height\":634},{\"@type\":\"BreadcrumbList\",\"@id\":\"https:\/\/wingsltda.com.br\/pt\/sistema-de-limpeza-do-dustcontrol-wings\/#breadcrumb\",\"itemListElement\":[{\"@type\":\"ListItem\",\"position\":1,\"name\":\"In\u00edcio\",\"item\":\"https:\/\/wingsltda.com.br\/\"},{\"@type\":\"ListItem\",\"position\":2,\"name\":\"Sistema de Limpeza do DustControl Wings\"}]},{\"@type\":\"WebSite\",\"@id\":\"https:\/\/wingsltda.com.br\/en\/#website\",\"url\":\"https:\/\/wingsltda.com.br\/en\/\",\"name\":\"Wings Ltda |\",\"description\":\"Transformando sua opera\u00e7\u00e3o no agro.\",\"publisher\":{\"@id\":\"https:\/\/wingsltda.com.br\/en\/#organization\"},\"potentialAction\":[{\"@type\":\"SearchAction\",\"target\":{\"@type\":\"EntryPoint\",\"urlTemplate\":\"https:\/\/wingsltda.com.br\/en\/?s={search_term_string}\"},\"query-input\":{\"@type\":\"PropertyValueSpecification\",\"valueRequired\":true,\"valueName\":\"search_term_string\"}}],\"inLanguage\":\"es\"},{\"@type\":\"Organization\",\"@id\":\"https:\/\/wingsltda.com.br\/en\/#organization\",\"name\":\"Wings Ltda\",\"url\":\"https:\/\/wingsltda.com.br\/en\/\",\"logo\":{\"@type\":\"ImageObject\",\"inLanguage\":\"es\",\"@id\":\"https:\/\/wingsltda.com.br\/en\/#\/schema\/logo\/image\/\",\"url\":\"https:\/\/wingsltda.com.br\/wp-content\/uploads\/2024\/03\/Wings-Logo-Novo-DustControl.png\",\"contentUrl\":\"https:\/\/wingsltda.com.br\/wp-content\/uploads\/2024\/03\/Wings-Logo-Novo-DustControl.png\",\"width\":1090,\"height\":410,\"caption\":\"Wings Ltda\"},\"image\":{\"@id\":\"https:\/\/wingsltda.com.br\/en\/#\/schema\/logo\/image\/\"},\"sameAs\":[\"https:\/\/www.facebook.com\/wingsltda\/\",\"https:\/\/www.linkedin.com\/company\/wingsltda\/\",\"https:\/\/www.youtube.com\/channel\/UC2XSL5EljSgDh-pwalcPLLA\"]}]}<\/script>\n<!-- \/ Yoast SEO plugin. -->","yoast_head_json":{"title":"Sistema de Limpeza do DustControl Wings - Wings Ltda |","description":"Protege seus funcion\u00e1rios e o meio ambiente. Sistema autom\u00e1tico para controlar poeira em moegas de recebimento.","robots":{"index":"index","follow":"follow","max-snippet":"max-snippet:-1","max-image-preview":"max-image-preview:large","max-video-preview":"max-video-preview:-1"},"canonical":"https:\/\/wingsltda.com.br\/es\/sistema-de-limpeza-do-dustcontrol-wings\/","og_locale":"es_ES","og_type":"article","og_title":"Sistema de Limpeza do DustControl Wings - Wings Ltda |","og_description":"Protege seus funcion\u00e1rios e o meio ambiente. Sistema autom\u00e1tico para controlar poeira em moegas de recebimento.","og_url":"https:\/\/wingsltda.com.br\/es\/sistema-de-limpeza-do-dustcontrol-wings\/","og_site_name":"Wings Ltda |","article_publisher":"https:\/\/www.facebook.com\/wingsltda\/","article_modified_time":"2025-02-26T00:19:06+00:00","og_image":[{"width":1132,"height":634,"url":"https:\/\/wingsltda.com.br\/wp-content\/uploads\/2024\/03\/sistema-de-limpeza-pneumatico-para-limpeza-de-moega.png","type":"image\/png"}],"twitter_card":"summary_large_image","twitter_misc":{"Tiempo de lectura":"1 minuto"},"schema":{"@context":"https:\/\/schema.org","@graph":[{"@type":"WebPage","@id":"https:\/\/wingsltda.com.br\/pt\/sistema-de-limpeza-do-dustcontrol-wings\/","url":"https:\/\/wingsltda.com.br\/pt\/sistema-de-limpeza-do-dustcontrol-wings\/","name":"Sistema de Limpeza do DustControl Wings - Wings Ltda |","isPartOf":{"@id":"https:\/\/wingsltda.com.br\/en\/#website"},"primaryImageOfPage":{"@id":"https:\/\/wingsltda.com.br\/pt\/sistema-de-limpeza-do-dustcontrol-wings\/#primaryimage"},"image":{"@id":"https:\/\/wingsltda.com.br\/pt\/sistema-de-limpeza-do-dustcontrol-wings\/#primaryimage"},"thumbnailUrl":"https:\/\/wingsltda.com.br\/wp-content\/uploads\/2024\/03\/sistema-de-limpeza-pneumatico-para-limpeza-de-moega.png","datePublished":"2024-01-28T20:37:22+00:00","dateModified":"2025-02-26T00:19:06+00:00","description":"Protege seus funcion\u00e1rios e o meio ambiente. Sistema autom\u00e1tico para controlar poeira em moegas de recebimento.","breadcrumb":{"@id":"https:\/\/wingsltda.com.br\/pt\/sistema-de-limpeza-do-dustcontrol-wings\/#breadcrumb"},"inLanguage":"es","potentialAction":[{"@type":"ReadAction","target":["https:\/\/wingsltda.com.br\/pt\/sistema-de-limpeza-do-dustcontrol-wings\/"]}]},{"@type":"ImageObject","inLanguage":"es","@id":"https:\/\/wingsltda.com.br\/pt\/sistema-de-limpeza-do-dustcontrol-wings\/#primaryimage","url":"https:\/\/wingsltda.com.br\/wp-content\/uploads\/2024\/03\/sistema-de-limpeza-pneumatico-para-limpeza-de-moega.png","contentUrl":"https:\/\/wingsltda.com.br\/wp-content\/uploads\/2024\/03\/sistema-de-limpeza-pneumatico-para-limpeza-de-moega.png","width":1132,"height":634},{"@type":"BreadcrumbList","@id":"https:\/\/wingsltda.com.br\/pt\/sistema-de-limpeza-do-dustcontrol-wings\/#breadcrumb","itemListElement":[{"@type":"ListItem","position":1,"name":"In\u00edcio","item":"https:\/\/wingsltda.com.br\/"},{"@type":"ListItem","position":2,"name":"Sistema de Limpeza do DustControl Wings"}]},{"@type":"WebSite","@id":"https:\/\/wingsltda.com.br\/en\/#website","url":"https:\/\/wingsltda.com.br\/en\/","name":"Wings Ltda |","description":"Transformando sua opera\u00e7\u00e3o no agro.","publisher":{"@id":"https:\/\/wingsltda.com.br\/en\/#organization"},"potentialAction":[{"@type":"SearchAction","target":{"@type":"EntryPoint","urlTemplate":"https:\/\/wingsltda.com.br\/en\/?s={search_term_string}"},"query-input":{"@type":"PropertyValueSpecification","valueRequired":true,"valueName":"search_term_string"}}],"inLanguage":"es"},{"@type":"Organization","@id":"https:\/\/wingsltda.com.br\/en\/#organization","name":"Wings Ltda","url":"https:\/\/wingsltda.com.br\/en\/","logo":{"@type":"ImageObject","inLanguage":"es","@id":"https:\/\/wingsltda.com.br\/en\/#\/schema\/logo\/image\/","url":"https:\/\/wingsltda.com.br\/wp-content\/uploads\/2024\/03\/Wings-Logo-Novo-DustControl.png","contentUrl":"https:\/\/wingsltda.com.br\/wp-content\/uploads\/2024\/03\/Wings-Logo-Novo-DustControl.png","width":1090,"height":410,"caption":"Wings Ltda"},"image":{"@id":"https:\/\/wingsltda.com.br\/en\/#\/schema\/logo\/image\/"},"sameAs":["https:\/\/www.facebook.com\/wingsltda\/","https:\/\/www.linkedin.com\/company\/wingsltda\/","https:\/\/www.youtube.com\/channel\/UC2XSL5EljSgDh-pwalcPLLA"]}]}},"_links":{"self":[{"href":"https:\/\/wingsltda.com.br\/es\/wp-json\/wp\/v2\/pages\/23262","targetHints":{"allow":["GET"]}}],"collection":[{"href":"https:\/\/wingsltda.com.br\/es\/wp-json\/wp\/v2\/pages"}],"about":[{"href":"https:\/\/wingsltda.com.br\/es\/wp-json\/wp\/v2\/types\/page"}],"author":[{"embeddable":true,"href":"https:\/\/wingsltda.com.br\/es\/wp-json\/wp\/v2\/users\/1"}],"replies":[{"embeddable":true,"href":"https:\/\/wingsltda.com.br\/es\/wp-json\/wp\/v2\/comments?post=23262"}],"version-history":[{"count":3,"href":"https:\/\/wingsltda.com.br\/es\/wp-json\/wp\/v2\/pages\/23262\/revisions"}],"predecessor-version":[{"id":26365,"href":"https:\/\/wingsltda.com.br\/es\/wp-json\/wp\/v2\/pages\/23262\/revisions\/26365"}],"wp:featuredmedia":[{"embeddable":true,"href":"https:\/\/wingsltda.com.br\/es\/wp-json\/wp\/v2\/media\/24352"}],"wp:attachment":[{"href":"https:\/\/wingsltda.com.br\/es\/wp-json\/wp\/v2\/media?parent=23262"}],"curies":[{"name":"wp","href":"https:\/\/api.w.org\/{rel}","templated":true}]}}