{"id":23939,"date":"2024-03-07T13:53:59","date_gmt":"2024-03-07T16:53:59","guid":{"rendered":"https:\/\/wingsltda.com.br\/?page_id=23939"},"modified":"2025-11-01T16:30:08","modified_gmt":"2025-11-01T19:30:08","slug":"new-fashion-pork-eua","status":"publish","type":"page","link":"https:\/\/wingsltda.com.br\/es\/projetos-clientes-moegas-despoeiramento-meio-ambiente-2\/new-fashion-pork-eua\/","title":{"rendered":"NEW FASHION PORK EUA"},"content":{"rendered":"<div data-elementor-type=\"wp-page\" data-elementor-id=\"23939\" class=\"elementor elementor-23939\">\n\t\t\t\t<div class=\"elementor-element elementor-element-45f6b4a e-flex e-con-boxed e-con e-parent\" data-id=\"45f6b4a\" data-element_type=\"container\">\n\t\t\t\t\t<div class=\"e-con-inner\">\n\t\t<div class=\"elementor-element elementor-element-a2ce247 e-con-full e-flex e-con e-child\" data-id=\"a2ce247\" data-element_type=\"container\">\n\t\t\t\t<div class=\"elementor-element elementor-element-2e14666 elementor-widget elementor-widget-heading\" data-id=\"2e14666\" data-element_type=\"widget\" data-widget_type=\"heading.default\">\n\t\t\t\t<div class=\"elementor-widget-container\">\n\t\t\t<h2 class=\"elementor-heading-title elementor-size-default\">NEW FASHION PORK EUA | INSTALOU DUSTCONTROL DA WINGS\n<\/h2>\t\t<\/div>\n\t\t\t\t<\/div>\n\t\t\t\t<div class=\"elementor-element elementor-element-5e41568 elementor-widget elementor-widget-image\" data-id=\"5e41568\" data-element_type=\"widget\" data-widget_type=\"image.default\">\n\t\t\t\t<div class=\"elementor-widget-container\">\n\t\t\t\t\t\t\t\t\t\t\t\t\t\t<a href=\"https:\/\/www.nfpinc.com\/\" target=\"_blank\">\n\t\t\t\t\t\t\t<img decoding=\"async\" width=\"180\" height=\"180\" src=\"https:\/\/wingsltda.com.br\/wp-content\/uploads\/2024\/02\/nfplogo.webp\" class=\"attachment-large size-large wp-image-24080\" alt=\"\" srcset=\"https:\/\/wingsltda.com.br\/wp-content\/uploads\/2024\/02\/nfplogo.webp 180w, https:\/\/wingsltda.com.br\/wp-content\/uploads\/2024\/02\/nfplogo-150x150.webp 150w, https:\/\/wingsltda.com.br\/wp-content\/uploads\/2024\/02\/nfplogo-12x12.webp 12w, https:\/\/wingsltda.com.br\/wp-content\/uploads\/2024\/02\/nfplogo-100x100.webp 100w\" sizes=\"(max-width: 180px) 100vw, 180px\" \/>\t\t\t\t\t\t\t\t<\/a>\n\t\t\t\t\t\t\t\t\t\t\t\t\t<\/div>\n\t\t\t\t<\/div>\n\t\t\t\t<\/div>\n\t\t<div class=\"elementor-element elementor-element-e9240e1 e-con-full e-flex e-con e-child\" data-id=\"e9240e1\" data-element_type=\"container\">\n\t\t\t\t<div class=\"elementor-element elementor-element-691e12f elementor-widget elementor-widget-text-editor\" data-id=\"691e12f\" data-element_type=\"widget\" data-widget_type=\"text-editor.default\">\n\t\t\t\t<div class=\"elementor-widget-container\">\n\t\t\t\t\t\t\t<p style=\"text-align: justify;\"><em>New Fashion Pork es un productor l\u00edder de carne de cerdo de alta calidad con operaciones en Minnesota, Indiana, Iowa, Illinois, Dakota del Sur, Wyoming y Wisconsin. Con m\u00e1s de veinticinco a\u00f1os de experiencia en la industria porcina, NFP tiene la visi\u00f3n de mejorar y optimizar continuamente su cadena de valor.<\/em><\/p>\t\t\t\t\t\t<\/div>\n\t\t\t\t<\/div>\n\t\t\t\t<div class=\"elementor-element elementor-element-6acf9a0 elementor-widget elementor-widget-text-editor\" data-id=\"6acf9a0\" data-element_type=\"widget\" data-widget_type=\"text-editor.default\">\n\t\t\t\t<div class=\"elementor-widget-container\">\n\t\t\t\t\t\t\t<div class=\"wp-block-column\" style=\"flex-basis: 33.33%;\">\n<figure class=\"wp-block-image aligncenter size-full is-resized\"><\/figure>\n<!-- \/wp:image --><\/div>\n<p><!-- \/wp:column -->\n\n<!-- wp:column {\"width\":\"66.66%\"} --><\/p>\n<div class=\"wp-block-column\" style=\"flex-basis: 66.66%;\"><!-- wp:table {\"className\":\"is-style-stripes\"} -->\n<figure class=\"wp-block-table is-style-stripes\">\n<table>\n<tbody>\n<tr>\n<td><strong>Ubicaci\u00f3n de instalaci\u00f3n<\/strong><\/td>\n<td><strong>A\u00f1o<\/strong><\/td>\n<td><strong>N\u00famero de sistemas<\/strong><\/td>\n<td><strong>Contratista<\/strong>\n<td><strong>F\u00e1brica de piensos<\/strong><\/td>\n<td><strong>Sistema de limpieza<\/strong><\/td>\n<\/td>\n<\/tr>\n<tr>\n<td>Round Lake, MN<\/td>\n<td>2018<\/td>\n<td>1<\/td>\n<td><a href=\"https:\/\/www.weitz.com\/\">Weitz Company<\/a><\/td>\n<td align=\"center\">X<\/td>\n<td align=\"center\">X<\/td>\n<\/tr>\n<\/tbody>\n<\/table>\n<\/figure>\n<\/div>\t\t\t\t\t\t<\/div>\n\t\t\t\t<\/div>\n\t\t\t\t<\/div>\n\t\t\t\t\t<\/div>\n\t\t\t\t<\/div>\n\t\t<div class=\"elementor-element elementor-element-ff44faf e-flex e-con-boxed e-con e-parent\" data-id=\"ff44faf\" data-element_type=\"container\">\n\t\t\t\t\t<div class=\"e-con-inner\">\n\t\t\t\t<div class=\"elementor-element elementor-element-47768a1 elementor-widget elementor-widget-text-editor\" data-id=\"47768a1\" data-element_type=\"widget\" data-widget_type=\"text-editor.default\">\n\t\t\t\t<div class=\"elementor-widget-container\">\n\t\t\t\t\t\t\t<p style=\"text-align: justify;\">El sistema Wings DustControl es un m\u00e9todo eficaz para eliminar el polvo en tolvas de grano. Dado que cada sistema se dise\u00f1a espec\u00edficamente para el tama\u00f1o de la tolva y la ubicaci\u00f3n de las vigas, no es necesario modificar la estructura. El sistema DustControl se instala debajo de las rejillas y la instalaci\u00f3n suele tardar de 3 a 5 d\u00edas. No afecta al espacio a\u00e9reo.<\/p>\n<p style=\"text-align: justify;\" class=\"translation-block\">El sistema <strong>DustControl<\/strong> no es un sistema de compuertas. <strong>DustControl<\/strong> consta de m\u00f3dulos que cubren toda la tolva debajo de la rejilla. Estos m\u00f3dulos tienen entre 40 y 50 cm de profundidad y cuentan con boquillas que reducen ligeramente la velocidad del producto al entrar en la tolva, manteni\u00e9ndolas llenas de producto para que el aire desplazado pase a trav\u00e9s de la columna de producto en las boquillas. Al pasar por el m\u00f3dulo, el aire cargado de polvo pierde velocidad y ya no puede transportarlo, quedando adherido al producto. El aire sale limpio del m\u00f3dulo. \u00a1Es la forma m\u00e1s eficaz de eliminar el polvo! No requiere filtros, pero en tolvas que requieren una mayor limpieza del aire, como las de los volquetes donde la cantidad de polvo que se separa del producto al caer del veh\u00edculo aumenta significativamente, Wings puede instalar un filtro de mangas para crear presi\u00f3n negativa y aspirar el polvo que se encuentra sobre la rejilla. Recomendamos instalar el sistema mec\u00e1nico DustControl y, si se necesita un mayor control del polvo, a\u00f1adir el filtro posteriormente, ya que su instalaci\u00f3n no requiere modificar el sistema <strong>DustControl<\/strong>.<\/p>\t\t\t\t\t\t<\/div>\n\t\t\t\t<\/div>\n\t\t\t\t\t<\/div>\n\t\t\t\t<\/div>\n\t\t\t\t<\/div>","protected":false},"excerpt":{"rendered":"<p>NEW FASHION PORK EUA | INSTALOU DUSTCONTROL DA WINGS A New Fashion Pork \u00e9 uma produtora l\u00edder de carne su\u00edna de alta qualidade com opera\u00e7\u00f5es em Minnesota, Indiana, Iowa, Illinois, Dakota do Sul, Wyoming e Wisconsin. Com mais de um quarto de s\u00e9culo de experi\u00eancia na ind\u00fastria su\u00edna, a NFP tem a vis\u00e3o de melhorar [&hellip;]<\/p>\n","protected":false},"author":1,"featured_media":24302,"parent":55,"menu_order":0,"comment_status":"closed","ping_status":"closed","template":"","meta":{"_sitemap_exclude":false,"_sitemap_priority":"","_sitemap_frequency":"","_joinchat":[],"footnotes":""},"class_list":["post-23939","page","type-page","status-publish","has-post-thumbnail","hentry"],"yoast_head":"<!-- This site is optimized with the Yoast SEO plugin v27.1.1 - https:\/\/yoast.com\/product\/yoast-seo-wordpress\/ -->\n<title>NEW FASHION PORK EUA - Wings Ltda |<\/title>\n<meta name=\"description\" content=\"A New Fashion Pork \u00e9 uma produtora l\u00edder de carne su\u00edna de alta qualidade com opera\u00e7\u00f5es em Minnesota, Indiana, Iowa, Illinois, Dakota do Sul, Wyoming e Wisconsin. Com mais de um quarto de s\u00e9culo de experi\u00eancia na ind\u00fastria su\u00edna, a NFP tem a vis\u00e3o de melhorar e aprimorar continuamente sua cadeia de valor.\" \/>\n<meta name=\"robots\" content=\"index, follow, max-snippet:-1, max-image-preview:large, max-video-preview:-1\" \/>\n<link rel=\"canonical\" href=\"https:\/\/wingsltda.com.br\/es\/projetos-clientes-moegas-despoeiramento-meio-ambiente-2\/new-fashion-pork-eua\/\" \/>\n<meta property=\"og:locale\" content=\"es_ES\" \/>\n<meta property=\"og:type\" content=\"article\" \/>\n<meta property=\"og:title\" content=\"NEW FASHION PORK EUA - Wings Ltda |\" \/>\n<meta property=\"og:description\" content=\"A New Fashion Pork \u00e9 uma produtora l\u00edder de carne su\u00edna de alta qualidade com opera\u00e7\u00f5es em Minnesota, Indiana, Iowa, Illinois, Dakota do Sul, Wyoming e Wisconsin. Com mais de um quarto de s\u00e9culo de experi\u00eancia na ind\u00fastria su\u00edna, a NFP tem a vis\u00e3o de melhorar e aprimorar continuamente sua cadeia de valor.\" \/>\n<meta property=\"og:url\" content=\"https:\/\/wingsltda.com.br\/es\/projetos-clientes-moegas-despoeiramento-meio-ambiente-2\/new-fashion-pork-eua\/\" \/>\n<meta property=\"og:site_name\" content=\"Wings Ltda |\" \/>\n<meta property=\"article:publisher\" content=\"https:\/\/www.facebook.com\/wingsltda\/\" \/>\n<meta property=\"article:modified_time\" content=\"2025-11-01T19:30:08+00:00\" \/>\n<meta property=\"og:image\" content=\"https:\/\/wingsltda.com.br\/wp-content\/uploads\/2024\/03\/NEW-FASHION-PORK-EUA-INSTALOU-DUSTCONTROL-DA-WINGS-280x280-1.png\" \/>\n\t<meta property=\"og:image:width\" content=\"280\" \/>\n\t<meta property=\"og:image:height\" content=\"280\" \/>\n\t<meta property=\"og:image:type\" content=\"image\/png\" \/>\n<meta name=\"twitter:card\" content=\"summary_large_image\" \/>\n<meta name=\"twitter:label1\" content=\"Tiempo de lectura\" \/>\n\t<meta name=\"twitter:data1\" content=\"2 minutos\" \/>\n<script type=\"application\/ld+json\" class=\"yoast-schema-graph\">{\"@context\":\"https:\/\/schema.org\",\"@graph\":[{\"@type\":\"WebPage\",\"@id\":\"https:\/\/wingsltda.com.br\/pt\/projetos-clientes-moegas-despoeiramento-meio-ambiente-2\/new-fashion-pork-eua\/\",\"url\":\"https:\/\/wingsltda.com.br\/pt\/projetos-clientes-moegas-despoeiramento-meio-ambiente-2\/new-fashion-pork-eua\/\",\"name\":\"NEW FASHION PORK EUA - Wings Ltda |\",\"isPartOf\":{\"@id\":\"https:\/\/wingsltda.com.br\/en\/#website\"},\"primaryImageOfPage\":{\"@id\":\"https:\/\/wingsltda.com.br\/pt\/projetos-clientes-moegas-despoeiramento-meio-ambiente-2\/new-fashion-pork-eua\/#primaryimage\"},\"image\":{\"@id\":\"https:\/\/wingsltda.com.br\/pt\/projetos-clientes-moegas-despoeiramento-meio-ambiente-2\/new-fashion-pork-eua\/#primaryimage\"},\"thumbnailUrl\":\"https:\/\/wingsltda.com.br\/wp-content\/uploads\/2024\/03\/NEW-FASHION-PORK-EUA-INSTALOU-DUSTCONTROL-DA-WINGS-280x280-1.png\",\"datePublished\":\"2024-03-07T16:53:59+00:00\",\"dateModified\":\"2025-11-01T19:30:08+00:00\",\"description\":\"A New Fashion Pork \u00e9 uma produtora l\u00edder de carne su\u00edna de alta qualidade com opera\u00e7\u00f5es em Minnesota, Indiana, Iowa, Illinois, Dakota do Sul, Wyoming e Wisconsin. Com mais de um quarto de s\u00e9culo de experi\u00eancia na ind\u00fastria su\u00edna, a NFP tem a vis\u00e3o de melhorar e aprimorar continuamente sua cadeia de valor.\",\"breadcrumb\":{\"@id\":\"https:\/\/wingsltda.com.br\/pt\/projetos-clientes-moegas-despoeiramento-meio-ambiente-2\/new-fashion-pork-eua\/#breadcrumb\"},\"inLanguage\":\"es\",\"potentialAction\":[{\"@type\":\"ReadAction\",\"target\":[\"https:\/\/wingsltda.com.br\/pt\/projetos-clientes-moegas-despoeiramento-meio-ambiente-2\/new-fashion-pork-eua\/\"]}]},{\"@type\":\"ImageObject\",\"inLanguage\":\"es\",\"@id\":\"https:\/\/wingsltda.com.br\/pt\/projetos-clientes-moegas-despoeiramento-meio-ambiente-2\/new-fashion-pork-eua\/#primaryimage\",\"url\":\"https:\/\/wingsltda.com.br\/wp-content\/uploads\/2024\/03\/NEW-FASHION-PORK-EUA-INSTALOU-DUSTCONTROL-DA-WINGS-280x280-1.png\",\"contentUrl\":\"https:\/\/wingsltda.com.br\/wp-content\/uploads\/2024\/03\/NEW-FASHION-PORK-EUA-INSTALOU-DUSTCONTROL-DA-WINGS-280x280-1.png\",\"width\":280,\"height\":280},{\"@type\":\"BreadcrumbList\",\"@id\":\"https:\/\/wingsltda.com.br\/pt\/projetos-clientes-moegas-despoeiramento-meio-ambiente-2\/new-fashion-pork-eua\/#breadcrumb\",\"itemListElement\":[{\"@type\":\"ListItem\",\"position\":1,\"name\":\"In\u00edcio\",\"item\":\"https:\/\/wingsltda.com.br\/\"},{\"@type\":\"ListItem\",\"position\":2,\"name\":\"Conhe\u00e7a Alguns dos nossos Projetos\",\"item\":\"https:\/\/wingsltda.com.br\/pt\/projetos-clientes-moegas-despoeiramento-meio-ambiente-2\/\"},{\"@type\":\"ListItem\",\"position\":3,\"name\":\"NEW FASHION PORK EUA\"}]},{\"@type\":\"WebSite\",\"@id\":\"https:\/\/wingsltda.com.br\/en\/#website\",\"url\":\"https:\/\/wingsltda.com.br\/en\/\",\"name\":\"Wings Ltda |\",\"description\":\"Transformando sua opera\u00e7\u00e3o no agro.\",\"publisher\":{\"@id\":\"https:\/\/wingsltda.com.br\/en\/#organization\"},\"potentialAction\":[{\"@type\":\"SearchAction\",\"target\":{\"@type\":\"EntryPoint\",\"urlTemplate\":\"https:\/\/wingsltda.com.br\/en\/?s={search_term_string}\"},\"query-input\":{\"@type\":\"PropertyValueSpecification\",\"valueRequired\":true,\"valueName\":\"search_term_string\"}}],\"inLanguage\":\"es\"},{\"@type\":\"Organization\",\"@id\":\"https:\/\/wingsltda.com.br\/en\/#organization\",\"name\":\"Wings Ltda\",\"url\":\"https:\/\/wingsltda.com.br\/en\/\",\"logo\":{\"@type\":\"ImageObject\",\"inLanguage\":\"es\",\"@id\":\"https:\/\/wingsltda.com.br\/en\/#\/schema\/logo\/image\/\",\"url\":\"https:\/\/wingsltda.com.br\/wp-content\/uploads\/2024\/03\/Wings-Logo-Novo-DustControl.png\",\"contentUrl\":\"https:\/\/wingsltda.com.br\/wp-content\/uploads\/2024\/03\/Wings-Logo-Novo-DustControl.png\",\"width\":1090,\"height\":410,\"caption\":\"Wings Ltda\"},\"image\":{\"@id\":\"https:\/\/wingsltda.com.br\/en\/#\/schema\/logo\/image\/\"},\"sameAs\":[\"https:\/\/www.facebook.com\/wingsltda\/\",\"https:\/\/www.linkedin.com\/company\/wingsltda\/\",\"https:\/\/www.youtube.com\/channel\/UC2XSL5EljSgDh-pwalcPLLA\"]}]}<\/script>\n<!-- \/ Yoast SEO plugin. -->","yoast_head_json":{"title":"NEW FASHION PORK EUA - Wings Ltda |","description":"New Fashion Pork es un productor l\u00edder de carne de cerdo de alta calidad con operaciones en Minnesota, Indiana, Iowa, Illinois, Dakota del Sur, Wyoming y Wisconsin. Con m\u00e1s de veinticinco a\u00f1os de experiencia en la industria porcina, NFP tiene la visi\u00f3n de mejorar y optimizar continuamente su cadena de valor.","robots":{"index":"index","follow":"follow","max-snippet":"max-snippet:-1","max-image-preview":"max-image-preview:large","max-video-preview":"max-video-preview:-1"},"canonical":"https:\/\/wingsltda.com.br\/es\/projetos-clientes-moegas-despoeiramento-meio-ambiente-2\/new-fashion-pork-eua\/","og_locale":"es_ES","og_type":"article","og_title":"NEW FASHION PORK EUA - Wings Ltda |","og_description":"A New Fashion Pork \u00e9 uma produtora l\u00edder de carne su\u00edna de alta qualidade com opera\u00e7\u00f5es em Minnesota, Indiana, Iowa, Illinois, Dakota do Sul, Wyoming e Wisconsin. Com mais de um quarto de s\u00e9culo de experi\u00eancia na ind\u00fastria su\u00edna, a NFP tem a vis\u00e3o de melhorar e aprimorar continuamente sua cadeia de valor.","og_url":"https:\/\/wingsltda.com.br\/es\/projetos-clientes-moegas-despoeiramento-meio-ambiente-2\/new-fashion-pork-eua\/","og_site_name":"Wings Ltda |","article_publisher":"https:\/\/www.facebook.com\/wingsltda\/","article_modified_time":"2025-11-01T19:30:08+00:00","og_image":[{"width":280,"height":280,"url":"https:\/\/wingsltda.com.br\/wp-content\/uploads\/2024\/03\/NEW-FASHION-PORK-EUA-INSTALOU-DUSTCONTROL-DA-WINGS-280x280-1.png","type":"image\/png"}],"twitter_card":"summary_large_image","twitter_misc":{"Tiempo de lectura":"2 minutos"},"schema":{"@context":"https:\/\/schema.org","@graph":[{"@type":"WebPage","@id":"https:\/\/wingsltda.com.br\/pt\/projetos-clientes-moegas-despoeiramento-meio-ambiente-2\/new-fashion-pork-eua\/","url":"https:\/\/wingsltda.com.br\/pt\/projetos-clientes-moegas-despoeiramento-meio-ambiente-2\/new-fashion-pork-eua\/","name":"NEW FASHION PORK EUA - Wings Ltda |","isPartOf":{"@id":"https:\/\/wingsltda.com.br\/en\/#website"},"primaryImageOfPage":{"@id":"https:\/\/wingsltda.com.br\/pt\/projetos-clientes-moegas-despoeiramento-meio-ambiente-2\/new-fashion-pork-eua\/#primaryimage"},"image":{"@id":"https:\/\/wingsltda.com.br\/pt\/projetos-clientes-moegas-despoeiramento-meio-ambiente-2\/new-fashion-pork-eua\/#primaryimage"},"thumbnailUrl":"https:\/\/wingsltda.com.br\/wp-content\/uploads\/2024\/03\/NEW-FASHION-PORK-EUA-INSTALOU-DUSTCONTROL-DA-WINGS-280x280-1.png","datePublished":"2024-03-07T16:53:59+00:00","dateModified":"2025-11-01T19:30:08+00:00","description":"New Fashion Pork es un productor l\u00edder de carne de cerdo de alta calidad con operaciones en Minnesota, Indiana, Iowa, Illinois, Dakota del Sur, Wyoming y Wisconsin. Con m\u00e1s de veinticinco a\u00f1os de experiencia en la industria porcina, NFP tiene la visi\u00f3n de mejorar y optimizar continuamente su cadena de valor.","breadcrumb":{"@id":"https:\/\/wingsltda.com.br\/pt\/projetos-clientes-moegas-despoeiramento-meio-ambiente-2\/new-fashion-pork-eua\/#breadcrumb"},"inLanguage":"es","potentialAction":[{"@type":"ReadAction","target":["https:\/\/wingsltda.com.br\/pt\/projetos-clientes-moegas-despoeiramento-meio-ambiente-2\/new-fashion-pork-eua\/"]}]},{"@type":"ImageObject","inLanguage":"es","@id":"https:\/\/wingsltda.com.br\/pt\/projetos-clientes-moegas-despoeiramento-meio-ambiente-2\/new-fashion-pork-eua\/#primaryimage","url":"https:\/\/wingsltda.com.br\/wp-content\/uploads\/2024\/03\/NEW-FASHION-PORK-EUA-INSTALOU-DUSTCONTROL-DA-WINGS-280x280-1.png","contentUrl":"https:\/\/wingsltda.com.br\/wp-content\/uploads\/2024\/03\/NEW-FASHION-PORK-EUA-INSTALOU-DUSTCONTROL-DA-WINGS-280x280-1.png","width":280,"height":280},{"@type":"BreadcrumbList","@id":"https:\/\/wingsltda.com.br\/pt\/projetos-clientes-moegas-despoeiramento-meio-ambiente-2\/new-fashion-pork-eua\/#breadcrumb","itemListElement":[{"@type":"ListItem","position":1,"name":"In\u00edcio","item":"https:\/\/wingsltda.com.br\/"},{"@type":"ListItem","position":2,"name":"Conhe\u00e7a Alguns dos nossos Projetos","item":"https:\/\/wingsltda.com.br\/pt\/projetos-clientes-moegas-despoeiramento-meio-ambiente-2\/"},{"@type":"ListItem","position":3,"name":"NEW FASHION PORK EUA"}]},{"@type":"WebSite","@id":"https:\/\/wingsltda.com.br\/en\/#website","url":"https:\/\/wingsltda.com.br\/en\/","name":"Wings Ltda |","description":"Transformando sua opera\u00e7\u00e3o no agro.","publisher":{"@id":"https:\/\/wingsltda.com.br\/en\/#organization"},"potentialAction":[{"@type":"SearchAction","target":{"@type":"EntryPoint","urlTemplate":"https:\/\/wingsltda.com.br\/en\/?s={search_term_string}"},"query-input":{"@type":"PropertyValueSpecification","valueRequired":true,"valueName":"search_term_string"}}],"inLanguage":"es"},{"@type":"Organization","@id":"https:\/\/wingsltda.com.br\/en\/#organization","name":"Wings Ltda","url":"https:\/\/wingsltda.com.br\/en\/","logo":{"@type":"ImageObject","inLanguage":"es","@id":"https:\/\/wingsltda.com.br\/en\/#\/schema\/logo\/image\/","url":"https:\/\/wingsltda.com.br\/wp-content\/uploads\/2024\/03\/Wings-Logo-Novo-DustControl.png","contentUrl":"https:\/\/wingsltda.com.br\/wp-content\/uploads\/2024\/03\/Wings-Logo-Novo-DustControl.png","width":1090,"height":410,"caption":"Wings Ltda"},"image":{"@id":"https:\/\/wingsltda.com.br\/en\/#\/schema\/logo\/image\/"},"sameAs":["https:\/\/www.facebook.com\/wingsltda\/","https:\/\/www.linkedin.com\/company\/wingsltda\/","https:\/\/www.youtube.com\/channel\/UC2XSL5EljSgDh-pwalcPLLA"]}]}},"_links":{"self":[{"href":"https:\/\/wingsltda.com.br\/es\/wp-json\/wp\/v2\/pages\/23939","targetHints":{"allow":["GET"]}}],"collection":[{"href":"https:\/\/wingsltda.com.br\/es\/wp-json\/wp\/v2\/pages"}],"about":[{"href":"https:\/\/wingsltda.com.br\/es\/wp-json\/wp\/v2\/types\/page"}],"author":[{"embeddable":true,"href":"https:\/\/wingsltda.com.br\/es\/wp-json\/wp\/v2\/users\/1"}],"replies":[{"embeddable":true,"href":"https:\/\/wingsltda.com.br\/es\/wp-json\/wp\/v2\/comments?post=23939"}],"version-history":[{"count":6,"href":"https:\/\/wingsltda.com.br\/es\/wp-json\/wp\/v2\/pages\/23939\/revisions"}],"predecessor-version":[{"id":27801,"href":"https:\/\/wingsltda.com.br\/es\/wp-json\/wp\/v2\/pages\/23939\/revisions\/27801"}],"up":[{"embeddable":true,"href":"https:\/\/wingsltda.com.br\/es\/wp-json\/wp\/v2\/pages\/55"}],"wp:featuredmedia":[{"embeddable":true,"href":"https:\/\/wingsltda.com.br\/es\/wp-json\/wp\/v2\/media\/24302"}],"wp:attachment":[{"href":"https:\/\/wingsltda.com.br\/es\/wp-json\/wp\/v2\/media?parent=23939"}],"curies":[{"name":"wp","href":"https:\/\/api.w.org\/{rel}","templated":true}]}}