{"id":3492,"date":"2021-03-25T12:44:21","date_gmt":"2021-03-25T12:44:21","guid":{"rendered":"https:\/\/wingsltda.com.br\/?page_id=3492"},"modified":"2025-10-14T11:11:35","modified_gmt":"2025-10-14T14:11:35","slug":"avi-spray-vacinacao-ocular-gotinhas-aves-pintinhos","status":"publish","type":"page","link":"https:\/\/wingsltda.com.br\/es\/avicultura-debicadores-vacinadoras-equipamento-aves-pintinhos\/avi-spray-vacinacao-ocular-gotinhas-aves-pintinhos\/","title":{"rendered":"AVI SPRAY &#8211; Vacina\u00e7\u00e3o Ocular"},"content":{"rendered":"<div data-elementor-type=\"wp-page\" data-elementor-id=\"3492\" class=\"elementor elementor-3492\">\n\t\t\t\t<div class=\"elementor-element elementor-element-42d9b71f e-flex e-con-boxed e-con e-parent\" data-id=\"42d9b71f\" data-element_type=\"container\">\n\t\t\t\t\t<div class=\"e-con-inner\">\n\t\t\t\t<div class=\"elementor-element elementor-element-1fe53857 elementor-widget elementor-widget-text-editor\" data-id=\"1fe53857\" data-element_type=\"widget\" data-widget_type=\"text-editor.default\">\n\t\t\t\t<div class=\"elementor-widget-container\">\n\t\t\t\t\t\t\t<!-- wp:image {\"align\":\"center\",\"id\":24368,\"width\":\"568px\",\"height\":\"auto\",\"sizeSlug\":\"full\",\"linkDestination\":\"none\"} -->\n<figure class=\"wp-block-image aligncenter size-full is-resized\"><img fetchpriority=\"high\" decoding=\"async\" width=\"320\" height=\"250\" class=\"wp-image-24368\" style=\"width: 568px; height: auto;\" src=\"https:\/\/wingsltda.com.br\/wp-content\/uploads\/2024\/03\/spray3-jpg.webp\" alt=\"\" srcset=\"https:\/\/wingsltda.com.br\/wp-content\/uploads\/2024\/03\/spray3-jpg.webp 320w, https:\/\/wingsltda.com.br\/wp-content\/uploads\/2024\/03\/spray3-150x117.webp 150w, https:\/\/wingsltda.com.br\/wp-content\/uploads\/2024\/03\/spray3-15x12.webp 15w\" sizes=\"(max-width: 320px) 100vw, 320px\" \/><\/figure>\n<h1>Avi-Spray<\/h1>\n<!-- \/wp:image --><!-- wp:html -->\n<p style=\"text-align: justify;\">El Sistema Avi-Spray desarrollado por Wings Ltda, proporciona una vacunaci\u00f3n ocular f\u00e1cil y segura, con mayor protecci\u00f3n en comparaci\u00f3n con la adici\u00f3n de la vacuna al agua potable. Las grandes gotas generadas por Avi-Spray reproducen el mejor m\u00e9todo de vacunaci\u00f3n para la coccidiosis, newcastle y bronquitis, es decir, la gota individual en el ojo.<\/p>\n<p style=\"text-align: justify;\">El sistema ocular con gotas de gran tama\u00f1o evita que las aves inhalen la vacuna, lo que podr\u00eda provocar una reacci\u00f3n adversa. Adem\u00e1s, las gotas se dispersan por todo el cuerpo del polluelo, atrayendo la atenci\u00f3n de otras aves que, por curiosidad, terminan picote\u00e1ndolas e ingiri\u00e9ndolas, aumentando as\u00ed la protecci\u00f3n.<\/p>\n<!-- \/wp:html --><!-- wp:buttons {\"layout\":{\"type\":\"flex\",\"justifyContent\":\"center\"}} -->\n<div class=\"wp-block-buttons\"><!-- wp:button {\"textAlign\":\"center\"} -->\n<div class=\"wp-block-button\"><a class=\"wp-block-button__link has-text-align-center wp-element-button\" href=\"https:\/\/wingsltda.com.br\/es\/contato\/\">Solicitar una propuesta<\/a><\/div>\n<!-- \/wp:button --><\/div>\n<!-- \/wp:buttons --><!-- wp:social-links -->\n<ul class=\"wp-block-social-links\"><!-- wp:social-link {\"url\":\"https:\/\/www.facebook.com\/wingsltda\",\"service\":\"facebook\"} \/--><!-- wp:social-link {\"url\":\"https:\/\/www.linkedin.com\/company\/wingsltda\/\",\"service\":\"linkedin\"} \/--><!-- wp:social-link {\"url\":\"mailto:contato@wingsltda.com.br\",\"service\":\"mail\"} \/--><\/ul>\n<!-- \/wp:social-links --><!-- wp:paragraph {\"align\":\"center\"} -->\n<p class=\"has-text-align-center\"><strong>Productos relacionados<\/strong><\/p>\n<!-- \/wp:paragraph --><!-- wp:columns -->\n<div class=\"wp-block-columns\"><!-- wp:column -->\n<div class=\"wp-block-column\"><!-- wp:image {\"id\":24359,\"width\":\"314px\",\"height\":\"auto\",\"sizeSlug\":\"full\",\"linkDestination\":\"custom\"} -->\n<figure class=\"wp-block-image size-full is-resized\"><a href=\"https:\/\/wingsltda.com.br\/es\/avicultura-debicadores-vacinadoras-equipamento-aves-pintinhos\/avi-beaker-debicador-automatico-aves-pintinhos\/\"><img decoding=\"async\" width=\"400\" height=\"247\" class=\"wp-image-24359\" style=\"width: 314px; height: auto;\" src=\"https:\/\/wingsltda.com.br\/wp-content\/uploads\/2021\/03\/avi-beaker-automatico-debicagem-wings-jpg.webp\" alt=\"\" srcset=\"https:\/\/wingsltda.com.br\/wp-content\/uploads\/2021\/03\/avi-beaker-automatico-debicagem-wings-jpg.webp 400w, https:\/\/wingsltda.com.br\/wp-content\/uploads\/2021\/03\/avi-beaker-automatico-debicagem-wings-150x93.webp 150w, https:\/\/wingsltda.com.br\/wp-content\/uploads\/2021\/03\/avi-beaker-automatico-debicagem-wings-18x12.webp 18w\" sizes=\"(max-width: 400px) 100vw, 400px\" \/><\/a>\n<figcaption class=\"wp-element-caption\">Recortadora autom\u00e1tica de picos Avi Beaker para pollitos y aves de corral.<\/figcaption>\n<\/figure>\n<!-- \/wp:image --><!-- wp:paragraph {\"align\":\"center\"} -->\n<p class=\"has-text-align-center\">AVI BEAKER<\/p>\n<!-- \/wp:paragraph --><\/div>\n<!-- \/wp:column --><!-- wp:column -->\n<div class=\"wp-block-column\"><!-- wp:image {\"align\":\"center\",\"id\":24366,\"width\":\"296px\",\"height\":\"auto\",\"sizeSlug\":\"full\",\"linkDestination\":\"none\"} -->\n<figure class=\"wp-block-image aligncenter size-full is-resized\"><a href=\"https:\/\/wingsltda.com.br\/es\/avicultura-debicadores-vacinadoras-equipamento-aves-pintinhos\/avi-jector-injecao-dupla-vacina-oleo-aquosa-pintinhos-aves\/\"><img decoding=\"async\" width=\"300\" height=\"198\" class=\"wp-image-24366\" style=\"width: 296px; height: auto;\" src=\"https:\/\/wingsltda.com.br\/wp-content\/uploads\/2024\/03\/wings-avi-jector-double-injector-for-oil-and-water-soluble-vaccines-jpg.webp\" alt=\"\" srcset=\"https:\/\/wingsltda.com.br\/wp-content\/uploads\/2024\/03\/wings-avi-jector-double-injector-for-oil-and-water-soluble-vaccines-jpg.webp 300w, https:\/\/wingsltda.com.br\/wp-content\/uploads\/2024\/03\/wings-avi-jector-double-injector-for-oil-and-water-soluble-vaccines-150x99.webp 150w, https:\/\/wingsltda.com.br\/wp-content\/uploads\/2024\/03\/wings-avi-jector-double-injector-for-oil-and-water-soluble-vaccines-18x12.webp 18w\" sizes=\"(max-width: 300px) 100vw, 300px\" \/><\/a>\n<figcaption class=\"wp-element-caption\">Avi-Jector Doble para vacunas solubles en aceite y agua.<\/figcaption>\n<\/figure>\n<!-- \/wp:image --><!-- wp:paragraph {\"align\":\"center\"} -->\n<p class=\"has-text-align-center\">AVI JECTOR INJE\u00c7\u00c3O DUPLA<\/p>\n<!-- \/wp:paragraph --><\/div>\n<!-- \/wp:column --><!-- wp:column -->\n<div class=\"wp-block-column\"><!-- wp:image {\"align\":\"center\",\"id\":24367,\"width\":\"288px\",\"height\":\"auto\",\"sizeSlug\":\"full\",\"linkDestination\":\"none\"} -->\n<figure class=\"wp-block-image aligncenter size-full is-resized\"><a href=\"https:\/\/wingsltda.com.br\/es\/avicultura-debicadores-vacinadoras-equipamento-aves-pintinhos\/avi-jector-vacinadora-injecao-pintinhos-aves\/\"><img loading=\"lazy\" decoding=\"async\" width=\"750\" height=\"500\" class=\"wp-image-24367\" style=\"width: 288px; height: auto;\" src=\"https:\/\/wingsltda.com.br\/wp-content\/uploads\/2024\/03\/wings-pneumatic-avi-jector-vaccinating-day-old-chicks-edited.webp\" alt=\"\" srcset=\"https:\/\/wingsltda.com.br\/wp-content\/uploads\/2024\/03\/wings-pneumatic-avi-jector-vaccinating-day-old-chicks-edited.webp 750w, https:\/\/wingsltda.com.br\/wp-content\/uploads\/2024\/03\/wings-pneumatic-avi-jector-vaccinating-day-old-chicks-edited-600x400.webp 600w, https:\/\/wingsltda.com.br\/wp-content\/uploads\/2024\/03\/wings-pneumatic-avi-jector-vaccinating-day-old-chicks-edited-150x100.webp 150w, https:\/\/wingsltda.com.br\/wp-content\/uploads\/2024\/03\/wings-pneumatic-avi-jector-vaccinating-day-old-chicks-edited-18x12.webp 18w, https:\/\/wingsltda.com.br\/wp-content\/uploads\/2024\/03\/wings-pneumatic-avi-jector-vaccinating-day-old-chicks-edited-510x340.webp 510w\" sizes=\"(max-width: 750px) 100vw, 750px\" \/><\/a>\n<figcaption class=\"wp-element-caption\">Avi Jector para vacinas sol\u00faveis em \u00f3leo e \u00e1gua<\/figcaption>\n<\/figure>\n<!-- \/wp:image --><!-- wp:paragraph {\"align\":\"center\"} -->\n<p class=\"has-text-align-center\">AVI-SPRAY<\/p>\n<!-- \/wp:paragraph --><\/div>\n<!-- \/wp:column --><\/div>\n<!-- \/wp:columns -->\t\t\t\t\t\t<\/div>\n\t\t\t\t<\/div>\n\t\t\t\t\t<\/div>\n\t\t\t\t<\/div>\n\t\t<div class=\"elementor-element elementor-element-e0a2956 e-flex e-con-boxed e-con e-parent\" data-id=\"e0a2956\" data-element_type=\"container\">\n\t\t\t\t\t<div class=\"e-con-inner\">\n\t\t\t\t\t<\/div>\n\t\t\t\t<\/div>\n\t\t\t\t<\/div>","protected":false},"excerpt":{"rendered":"<p>O Sistema Avi-Spray desenvolvido pela Wings Ltda, proporciona uma vacina\u00e7\u00e3o ocular f\u00e1cil e segura, com maior prote\u00e7\u00e3o em compara\u00e7\u00e3o com a adi\u00e7\u00e3o de vacina \u00e0 \u00e1gua de beber. As gotas grandes geradas pela Avi-Spray reproduzem o melhor m\u00e9todo de vacina\u00e7\u00e3o para coccidiose, newcastle e bronquite, ou seja, o da gota individual no olho. O sistema [&hellip;]<\/p>\n","protected":false},"author":1,"featured_media":0,"parent":3460,"menu_order":0,"comment_status":"closed","ping_status":"closed","template":"","meta":{"_sitemap_exclude":false,"_sitemap_priority":"","_sitemap_frequency":"","_joinchat":[],"footnotes":""},"class_list":["post-3492","page","type-page","status-publish","hentry"],"yoast_head":"<!-- This site is optimized with the Yoast SEO plugin v27.1.1 - https:\/\/yoast.com\/product\/yoast-seo-wordpress\/ -->\n<title>AVI SPRAY - Vacina\u00e7\u00e3o Ocular - Wings Ltda |<\/title>\n<meta name=\"description\" content=\"A vacinadora Avi-Spray proporciona uma vacina\u00e7\u00e3o ocular f\u00e1cil e segura, com maior prote\u00e7\u00e3o em compara\u00e7\u00e3o com a adi\u00e7\u00e3o de vacina \u00e0 \u00e1gua de beber. As gotas grandes geradas pela Avi-Spray reproduzem o melhor m\u00e9todo de vacina\u00e7\u00e3o para coccidiose, newcastle e bronquite, ou seja, o da gota individual no olho.\" \/>\n<meta name=\"robots\" content=\"index, follow, max-snippet:-1, max-image-preview:large, max-video-preview:-1\" \/>\n<link rel=\"canonical\" href=\"https:\/\/wingsltda.com.br\/es\/avicultura-debicadores-vacinadoras-equipamento-aves-pintinhos\/avi-spray-vacinacao-ocular-gotinhas-aves-pintinhos\/\" \/>\n<meta property=\"og:locale\" content=\"es_ES\" \/>\n<meta property=\"og:type\" content=\"article\" \/>\n<meta property=\"og:title\" content=\"AVI SPRAY - Vacina\u00e7\u00e3o Ocular - Wings Ltda |\" \/>\n<meta property=\"og:description\" content=\"A vacinadora Avi-Spray proporciona uma vacina\u00e7\u00e3o ocular f\u00e1cil e segura, com maior prote\u00e7\u00e3o em compara\u00e7\u00e3o com a adi\u00e7\u00e3o de vacina \u00e0 \u00e1gua de beber. As gotas grandes geradas pela Avi-Spray reproduzem o melhor m\u00e9todo de vacina\u00e7\u00e3o para coccidiose, newcastle e bronquite, ou seja, o da gota individual no olho.\" \/>\n<meta property=\"og:url\" content=\"https:\/\/wingsltda.com.br\/es\/avicultura-debicadores-vacinadoras-equipamento-aves-pintinhos\/avi-spray-vacinacao-ocular-gotinhas-aves-pintinhos\/\" \/>\n<meta property=\"og:site_name\" content=\"Wings Ltda |\" \/>\n<meta property=\"article:publisher\" content=\"https:\/\/www.facebook.com\/wingsltda\/\" \/>\n<meta property=\"article:modified_time\" content=\"2025-10-14T14:11:35+00:00\" \/>\n<meta property=\"og:image\" content=\"https:\/\/wingsltda.com.br\/wp-content\/uploads\/2024\/03\/spray3-jpg.webp\" \/>\n\t<meta property=\"og:image:width\" content=\"320\" \/>\n\t<meta property=\"og:image:height\" content=\"250\" \/>\n\t<meta property=\"og:image:type\" content=\"image\/jpeg\" \/>\n<meta name=\"twitter:card\" content=\"summary_large_image\" \/>\n<meta name=\"twitter:label1\" content=\"Tiempo de lectura\" \/>\n\t<meta name=\"twitter:data1\" content=\"2 minutos\" \/>\n<script type=\"application\/ld+json\" class=\"yoast-schema-graph\">{\"@context\":\"https:\/\/schema.org\",\"@graph\":[{\"@type\":\"WebPage\",\"@id\":\"https:\/\/wingsltda.com.br\/pt\/avicultura-debicadores-vacinadoras-equipamento-aves-pintinhos\/avi-spray-vacinacao-ocular-gotinhas-aves-pintinhos\/\",\"url\":\"https:\/\/wingsltda.com.br\/pt\/avicultura-debicadores-vacinadoras-equipamento-aves-pintinhos\/avi-spray-vacinacao-ocular-gotinhas-aves-pintinhos\/\",\"name\":\"AVI SPRAY - Vacina\u00e7\u00e3o Ocular - Wings Ltda |\",\"isPartOf\":{\"@id\":\"https:\/\/wingsltda.com.br\/en\/#website\"},\"primaryImageOfPage\":{\"@id\":\"https:\/\/wingsltda.com.br\/pt\/avicultura-debicadores-vacinadoras-equipamento-aves-pintinhos\/avi-spray-vacinacao-ocular-gotinhas-aves-pintinhos\/#primaryimage\"},\"image\":{\"@id\":\"https:\/\/wingsltda.com.br\/pt\/avicultura-debicadores-vacinadoras-equipamento-aves-pintinhos\/avi-spray-vacinacao-ocular-gotinhas-aves-pintinhos\/#primaryimage\"},\"thumbnailUrl\":\"https:\/\/wingsltda.com.br\/wp-content\/uploads\/2024\/03\/spray3-jpg.webp\",\"datePublished\":\"2021-03-25T12:44:21+00:00\",\"dateModified\":\"2025-10-14T14:11:35+00:00\",\"description\":\"A vacinadora Avi-Spray proporciona uma vacina\u00e7\u00e3o ocular f\u00e1cil e segura, com maior prote\u00e7\u00e3o em compara\u00e7\u00e3o com a adi\u00e7\u00e3o de vacina \u00e0 \u00e1gua de beber. As gotas grandes geradas pela Avi-Spray reproduzem o melhor m\u00e9todo de vacina\u00e7\u00e3o para coccidiose, newcastle e bronquite, ou seja, o da gota individual no olho.\",\"breadcrumb\":{\"@id\":\"https:\/\/wingsltda.com.br\/pt\/avicultura-debicadores-vacinadoras-equipamento-aves-pintinhos\/avi-spray-vacinacao-ocular-gotinhas-aves-pintinhos\/#breadcrumb\"},\"inLanguage\":\"es\",\"potentialAction\":[{\"@type\":\"ReadAction\",\"target\":[\"https:\/\/wingsltda.com.br\/pt\/avicultura-debicadores-vacinadoras-equipamento-aves-pintinhos\/avi-spray-vacinacao-ocular-gotinhas-aves-pintinhos\/\"]}]},{\"@type\":\"ImageObject\",\"inLanguage\":\"es\",\"@id\":\"https:\/\/wingsltda.com.br\/pt\/avicultura-debicadores-vacinadoras-equipamento-aves-pintinhos\/avi-spray-vacinacao-ocular-gotinhas-aves-pintinhos\/#primaryimage\",\"url\":\"https:\/\/wingsltda.com.br\/wp-content\/uploads\/2024\/03\/spray3-jpg.webp\",\"contentUrl\":\"https:\/\/wingsltda.com.br\/wp-content\/uploads\/2024\/03\/spray3-jpg.webp\"},{\"@type\":\"BreadcrumbList\",\"@id\":\"https:\/\/wingsltda.com.br\/pt\/avicultura-debicadores-vacinadoras-equipamento-aves-pintinhos\/avi-spray-vacinacao-ocular-gotinhas-aves-pintinhos\/#breadcrumb\",\"itemListElement\":[{\"@type\":\"ListItem\",\"position\":1,\"name\":\"In\u00edcio\",\"item\":\"https:\/\/wingsltda.com.br\/\"},{\"@type\":\"ListItem\",\"position\":2,\"name\":\"AVICULTURA\",\"item\":\"https:\/\/wingsltda.com.br\/pt\/avicultura-debicadores-vacinadoras-equipamento-aves-pintinhos\/\"},{\"@type\":\"ListItem\",\"position\":3,\"name\":\"AVI SPRAY &#8211; Vacina\u00e7\u00e3o Ocular\"}]},{\"@type\":\"WebSite\",\"@id\":\"https:\/\/wingsltda.com.br\/en\/#website\",\"url\":\"https:\/\/wingsltda.com.br\/en\/\",\"name\":\"Wings Ltda |\",\"description\":\"Transformando sua opera\u00e7\u00e3o no agro.\",\"publisher\":{\"@id\":\"https:\/\/wingsltda.com.br\/en\/#organization\"},\"potentialAction\":[{\"@type\":\"SearchAction\",\"target\":{\"@type\":\"EntryPoint\",\"urlTemplate\":\"https:\/\/wingsltda.com.br\/en\/?s={search_term_string}\"},\"query-input\":{\"@type\":\"PropertyValueSpecification\",\"valueRequired\":true,\"valueName\":\"search_term_string\"}}],\"inLanguage\":\"es\"},{\"@type\":\"Organization\",\"@id\":\"https:\/\/wingsltda.com.br\/en\/#organization\",\"name\":\"Wings Ltda\",\"url\":\"https:\/\/wingsltda.com.br\/en\/\",\"logo\":{\"@type\":\"ImageObject\",\"inLanguage\":\"es\",\"@id\":\"https:\/\/wingsltda.com.br\/en\/#\/schema\/logo\/image\/\",\"url\":\"https:\/\/wingsltda.com.br\/wp-content\/uploads\/2024\/03\/Wings-Logo-Novo-DustControl.png\",\"contentUrl\":\"https:\/\/wingsltda.com.br\/wp-content\/uploads\/2024\/03\/Wings-Logo-Novo-DustControl.png\",\"width\":1090,\"height\":410,\"caption\":\"Wings Ltda\"},\"image\":{\"@id\":\"https:\/\/wingsltda.com.br\/en\/#\/schema\/logo\/image\/\"},\"sameAs\":[\"https:\/\/www.facebook.com\/wingsltda\/\",\"https:\/\/www.linkedin.com\/company\/wingsltda\/\",\"https:\/\/www.youtube.com\/channel\/UC2XSL5EljSgDh-pwalcPLLA\"]}]}<\/script>\n<!-- \/ Yoast SEO plugin. -->","yoast_head_json":{"title":"AVI SPRAY - Vacina\u00e7\u00e3o Ocular - Wings Ltda |","description":"A vacinadora Avi-Spray proporciona uma vacina\u00e7\u00e3o ocular f\u00e1cil e segura, com maior prote\u00e7\u00e3o em compara\u00e7\u00e3o com a adi\u00e7\u00e3o de vacina \u00e0 \u00e1gua de beber. As gotas grandes geradas pela Avi-Spray reproduzem o melhor m\u00e9todo de vacina\u00e7\u00e3o para coccidiose, newcastle e bronquite, ou seja, o da gota individual no olho.","robots":{"index":"index","follow":"follow","max-snippet":"max-snippet:-1","max-image-preview":"max-image-preview:large","max-video-preview":"max-video-preview:-1"},"canonical":"https:\/\/wingsltda.com.br\/es\/avicultura-debicadores-vacinadoras-equipamento-aves-pintinhos\/avi-spray-vacinacao-ocular-gotinhas-aves-pintinhos\/","og_locale":"es_ES","og_type":"article","og_title":"AVI SPRAY - Vacina\u00e7\u00e3o Ocular - Wings Ltda |","og_description":"A vacinadora Avi-Spray proporciona uma vacina\u00e7\u00e3o ocular f\u00e1cil e segura, com maior prote\u00e7\u00e3o em compara\u00e7\u00e3o com a adi\u00e7\u00e3o de vacina \u00e0 \u00e1gua de beber. As gotas grandes geradas pela Avi-Spray reproduzem o melhor m\u00e9todo de vacina\u00e7\u00e3o para coccidiose, newcastle e bronquite, ou seja, o da gota individual no olho.","og_url":"https:\/\/wingsltda.com.br\/es\/avicultura-debicadores-vacinadoras-equipamento-aves-pintinhos\/avi-spray-vacinacao-ocular-gotinhas-aves-pintinhos\/","og_site_name":"Wings Ltda |","article_publisher":"https:\/\/www.facebook.com\/wingsltda\/","article_modified_time":"2025-10-14T14:11:35+00:00","og_image":[{"width":320,"height":250,"url":"https:\/\/wingsltda.com.br\/wp-content\/uploads\/2024\/03\/spray3-jpg.webp","type":"image\/jpeg"}],"twitter_card":"summary_large_image","twitter_misc":{"Tiempo de lectura":"2 minutos"},"schema":{"@context":"https:\/\/schema.org","@graph":[{"@type":"WebPage","@id":"https:\/\/wingsltda.com.br\/pt\/avicultura-debicadores-vacinadoras-equipamento-aves-pintinhos\/avi-spray-vacinacao-ocular-gotinhas-aves-pintinhos\/","url":"https:\/\/wingsltda.com.br\/pt\/avicultura-debicadores-vacinadoras-equipamento-aves-pintinhos\/avi-spray-vacinacao-ocular-gotinhas-aves-pintinhos\/","name":"AVI SPRAY - Vacina\u00e7\u00e3o Ocular - Wings Ltda |","isPartOf":{"@id":"https:\/\/wingsltda.com.br\/en\/#website"},"primaryImageOfPage":{"@id":"https:\/\/wingsltda.com.br\/pt\/avicultura-debicadores-vacinadoras-equipamento-aves-pintinhos\/avi-spray-vacinacao-ocular-gotinhas-aves-pintinhos\/#primaryimage"},"image":{"@id":"https:\/\/wingsltda.com.br\/pt\/avicultura-debicadores-vacinadoras-equipamento-aves-pintinhos\/avi-spray-vacinacao-ocular-gotinhas-aves-pintinhos\/#primaryimage"},"thumbnailUrl":"https:\/\/wingsltda.com.br\/wp-content\/uploads\/2024\/03\/spray3-jpg.webp","datePublished":"2021-03-25T12:44:21+00:00","dateModified":"2025-10-14T14:11:35+00:00","description":"A vacinadora Avi-Spray proporciona uma vacina\u00e7\u00e3o ocular f\u00e1cil e segura, com maior prote\u00e7\u00e3o em compara\u00e7\u00e3o com a adi\u00e7\u00e3o de vacina \u00e0 \u00e1gua de beber. As gotas grandes geradas pela Avi-Spray reproduzem o melhor m\u00e9todo de vacina\u00e7\u00e3o para coccidiose, newcastle e bronquite, ou seja, o da gota individual no olho.","breadcrumb":{"@id":"https:\/\/wingsltda.com.br\/pt\/avicultura-debicadores-vacinadoras-equipamento-aves-pintinhos\/avi-spray-vacinacao-ocular-gotinhas-aves-pintinhos\/#breadcrumb"},"inLanguage":"es","potentialAction":[{"@type":"ReadAction","target":["https:\/\/wingsltda.com.br\/pt\/avicultura-debicadores-vacinadoras-equipamento-aves-pintinhos\/avi-spray-vacinacao-ocular-gotinhas-aves-pintinhos\/"]}]},{"@type":"ImageObject","inLanguage":"es","@id":"https:\/\/wingsltda.com.br\/pt\/avicultura-debicadores-vacinadoras-equipamento-aves-pintinhos\/avi-spray-vacinacao-ocular-gotinhas-aves-pintinhos\/#primaryimage","url":"https:\/\/wingsltda.com.br\/wp-content\/uploads\/2024\/03\/spray3-jpg.webp","contentUrl":"https:\/\/wingsltda.com.br\/wp-content\/uploads\/2024\/03\/spray3-jpg.webp"},{"@type":"BreadcrumbList","@id":"https:\/\/wingsltda.com.br\/pt\/avicultura-debicadores-vacinadoras-equipamento-aves-pintinhos\/avi-spray-vacinacao-ocular-gotinhas-aves-pintinhos\/#breadcrumb","itemListElement":[{"@type":"ListItem","position":1,"name":"In\u00edcio","item":"https:\/\/wingsltda.com.br\/"},{"@type":"ListItem","position":2,"name":"AVICULTURA","item":"https:\/\/wingsltda.com.br\/pt\/avicultura-debicadores-vacinadoras-equipamento-aves-pintinhos\/"},{"@type":"ListItem","position":3,"name":"AVI SPRAY &#8211; Vacina\u00e7\u00e3o Ocular"}]},{"@type":"WebSite","@id":"https:\/\/wingsltda.com.br\/en\/#website","url":"https:\/\/wingsltda.com.br\/en\/","name":"Wings Ltda |","description":"Transformando sua opera\u00e7\u00e3o no agro.","publisher":{"@id":"https:\/\/wingsltda.com.br\/en\/#organization"},"potentialAction":[{"@type":"SearchAction","target":{"@type":"EntryPoint","urlTemplate":"https:\/\/wingsltda.com.br\/en\/?s={search_term_string}"},"query-input":{"@type":"PropertyValueSpecification","valueRequired":true,"valueName":"search_term_string"}}],"inLanguage":"es"},{"@type":"Organization","@id":"https:\/\/wingsltda.com.br\/en\/#organization","name":"Wings Ltda","url":"https:\/\/wingsltda.com.br\/en\/","logo":{"@type":"ImageObject","inLanguage":"es","@id":"https:\/\/wingsltda.com.br\/en\/#\/schema\/logo\/image\/","url":"https:\/\/wingsltda.com.br\/wp-content\/uploads\/2024\/03\/Wings-Logo-Novo-DustControl.png","contentUrl":"https:\/\/wingsltda.com.br\/wp-content\/uploads\/2024\/03\/Wings-Logo-Novo-DustControl.png","width":1090,"height":410,"caption":"Wings Ltda"},"image":{"@id":"https:\/\/wingsltda.com.br\/en\/#\/schema\/logo\/image\/"},"sameAs":["https:\/\/www.facebook.com\/wingsltda\/","https:\/\/www.linkedin.com\/company\/wingsltda\/","https:\/\/www.youtube.com\/channel\/UC2XSL5EljSgDh-pwalcPLLA"]}]}},"_links":{"self":[{"href":"https:\/\/wingsltda.com.br\/es\/wp-json\/wp\/v2\/pages\/3492","targetHints":{"allow":["GET"]}}],"collection":[{"href":"https:\/\/wingsltda.com.br\/es\/wp-json\/wp\/v2\/pages"}],"about":[{"href":"https:\/\/wingsltda.com.br\/es\/wp-json\/wp\/v2\/types\/page"}],"author":[{"embeddable":true,"href":"https:\/\/wingsltda.com.br\/es\/wp-json\/wp\/v2\/users\/1"}],"replies":[{"embeddable":true,"href":"https:\/\/wingsltda.com.br\/es\/wp-json\/wp\/v2\/comments?post=3492"}],"version-history":[{"count":6,"href":"https:\/\/wingsltda.com.br\/es\/wp-json\/wp\/v2\/pages\/3492\/revisions"}],"predecessor-version":[{"id":27707,"href":"https:\/\/wingsltda.com.br\/es\/wp-json\/wp\/v2\/pages\/3492\/revisions\/27707"}],"up":[{"embeddable":true,"href":"https:\/\/wingsltda.com.br\/es\/wp-json\/wp\/v2\/pages\/3460"}],"wp:attachment":[{"href":"https:\/\/wingsltda.com.br\/es\/wp-json\/wp\/v2\/media?parent=3492"}],"curies":[{"name":"wp","href":"https:\/\/api.w.org\/{rel}","templated":true}]}}