{"id":2679,"date":"2021-03-06T20:27:07","date_gmt":"2021-03-06T23:27:07","guid":{"rendered":"https:\/\/wingsltda.com.br\/?post_type=product&#038;p=2679"},"modified":"2025-08-18T10:45:05","modified_gmt":"2025-08-18T13:45:05","slug":"avi-beaker-debicador-automatico-de-aves-pintinhos","status":"publish","type":"product","link":"https:\/\/wingsltda.com.br\/es\/producto\/avi-beaker-debicador-automatico-de-aves-pintinhos\/","title":{"rendered":"AVI BEAKER, recortator de picos autom\u00e1tico para aves de corral.<\/br><a href=\"https:\/\/www.youtube.com\/watch?v=dBQV-UgpnUM\">Manual de Instru\u00e7\u00f5es<\/a>"},"content":{"rendered":"<div id=\"text-block-3\" class=\"mk-text-block\">\n<p><strong>Caracter\u00edsticas \u00fanicas del Avi-Beaker:<\/strong><\/p>\n<\/div>\n<div class=\"wpb_row vc_inner vc_row vc_row-fluid attched-false\">\n<div class=\"wpb_column vc_column_container vc_col-sm-6\">\n<div class=\"vc_column-inner\">\n<div class=\"wpb_wrapper\">\n<div id=\"text-block-4\" class=\"mk-text-block\">\n<ul>\n<li style=\"list-style-type: none;\">\n<ul>\n<li>Un 50% m\u00e1s r\u00e1pido que el sistema manual.<\/li>\n<li>Caja de acero inoxidable reforzada<\/li>\n<li>Resistente a ambientes corrosivos.<\/li>\n<li>F\u00e1cil transporte entre almacenes.<\/li>\n<li>Motor de sincronizaci\u00f3n<\/li>\n<li>Recuerta di Polluelos y aves adultas<\/li>\n<li><span style=\"vertical-align: inherit;\"><span style=\"vertical-align: inherit;\">Ventilador poderoso<\/span><\/span><\/li>\n<li>Aumenta la vida \u00fatil de los componentes.<\/li>\n<li>Minimiza el contacto del operario con los humos.<\/li>\n<li>Temperatura de la pala controlada con precisi\u00f3n<\/li>\n<li>Control electr\u00f3nico de temperatura<\/li>\n<li>Menos estr\u00e9s y mortalidad para las aves.<\/li>\n<li>Las aves pueden alimentarse inmediatamente despu\u00e9s del proceso.<\/li>\n<li>Sistema eficaz para asegurar la hoja<\/li>\n<li>Sistema desarrollado al 100% por Wings Ltda.<\/li>\n<li>Facilita el reemplazo de la cuchilla<\/li>\n<li>Elimina el desgaste de la rosca.<\/li>\n<li>El accionamiento mediante pedal facilita el trabajo del operario.<\/li>\n<li>Utiliza cuchillas nacionales o importadas.<\/li>\n<li>Tensi\u00f3n 120 o 230 V, 50-60 Hz.<\/li>\n<li>F\u00e1cil mantenimiento<\/li>\n<\/ul>\n<\/li>\n<\/ul>\n<\/div>\n<\/div>\n<\/div>\n<\/div>\n<\/div>","protected":false},"excerpt":{"rendered":"<h3 style=\"text-align: justify;\">PRAZO DE ENTREGA ESTIMADO: 30 DIAS<\/h3>\n<p style=\"text-align: justify;\">A Wings Ltda \u00e9 a fabricante do Avi-Beaker, um dos mais conceituados e robustos debicadores do mercado para aves, com fabrica\u00e7\u00e3o 100% nacional. A debicagem \u00e9 umas das pr\u00e1ticas de manejo mais importantes em uma atividade granjeira, pois \u00e9 muito importante que se evitem desperd\u00edcios de ra\u00e7\u00e3o, canibalismo e bicagem dos ovos. Cortes inadequados podem afetar o desempenho do lote e acarretar em preju\u00edzos aos produtores.<\/p>\n<p style=\"text-align: justify;\">El recortador de picos Wings es sin\u00f3nimo de precisi\u00f3n y durabilidad gracias a su carcasa reforzada de acero inoxidable 100%, su resistencia a ambientes corrosivos y su f\u00e1cil transporte entre gallineros, adem\u00e1s de ser econ\u00f3mico y vers\u00e1til. Su sistema autom\u00e1tico temporizado cauteriza los picos de las aves a la perfecci\u00f3n y sin causarles estr\u00e9s, tanto en pollitos como en aves adultas. El proceso se realiza una sola vez.<\/p>\n<p>Manual de Funcionamento:<\/p>\n<p>https:\/\/www.youtube.com\/watch?v=dBQV-UgpnUM<\/p>","protected":false},"featured_media":24013,"comment_status":"open","ping_status":"closed","template":"","meta":{"_sitemap_exclude":false,"_sitemap_priority":"","_sitemap_frequency":"","_joinchat":[]},"product_brand":[],"product_cat":[76,186],"product_tag":[],"class_list":{"0":"post-2679","1":"product","2":"type-product","3":"status-publish","4":"has-post-thumbnail","6":"product_cat-avicultura","7":"product_cat-debicador-para-aves","9":"first","10":"instock","11":"shipping-taxable","12":"product-type-simple"},"yoast_head":"<!-- This site is optimized with the Yoast SEO plugin v27.1.1 - https:\/\/yoast.com\/product\/yoast-seo-wordpress\/ -->\n<title>AVI BEAKER debicador autom\u00e1tico de avesManual de Instru\u00e7\u00f5es - Wings Ltda |<\/title>\n<meta name=\"description\" content=\"O debicador autom\u00e1tico AVI-BEAKER \u00e9 totalmente nacional e fabricado para ter uma longa vida \u00fatil. Faz corte e cauteriza\u00e7\u00e3o em um processo s\u00f3 e somente uma vez na vida da ave.\" \/>\n<meta name=\"robots\" content=\"index, follow, max-snippet:-1, max-image-preview:large, max-video-preview:-1\" \/>\n<link rel=\"canonical\" href=\"https:\/\/wingsltda.com.br\/es\/producto\/avi-beaker-debicador-automatico-de-aves-pintinhos\/\" \/>\n<meta property=\"og:locale\" content=\"es_ES\" \/>\n<meta property=\"og:type\" content=\"article\" \/>\n<meta property=\"og:title\" content=\"AVI BEAKER debicador autom\u00e1tico de avesManual de Instru\u00e7\u00f5es - Wings Ltda |\" \/>\n<meta property=\"og:description\" content=\"O debicador autom\u00e1tico AVI-BEAKER \u00e9 totalmente nacional e fabricado para ter uma longa vida \u00fatil. Faz corte e cauteriza\u00e7\u00e3o em um processo s\u00f3 e somente uma vez na vida da ave.\" \/>\n<meta property=\"og:url\" content=\"https:\/\/wingsltda.com.br\/es\/producto\/avi-beaker-debicador-automatico-de-aves-pintinhos\/\" \/>\n<meta property=\"og:site_name\" content=\"Wings Ltda |\" \/>\n<meta property=\"article:publisher\" content=\"https:\/\/www.facebook.com\/wingsltda\/\" \/>\n<meta property=\"article:modified_time\" content=\"2025-08-18T13:45:05+00:00\" \/>\n<meta property=\"og:image\" content=\"https:\/\/wingsltda.com.br\/wp-content\/uploads\/2024\/03\/avibeackerproduto-800x800-1.webp\" \/>\n\t<meta property=\"og:image:width\" content=\"800\" \/>\n\t<meta property=\"og:image:height\" content=\"800\" \/>\n\t<meta property=\"og:image:type\" content=\"image\/webp\" \/>\n<meta name=\"twitter:card\" content=\"summary_large_image\" \/>\n<meta name=\"twitter:label1\" content=\"Tiempo de lectura\" \/>\n\t<meta name=\"twitter:data1\" content=\"1 minuto\" \/>\n<script type=\"application\/ld+json\" class=\"yoast-schema-graph\">{\"@context\":\"https:\/\/schema.org\",\"@graph\":[{\"@type\":\"WebPage\",\"@id\":\"https:\/\/wingsltda.com.br\/produto\/avi-beaker-debicador-automatico-de-aves-pintinhos\/\",\"url\":\"https:\/\/wingsltda.com.br\/produto\/avi-beaker-debicador-automatico-de-aves-pintinhos\/\",\"name\":\"AVI BEAKER debicador autom\u00e1tico de avesManual de Instru\u00e7\u00f5es - Wings Ltda |\",\"isPartOf\":{\"@id\":\"https:\/\/wingsltda.com.br\/en\/#website\"},\"primaryImageOfPage\":{\"@id\":\"https:\/\/wingsltda.com.br\/produto\/avi-beaker-debicador-automatico-de-aves-pintinhos\/#primaryimage\"},\"image\":{\"@id\":\"https:\/\/wingsltda.com.br\/produto\/avi-beaker-debicador-automatico-de-aves-pintinhos\/#primaryimage\"},\"thumbnailUrl\":\"https:\/\/wingsltda.com.br\/wp-content\/uploads\/2024\/03\/avibeackerproduto-800x800-1.webp\",\"datePublished\":\"2021-03-06T23:27:07+00:00\",\"dateModified\":\"2025-08-18T13:45:05+00:00\",\"description\":\"O debicador autom\u00e1tico AVI-BEAKER \u00e9 totalmente nacional e fabricado para ter uma longa vida \u00fatil. Faz corte e cauteriza\u00e7\u00e3o em um processo s\u00f3 e somente uma vez na vida da ave.\",\"breadcrumb\":{\"@id\":\"https:\/\/wingsltda.com.br\/produto\/avi-beaker-debicador-automatico-de-aves-pintinhos\/#breadcrumb\"},\"inLanguage\":\"es\",\"potentialAction\":[{\"@type\":\"ReadAction\",\"target\":[\"https:\/\/wingsltda.com.br\/produto\/avi-beaker-debicador-automatico-de-aves-pintinhos\/\"]}]},{\"@type\":\"ImageObject\",\"inLanguage\":\"es\",\"@id\":\"https:\/\/wingsltda.com.br\/produto\/avi-beaker-debicador-automatico-de-aves-pintinhos\/#primaryimage\",\"url\":\"https:\/\/wingsltda.com.br\/wp-content\/uploads\/2024\/03\/avibeackerproduto-800x800-1.webp\",\"contentUrl\":\"https:\/\/wingsltda.com.br\/wp-content\/uploads\/2024\/03\/avibeackerproduto-800x800-1.webp\",\"width\":800,\"height\":800},{\"@type\":\"BreadcrumbList\",\"@id\":\"https:\/\/wingsltda.com.br\/produto\/avi-beaker-debicador-automatico-de-aves-pintinhos\/#breadcrumb\",\"itemListElement\":[{\"@type\":\"ListItem\",\"position\":1,\"name\":\"In\u00edcio\",\"item\":\"https:\/\/wingsltda.com.br\/\"},{\"@type\":\"ListItem\",\"position\":2,\"name\":\"Nossas solu\u00e7\u00f5es\",\"item\":\"https:\/\/wingsltda.com.br\/nossas-solucoes\/\"},{\"@type\":\"ListItem\",\"position\":3,\"name\":\"AVI BEAKER debicador autom\u00e1tico de avesManual de Instru\u00e7\u00f5es\"}]},{\"@type\":\"WebSite\",\"@id\":\"https:\/\/wingsltda.com.br\/en\/#website\",\"url\":\"https:\/\/wingsltda.com.br\/en\/\",\"name\":\"Wings Ltda |\",\"description\":\"Transformando sua opera\u00e7\u00e3o no agro.\",\"publisher\":{\"@id\":\"https:\/\/wingsltda.com.br\/en\/#organization\"},\"potentialAction\":[{\"@type\":\"SearchAction\",\"target\":{\"@type\":\"EntryPoint\",\"urlTemplate\":\"https:\/\/wingsltda.com.br\/en\/?s={search_term_string}\"},\"query-input\":{\"@type\":\"PropertyValueSpecification\",\"valueRequired\":true,\"valueName\":\"search_term_string\"}}],\"inLanguage\":\"es\"},{\"@type\":\"Organization\",\"@id\":\"https:\/\/wingsltda.com.br\/en\/#organization\",\"name\":\"Wings Ltda\",\"url\":\"https:\/\/wingsltda.com.br\/en\/\",\"logo\":{\"@type\":\"ImageObject\",\"inLanguage\":\"es\",\"@id\":\"https:\/\/wingsltda.com.br\/en\/#\/schema\/logo\/image\/\",\"url\":\"https:\/\/wingsltda.com.br\/wp-content\/uploads\/2024\/03\/Wings-Logo-Novo-DustControl.png\",\"contentUrl\":\"https:\/\/wingsltda.com.br\/wp-content\/uploads\/2024\/03\/Wings-Logo-Novo-DustControl.png\",\"width\":1090,\"height\":410,\"caption\":\"Wings Ltda\"},\"image\":{\"@id\":\"https:\/\/wingsltda.com.br\/en\/#\/schema\/logo\/image\/\"},\"sameAs\":[\"https:\/\/www.facebook.com\/wingsltda\/\",\"https:\/\/www.linkedin.com\/company\/wingsltda\/\",\"https:\/\/www.youtube.com\/channel\/UC2XSL5EljSgDh-pwalcPLLA\"]}]}<\/script>\n<!-- \/ Yoast SEO plugin. -->","yoast_head_json":{"title":"AVI BEAKER debicador autom\u00e1tico de avesManual de Instru\u00e7\u00f5es - Wings Ltda |","description":"O debicador autom\u00e1tico AVI-BEAKER \u00e9 totalmente nacional e fabricado para ter uma longa vida \u00fatil. Faz corte e cauteriza\u00e7\u00e3o em um processo s\u00f3 e somente uma vez na vida da ave.","robots":{"index":"index","follow":"follow","max-snippet":"max-snippet:-1","max-image-preview":"max-image-preview:large","max-video-preview":"max-video-preview:-1"},"canonical":"https:\/\/wingsltda.com.br\/es\/producto\/avi-beaker-debicador-automatico-de-aves-pintinhos\/","og_locale":"es_ES","og_type":"article","og_title":"AVI BEAKER debicador autom\u00e1tico de avesManual de Instru\u00e7\u00f5es - Wings Ltda |","og_description":"O debicador autom\u00e1tico AVI-BEAKER \u00e9 totalmente nacional e fabricado para ter uma longa vida \u00fatil. Faz corte e cauteriza\u00e7\u00e3o em um processo s\u00f3 e somente uma vez na vida da ave.","og_url":"https:\/\/wingsltda.com.br\/es\/producto\/avi-beaker-debicador-automatico-de-aves-pintinhos\/","og_site_name":"Wings Ltda |","article_publisher":"https:\/\/www.facebook.com\/wingsltda\/","article_modified_time":"2025-08-18T13:45:05+00:00","og_image":[{"width":800,"height":800,"url":"https:\/\/wingsltda.com.br\/wp-content\/uploads\/2024\/03\/avibeackerproduto-800x800-1.webp","type":"image\/webp"}],"twitter_card":"summary_large_image","twitter_misc":{"Tiempo de lectura":"1 minuto"},"schema":{"@context":"https:\/\/schema.org","@graph":[{"@type":"WebPage","@id":"https:\/\/wingsltda.com.br\/produto\/avi-beaker-debicador-automatico-de-aves-pintinhos\/","url":"https:\/\/wingsltda.com.br\/produto\/avi-beaker-debicador-automatico-de-aves-pintinhos\/","name":"AVI BEAKER debicador autom\u00e1tico de avesManual de Instru\u00e7\u00f5es - Wings Ltda |","isPartOf":{"@id":"https:\/\/wingsltda.com.br\/en\/#website"},"primaryImageOfPage":{"@id":"https:\/\/wingsltda.com.br\/produto\/avi-beaker-debicador-automatico-de-aves-pintinhos\/#primaryimage"},"image":{"@id":"https:\/\/wingsltda.com.br\/produto\/avi-beaker-debicador-automatico-de-aves-pintinhos\/#primaryimage"},"thumbnailUrl":"https:\/\/wingsltda.com.br\/wp-content\/uploads\/2024\/03\/avibeackerproduto-800x800-1.webp","datePublished":"2021-03-06T23:27:07+00:00","dateModified":"2025-08-18T13:45:05+00:00","description":"O debicador autom\u00e1tico AVI-BEAKER \u00e9 totalmente nacional e fabricado para ter uma longa vida \u00fatil. Faz corte e cauteriza\u00e7\u00e3o em um processo s\u00f3 e somente uma vez na vida da ave.","breadcrumb":{"@id":"https:\/\/wingsltda.com.br\/produto\/avi-beaker-debicador-automatico-de-aves-pintinhos\/#breadcrumb"},"inLanguage":"es","potentialAction":[{"@type":"ReadAction","target":["https:\/\/wingsltda.com.br\/produto\/avi-beaker-debicador-automatico-de-aves-pintinhos\/"]}]},{"@type":"ImageObject","inLanguage":"es","@id":"https:\/\/wingsltda.com.br\/produto\/avi-beaker-debicador-automatico-de-aves-pintinhos\/#primaryimage","url":"https:\/\/wingsltda.com.br\/wp-content\/uploads\/2024\/03\/avibeackerproduto-800x800-1.webp","contentUrl":"https:\/\/wingsltda.com.br\/wp-content\/uploads\/2024\/03\/avibeackerproduto-800x800-1.webp","width":800,"height":800},{"@type":"BreadcrumbList","@id":"https:\/\/wingsltda.com.br\/produto\/avi-beaker-debicador-automatico-de-aves-pintinhos\/#breadcrumb","itemListElement":[{"@type":"ListItem","position":1,"name":"In\u00edcio","item":"https:\/\/wingsltda.com.br\/"},{"@type":"ListItem","position":2,"name":"Nossas solu\u00e7\u00f5es","item":"https:\/\/wingsltda.com.br\/nossas-solucoes\/"},{"@type":"ListItem","position":3,"name":"AVI BEAKER debicador autom\u00e1tico de avesManual de Instru\u00e7\u00f5es"}]},{"@type":"WebSite","@id":"https:\/\/wingsltda.com.br\/en\/#website","url":"https:\/\/wingsltda.com.br\/en\/","name":"Wings Ltda |","description":"Transformando sua opera\u00e7\u00e3o no agro.","publisher":{"@id":"https:\/\/wingsltda.com.br\/en\/#organization"},"potentialAction":[{"@type":"SearchAction","target":{"@type":"EntryPoint","urlTemplate":"https:\/\/wingsltda.com.br\/en\/?s={search_term_string}"},"query-input":{"@type":"PropertyValueSpecification","valueRequired":true,"valueName":"search_term_string"}}],"inLanguage":"es"},{"@type":"Organization","@id":"https:\/\/wingsltda.com.br\/en\/#organization","name":"Wings Ltda","url":"https:\/\/wingsltda.com.br\/en\/","logo":{"@type":"ImageObject","inLanguage":"es","@id":"https:\/\/wingsltda.com.br\/en\/#\/schema\/logo\/image\/","url":"https:\/\/wingsltda.com.br\/wp-content\/uploads\/2024\/03\/Wings-Logo-Novo-DustControl.png","contentUrl":"https:\/\/wingsltda.com.br\/wp-content\/uploads\/2024\/03\/Wings-Logo-Novo-DustControl.png","width":1090,"height":410,"caption":"Wings Ltda"},"image":{"@id":"https:\/\/wingsltda.com.br\/en\/#\/schema\/logo\/image\/"},"sameAs":["https:\/\/www.facebook.com\/wingsltda\/","https:\/\/www.linkedin.com\/company\/wingsltda\/","https:\/\/www.youtube.com\/channel\/UC2XSL5EljSgDh-pwalcPLLA"]}]}},"_links":{"self":[{"href":"https:\/\/wingsltda.com.br\/es\/wp-json\/wp\/v2\/product\/2679","targetHints":{"allow":["GET"]}}],"collection":[{"href":"https:\/\/wingsltda.com.br\/es\/wp-json\/wp\/v2\/product"}],"about":[{"href":"https:\/\/wingsltda.com.br\/es\/wp-json\/wp\/v2\/types\/product"}],"replies":[{"embeddable":true,"href":"https:\/\/wingsltda.com.br\/es\/wp-json\/wp\/v2\/comments?post=2679"}],"wp:featuredmedia":[{"embeddable":true,"href":"https:\/\/wingsltda.com.br\/es\/wp-json\/wp\/v2\/media\/24013"}],"wp:attachment":[{"href":"https:\/\/wingsltda.com.br\/es\/wp-json\/wp\/v2\/media?parent=2679"}],"wp:term":[{"taxonomy":"product_brand","embeddable":true,"href":"https:\/\/wingsltda.com.br\/es\/wp-json\/wp\/v2\/product_brand?post=2679"},{"taxonomy":"product_cat","embeddable":true,"href":"https:\/\/wingsltda.com.br\/es\/wp-json\/wp\/v2\/product_cat?post=2679"},{"taxonomy":"product_tag","embeddable":true,"href":"https:\/\/wingsltda.com.br\/es\/wp-json\/wp\/v2\/product_tag?post=2679"}],"curies":[{"name":"wp","href":"https:\/\/api.w.org\/{rel}","templated":true}]}}