{"id":14,"date":"2021-03-03T17:32:44","date_gmt":"2021-03-03T17:32:44","guid":{"rendered":"https:\/\/wingsltda.com.br\/cart\/"},"modified":"2025-02-26T00:28:44","modified_gmt":"2025-02-26T03:28:44","slug":"orcamento","status":"publish","type":"page","link":"https:\/\/wingsltda.com.br\/pt\/nossas-solucoes\/orcamento\/","title":{"rendered":"Or\u00e7amento"},"content":{"rendered":"\t\t<div data-elementor-type=\"wp-page\" data-elementor-id=\"14\" class=\"elementor elementor-14\">\n\t\t\t\t<div class=\"elementor-element elementor-element-71412c81 e-flex e-con-boxed e-con e-parent\" data-id=\"71412c81\" data-element_type=\"container\">\n\t\t\t\t\t<div class=\"e-con-inner\">\n\t\t\t\t<div class=\"elementor-element elementor-element-1af4205e elementor-widget elementor-widget-text-editor\" data-id=\"1af4205e\" data-element_type=\"widget\" data-widget_type=\"text-editor.default\">\n\t\t\t\t<div class=\"elementor-widget-container\">\n\t\t\t\t\t\t\t<!-- wp:shortcode -->\n\n<!-- \/wp:shortcode -->\t\t\t\t\t\t<\/div>\n\t\t\t\t<\/div>\n\t\t\t\t\t<\/div>\n\t\t\t\t<\/div>\n\t\t<div class=\"elementor-element elementor-element-dde19f0 e-flex e-con-boxed e-con e-parent\" data-id=\"dde19f0\" data-element_type=\"container\">\n\t\t\t\t\t<div class=\"e-con-inner\">\n\t\t<div class=\"elementor-element elementor-element-65d9acb e-con-full e-flex e-con e-child\" data-id=\"65d9acb\" data-element_type=\"container\">\n\t\t<div class=\"elementor-element elementor-element-0dc3951 e-con-full e-flex e-con e-child\" data-id=\"0dc3951\" data-element_type=\"container\">\n\t\t\t\t<\/div>\n\t\t\t\t<\/div>\n\t\t\t\t\t<\/div>\n\t\t\t\t<\/div>\n\t\t\t\t<\/div>\n\t\t","protected":false},"excerpt":{"rendered":"<p>Presen\u00e7a nos EUA Clientes nos EUA Conhe\u00e7a Alguns dos nossos Projetos Conhe\u00e7a Alguns dos nossos Projetos ADM \u2013 WINGS CENTRAL STATES ENTERPRISES EUA COBB \u2013 VANTRESS, EUA LDC TEM TR\u00caS SISTEMAS DUSTCONTROL NOS EUA E MAIS UM NO BRASIL MOUNTAIRE FARMS EUA NEW FASHION PORK EUA OP NUTRITION NOS EUA OZARK MOUNTAIN POULTRY EUA INSTALOU [&hellip;]<\/p>\n","protected":false},"author":1,"featured_media":0,"parent":13,"menu_order":0,"comment_status":"closed","ping_status":"closed","template":"","meta":{"_sitemap_exclude":false,"_sitemap_priority":"","_sitemap_frequency":"","_joinchat":[],"footnotes":""},"class_list":["post-14","page","type-page","status-publish","hentry"],"yoast_head":"<!-- This site is optimized with the Yoast SEO plugin v27.1.1 - https:\/\/yoast.com\/product\/yoast-seo-wordpress\/ -->\n<title>Or\u00e7amento - Wings Ltda |<\/title>\n<meta name=\"description\" content=\"Solicite agora um or\u00e7amento online, para deixar sua moega livre da emiss\u00e3o de poeira no momento da descarga de gr\u00e3os.\" \/>\n<meta name=\"robots\" content=\"index, follow, max-snippet:-1, max-image-preview:large, max-video-preview:-1\" \/>\n<link rel=\"canonical\" href=\"https:\/\/wingsltda.com.br\/pt\/nossas-solucoes\/orcamento\/\" \/>\n<meta property=\"og:locale\" content=\"pt_BR\" \/>\n<meta property=\"og:type\" content=\"article\" \/>\n<meta property=\"og:title\" content=\"Or\u00e7amento - Wings Ltda |\" \/>\n<meta property=\"og:description\" content=\"Solicite agora um or\u00e7amento online, para deixar sua moega livre da emiss\u00e3o de poeira no momento da descarga de gr\u00e3os.\" \/>\n<meta property=\"og:url\" content=\"https:\/\/wingsltda.com.br\/pt\/nossas-solucoes\/orcamento\/\" \/>\n<meta property=\"og:site_name\" content=\"Wings Ltda |\" \/>\n<meta property=\"article:publisher\" content=\"https:\/\/www.facebook.com\/wingsltda\/\" \/>\n<meta property=\"article:modified_time\" content=\"2025-02-26T03:28:44+00:00\" \/>\n<meta property=\"og:image\" content=\"https:\/\/wingsltda.com.br\/wp-content\/uploads\/2024\/03\/Presenca-Wings-nos-EUA.webp\" \/>\n<meta name=\"twitter:card\" content=\"summary_large_image\" \/>\n<script type=\"application\/ld+json\" class=\"yoast-schema-graph\">{\"@context\":\"https:\/\/schema.org\",\"@graph\":[{\"@type\":\"WebPage\",\"@id\":\"https:\/\/wingsltda.com.br\/pt\/nossas-solucoes\/orcamento\/\",\"url\":\"https:\/\/wingsltda.com.br\/pt\/nossas-solucoes\/orcamento\/\",\"name\":\"Or\u00e7amento - Wings Ltda |\",\"isPartOf\":{\"@id\":\"https:\/\/wingsltda.com.br\/en\/#website\"},\"primaryImageOfPage\":{\"@id\":\"https:\/\/wingsltda.com.br\/pt\/nossas-solucoes\/orcamento\/#primaryimage\"},\"image\":{\"@id\":\"https:\/\/wingsltda.com.br\/pt\/nossas-solucoes\/orcamento\/#primaryimage\"},\"thumbnailUrl\":\"https:\/\/wingsltda.com.br\/wp-content\/uploads\/2024\/03\/Presenca-Wings-nos-EUA.webp\",\"datePublished\":\"2021-03-03T17:32:44+00:00\",\"dateModified\":\"2025-02-26T03:28:44+00:00\",\"description\":\"Solicite agora um or\u00e7amento online, para deixar sua moega livre da emiss\u00e3o de poeira no momento da descarga de gr\u00e3os.\",\"breadcrumb\":{\"@id\":\"https:\/\/wingsltda.com.br\/pt\/nossas-solucoes\/orcamento\/#breadcrumb\"},\"inLanguage\":\"pt-BR\",\"potentialAction\":[{\"@type\":\"ReadAction\",\"target\":[\"https:\/\/wingsltda.com.br\/pt\/nossas-solucoes\/orcamento\/\"]}]},{\"@type\":\"ImageObject\",\"inLanguage\":\"pt-BR\",\"@id\":\"https:\/\/wingsltda.com.br\/pt\/nossas-solucoes\/orcamento\/#primaryimage\",\"url\":\"https:\/\/wingsltda.com.br\/wp-content\/uploads\/2024\/03\/Presenca-Wings-nos-EUA.webp\",\"contentUrl\":\"https:\/\/wingsltda.com.br\/wp-content\/uploads\/2024\/03\/Presenca-Wings-nos-EUA.webp\"},{\"@type\":\"BreadcrumbList\",\"@id\":\"https:\/\/wingsltda.com.br\/pt\/nossas-solucoes\/orcamento\/#breadcrumb\",\"itemListElement\":[{\"@type\":\"ListItem\",\"position\":1,\"name\":\"In\u00edcio\",\"item\":\"https:\/\/wingsltda.com.br\/\"},{\"@type\":\"ListItem\",\"position\":2,\"name\":\"Nossas solu\u00e7\u00f5es\",\"item\":\"https:\/\/wingsltda.com.br\/nossas-solucoes\/\"},{\"@type\":\"ListItem\",\"position\":3,\"name\":\"Or\u00e7amento\"}]},{\"@type\":\"WebSite\",\"@id\":\"https:\/\/wingsltda.com.br\/en\/#website\",\"url\":\"https:\/\/wingsltda.com.br\/en\/\",\"name\":\"Wings Ltda |\",\"description\":\"Transformando sua opera\u00e7\u00e3o no agro.\",\"publisher\":{\"@id\":\"https:\/\/wingsltda.com.br\/en\/#organization\"},\"potentialAction\":[{\"@type\":\"SearchAction\",\"target\":{\"@type\":\"EntryPoint\",\"urlTemplate\":\"https:\/\/wingsltda.com.br\/en\/?s={search_term_string}\"},\"query-input\":{\"@type\":\"PropertyValueSpecification\",\"valueRequired\":true,\"valueName\":\"search_term_string\"}}],\"inLanguage\":\"pt-BR\"},{\"@type\":\"Organization\",\"@id\":\"https:\/\/wingsltda.com.br\/en\/#organization\",\"name\":\"Wings Ltda\",\"url\":\"https:\/\/wingsltda.com.br\/en\/\",\"logo\":{\"@type\":\"ImageObject\",\"inLanguage\":\"pt-BR\",\"@id\":\"https:\/\/wingsltda.com.br\/en\/#\/schema\/logo\/image\/\",\"url\":\"https:\/\/wingsltda.com.br\/wp-content\/uploads\/2024\/03\/Wings-Logo-Novo-DustControl.png\",\"contentUrl\":\"https:\/\/wingsltda.com.br\/wp-content\/uploads\/2024\/03\/Wings-Logo-Novo-DustControl.png\",\"width\":1090,\"height\":410,\"caption\":\"Wings Ltda\"},\"image\":{\"@id\":\"https:\/\/wingsltda.com.br\/en\/#\/schema\/logo\/image\/\"},\"sameAs\":[\"https:\/\/www.facebook.com\/wingsltda\/\",\"https:\/\/www.linkedin.com\/company\/wingsltda\/\",\"https:\/\/www.youtube.com\/channel\/UC2XSL5EljSgDh-pwalcPLLA\"]}]}<\/script>\n<!-- \/ Yoast SEO plugin. -->","yoast_head_json":{"title":"Or\u00e7amento - Wings Ltda |","description":"Solicite agora um or\u00e7amento online, para deixar sua moega livre da emiss\u00e3o de poeira no momento da descarga de gr\u00e3os.","robots":{"index":"index","follow":"follow","max-snippet":"max-snippet:-1","max-image-preview":"max-image-preview:large","max-video-preview":"max-video-preview:-1"},"canonical":"https:\/\/wingsltda.com.br\/pt\/nossas-solucoes\/orcamento\/","og_locale":"pt_BR","og_type":"article","og_title":"Or\u00e7amento - Wings Ltda |","og_description":"Solicite agora um or\u00e7amento online, para deixar sua moega livre da emiss\u00e3o de poeira no momento da descarga de gr\u00e3os.","og_url":"https:\/\/wingsltda.com.br\/pt\/nossas-solucoes\/orcamento\/","og_site_name":"Wings Ltda |","article_publisher":"https:\/\/www.facebook.com\/wingsltda\/","article_modified_time":"2025-02-26T03:28:44+00:00","og_image":[{"url":"https:\/\/wingsltda.com.br\/wp-content\/uploads\/2024\/03\/Presenca-Wings-nos-EUA.webp","type":"","width":"","height":""}],"twitter_card":"summary_large_image","schema":{"@context":"https:\/\/schema.org","@graph":[{"@type":"WebPage","@id":"https:\/\/wingsltda.com.br\/pt\/nossas-solucoes\/orcamento\/","url":"https:\/\/wingsltda.com.br\/pt\/nossas-solucoes\/orcamento\/","name":"Or\u00e7amento - Wings Ltda |","isPartOf":{"@id":"https:\/\/wingsltda.com.br\/en\/#website"},"primaryImageOfPage":{"@id":"https:\/\/wingsltda.com.br\/pt\/nossas-solucoes\/orcamento\/#primaryimage"},"image":{"@id":"https:\/\/wingsltda.com.br\/pt\/nossas-solucoes\/orcamento\/#primaryimage"},"thumbnailUrl":"https:\/\/wingsltda.com.br\/wp-content\/uploads\/2024\/03\/Presenca-Wings-nos-EUA.webp","datePublished":"2021-03-03T17:32:44+00:00","dateModified":"2025-02-26T03:28:44+00:00","description":"Solicite agora um or\u00e7amento online, para deixar sua moega livre da emiss\u00e3o de poeira no momento da descarga de gr\u00e3os.","breadcrumb":{"@id":"https:\/\/wingsltda.com.br\/pt\/nossas-solucoes\/orcamento\/#breadcrumb"},"inLanguage":"pt-BR","potentialAction":[{"@type":"ReadAction","target":["https:\/\/wingsltda.com.br\/pt\/nossas-solucoes\/orcamento\/"]}]},{"@type":"ImageObject","inLanguage":"pt-BR","@id":"https:\/\/wingsltda.com.br\/pt\/nossas-solucoes\/orcamento\/#primaryimage","url":"https:\/\/wingsltda.com.br\/wp-content\/uploads\/2024\/03\/Presenca-Wings-nos-EUA.webp","contentUrl":"https:\/\/wingsltda.com.br\/wp-content\/uploads\/2024\/03\/Presenca-Wings-nos-EUA.webp"},{"@type":"BreadcrumbList","@id":"https:\/\/wingsltda.com.br\/pt\/nossas-solucoes\/orcamento\/#breadcrumb","itemListElement":[{"@type":"ListItem","position":1,"name":"In\u00edcio","item":"https:\/\/wingsltda.com.br\/"},{"@type":"ListItem","position":2,"name":"Nossas solu\u00e7\u00f5es","item":"https:\/\/wingsltda.com.br\/nossas-solucoes\/"},{"@type":"ListItem","position":3,"name":"Or\u00e7amento"}]},{"@type":"WebSite","@id":"https:\/\/wingsltda.com.br\/en\/#website","url":"https:\/\/wingsltda.com.br\/en\/","name":"Wings Ltda |","description":"Transformando sua opera\u00e7\u00e3o no agro.","publisher":{"@id":"https:\/\/wingsltda.com.br\/en\/#organization"},"potentialAction":[{"@type":"SearchAction","target":{"@type":"EntryPoint","urlTemplate":"https:\/\/wingsltda.com.br\/en\/?s={search_term_string}"},"query-input":{"@type":"PropertyValueSpecification","valueRequired":true,"valueName":"search_term_string"}}],"inLanguage":"pt-BR"},{"@type":"Organization","@id":"https:\/\/wingsltda.com.br\/en\/#organization","name":"Wings Ltda","url":"https:\/\/wingsltda.com.br\/en\/","logo":{"@type":"ImageObject","inLanguage":"pt-BR","@id":"https:\/\/wingsltda.com.br\/en\/#\/schema\/logo\/image\/","url":"https:\/\/wingsltda.com.br\/wp-content\/uploads\/2024\/03\/Wings-Logo-Novo-DustControl.png","contentUrl":"https:\/\/wingsltda.com.br\/wp-content\/uploads\/2024\/03\/Wings-Logo-Novo-DustControl.png","width":1090,"height":410,"caption":"Wings Ltda"},"image":{"@id":"https:\/\/wingsltda.com.br\/en\/#\/schema\/logo\/image\/"},"sameAs":["https:\/\/www.facebook.com\/wingsltda\/","https:\/\/www.linkedin.com\/company\/wingsltda\/","https:\/\/www.youtube.com\/channel\/UC2XSL5EljSgDh-pwalcPLLA"]}]}},"_links":{"self":[{"href":"https:\/\/wingsltda.com.br\/pt\/wp-json\/wp\/v2\/pages\/14","targetHints":{"allow":["GET"]}}],"collection":[{"href":"https:\/\/wingsltda.com.br\/pt\/wp-json\/wp\/v2\/pages"}],"about":[{"href":"https:\/\/wingsltda.com.br\/pt\/wp-json\/wp\/v2\/types\/page"}],"author":[{"embeddable":true,"href":"https:\/\/wingsltda.com.br\/pt\/wp-json\/wp\/v2\/users\/1"}],"replies":[{"embeddable":true,"href":"https:\/\/wingsltda.com.br\/pt\/wp-json\/wp\/v2\/comments?post=14"}],"version-history":[{"count":3,"href":"https:\/\/wingsltda.com.br\/pt\/wp-json\/wp\/v2\/pages\/14\/revisions"}],"predecessor-version":[{"id":26580,"href":"https:\/\/wingsltda.com.br\/pt\/wp-json\/wp\/v2\/pages\/14\/revisions\/26580"}],"up":[{"embeddable":true,"href":"https:\/\/wingsltda.com.br\/pt\/wp-json\/wp\/v2\/pages\/13"}],"wp:attachment":[{"href":"https:\/\/wingsltda.com.br\/pt\/wp-json\/wp\/v2\/media?parent=14"}],"curies":[{"name":"wp","href":"https:\/\/api.w.org\/{rel}","templated":true}]}}