{"id":23262,"date":"2024-01-28T17:37:22","date_gmt":"2024-01-28T20:37:22","guid":{"rendered":"https:\/\/wingsltda.com.br\/?page_id=23262"},"modified":"2025-02-25T21:19:06","modified_gmt":"2025-02-26T00:19:06","slug":"sistema-de-limpeza-do-dustcontrol-wings","status":"publish","type":"page","link":"https:\/\/wingsltda.com.br\/pt\/sistema-de-limpeza-do-dustcontrol-wings\/","title":{"rendered":"Sistema de Limpeza do DustControl Wings"},"content":{"rendered":"\t\t<div data-elementor-type=\"wp-page\" data-elementor-id=\"23262\" class=\"elementor elementor-23262\">\n\t\t\t\t<div class=\"elementor-element elementor-element-41e63ce4 e-flex e-con-boxed e-con e-parent\" data-id=\"41e63ce4\" data-element_type=\"container\">\n\t\t\t\t\t<div class=\"e-con-inner\">\n\t\t\t\t<div class=\"elementor-element elementor-element-7e0a3734 elementor-widget elementor-widget-text-editor\" data-id=\"7e0a3734\" data-element_type=\"widget\" data-widget_type=\"text-editor.default\">\n\t\t\t\t<div class=\"elementor-widget-container\">\n\t\t\t\t\t\t\t<!-- wp:html -->\n<p style=\"text-align: justify;\">O Sistema de Limpeza Pneum\u00e1tico do DustControl evita a mistura de tipos diferentes de gr\u00e3os. Para controlar a poeira nas moegas, o sistema DustControl Mec\u00e2nico utiliza m\u00f3dulos met\u00e1licos com bicas tampadas. Quando um produto em gr\u00e3os \u00e9 descarregado sobre a grade da moega, ele cai nas bicas e for\u00e7a a abertura das tampas, que s\u00e3o controladas por contrapesos. No fim da descarga, as tampas fecham com produto ainda preso nas bicas.<br \/>Na troca de produtos, quando \u00e9 necess\u00e1rio que as bicas estejam totalmente sem o produto antigo, o oper\u00e1rio pode usar um bast\u00e3o de vassoura para abrir manualmente as tampas e limpar as bicas.<br \/>Para os casos em que se deseja uma limpeza r\u00e1pida das bicas depois de cada descarga para n\u00e3o misturar os produtos, a Wings oferece um sistema de limpeza pneum\u00e1tico. Uma caixa de controle \u00e9 instalada em um ponto perto do oper\u00e1rio, com linhas de ar conectadas aos cilindros de ar em cada m\u00f3dulo. Barras de acionamento nas bicas abrem e fecham as tampas quando o oper\u00e1rio pressiona o bot\u00e3o da caixa de controle.<br \/><em>Para esse sistema de limpeza, \u00e9 necess\u00e1rio o cliente ter um compressor de ar.<\/em><\/p>\n<!-- \/wp:html --><!-- wp:columns -->\n<div class=\"wp-block-columns\"><!-- wp:column -->\n<div class=\"wp-block-column\"><!-- wp:html -->\n<p style=\"text-align: justify;\">No final da descarga, quando a quantidade de produto n\u00e3o \u00e9 suficiente para manter abertas as tampas das bicas dos m\u00f3dulos, essa pequena quantidade de gr\u00e3os fica presa nos m\u00f3dulos.<\/p>\n<!-- \/wp:html --><\/div>\n<!-- \/wp:column --><!-- wp:column -->\n<div class=\"wp-block-column\"><!-- wp:image {\"id\":24352,\"sizeSlug\":\"full\",\"linkDestination\":\"none\"} -->\n<figure class=\"wp-block-image size-full\"><img fetchpriority=\"high\" decoding=\"async\" width=\"1132\" height=\"634\" class=\"wp-image-24352\" src=\"https:\/\/wingsltda.com.br\/wp-content\/uploads\/2024\/03\/sistema-de-limpeza-pneumatico-para-limpeza-de-moega.png\" alt=\"\" srcset=\"https:\/\/wingsltda.com.br\/wp-content\/uploads\/2024\/03\/sistema-de-limpeza-pneumatico-para-limpeza-de-moega.png 1132w, https:\/\/wingsltda.com.br\/wp-content\/uploads\/2024\/03\/sistema-de-limpeza-pneumatico-para-limpeza-de-moega-714x400.png 714w, https:\/\/wingsltda.com.br\/wp-content\/uploads\/2024\/03\/sistema-de-limpeza-pneumatico-para-limpeza-de-moega-150x84.png 150w, https:\/\/wingsltda.com.br\/wp-content\/uploads\/2024\/03\/sistema-de-limpeza-pneumatico-para-limpeza-de-moega-768x430.png 768w, https:\/\/wingsltda.com.br\/wp-content\/uploads\/2024\/03\/sistema-de-limpeza-pneumatico-para-limpeza-de-moega-18x10.png 18w, https:\/\/wingsltda.com.br\/wp-content\/uploads\/2024\/03\/sistema-de-limpeza-pneumatico-para-limpeza-de-moega-510x286.png 510w\" sizes=\"(max-width: 1132px) 100vw, 1132px\" \/><\/figure>\n<!-- \/wp:image --><\/div>\n<!-- \/wp:column --><\/div>\n<!-- \/wp:columns --><!-- wp:columns -->\n<div class=\"wp-block-columns\"><!-- wp:column -->\n<div class=\"wp-block-column\"><!-- wp:image {\"id\":24354,\"sizeSlug\":\"full\",\"linkDestination\":\"none\"} -->\n<figure class=\"wp-block-image size-full\"><img decoding=\"async\" width=\"1122\" height=\"648\" class=\"wp-image-24354\" src=\"https:\/\/wingsltda.com.br\/wp-content\/uploads\/2024\/03\/sistema-de-limpeza-pneumatico1.png\" alt=\"\" srcset=\"https:\/\/wingsltda.com.br\/wp-content\/uploads\/2024\/03\/sistema-de-limpeza-pneumatico1.png 1122w, https:\/\/wingsltda.com.br\/wp-content\/uploads\/2024\/03\/sistema-de-limpeza-pneumatico1-693x400.png 693w, https:\/\/wingsltda.com.br\/wp-content\/uploads\/2024\/03\/sistema-de-limpeza-pneumatico1-150x87.png 150w, https:\/\/wingsltda.com.br\/wp-content\/uploads\/2024\/03\/sistema-de-limpeza-pneumatico1-768x444.png 768w, https:\/\/wingsltda.com.br\/wp-content\/uploads\/2024\/03\/sistema-de-limpeza-pneumatico1-18x10.png 18w, https:\/\/wingsltda.com.br\/wp-content\/uploads\/2024\/03\/sistema-de-limpeza-pneumatico1-510x295.png 510w\" sizes=\"(max-width: 1122px) 100vw, 1122px\" \/><\/figure>\n<!-- \/wp:image --><\/div>\n<!-- \/wp:column --><!-- wp:column -->\n<div class=\"wp-block-column\"><!-- wp:html -->\n<p style=\"text-align: justify;\">Quando o controle pneum\u00e1tico do sistema de limpeza \u00e9 acionado, os cilindros abrem as tampas para esvaziar os m\u00f3dulos. O sistema de limpeza \u00e9 ideal para moegas que recebem v\u00e1rios tipos de produtos que n\u00e3o devem ser misturados.<\/p>\n<!-- \/wp:html --><\/div>\n<!-- \/wp:column --><\/div>\n<!-- \/wp:columns --><!-- wp:html -->\n<p style=\"text-align: justify;\">Contate-nos hoje mesmo para saber como podemos personalizar o DustControl Mec\u00e2nico ou Plus para atender \u00e0s suas necessidades espec\u00edficas. Sua sa\u00fade, a comunidade e o meio ambiente agradecem.<\/p>\n<!-- \/wp:html --><!-- wp:paragraph -->\n<p>Veja nosso sistema em funcionamento nos clientes.<\/p>\n<!-- \/wp:paragraph --><!-- wp:paragraph -->\n<h2>Produtos Relacionados<\/h2>\n<!-- \/wp:paragraph --><!-- wp:columns -->\n<div class=\"wp-block-columns\"><!-- wp:column -->\n<div class=\"wp-block-column\"><!-- wp:image {\"id\":24067,\"sizeSlug\":\"full\",\"linkDestination\":\"none\"} -->\n<figure class=\"wp-block-image size-full\"><a href=\"https:\/\/wingsltda.com.br\/pt\/dustcontrol-plus-moega-tombador-despoeiramento-filtro-de-manga\/\"><img decoding=\"async\" width=\"300\" height=\"226\" class=\"wp-image-24067\" src=\"https:\/\/wingsltda.com.br\/wp-content\/uploads\/2024\/03\/filtro-para-controle-de-poeira-em-uma-moega-com-tombador-jpg.webp\" alt=\"\" srcset=\"https:\/\/wingsltda.com.br\/wp-content\/uploads\/2024\/03\/filtro-para-controle-de-poeira-em-uma-moega-com-tombador-jpg.webp 300w, https:\/\/wingsltda.com.br\/wp-content\/uploads\/2024\/03\/filtro-para-controle-de-poeira-em-uma-moega-com-tombador-150x113.webp 150w, https:\/\/wingsltda.com.br\/wp-content\/uploads\/2024\/03\/filtro-para-controle-de-poeira-em-uma-moega-com-tombador-16x12.webp 16w\" sizes=\"(max-width: 300px) 100vw, 300px\" \/><\/a>\n<figcaption class=\"wp-element-caption\">DustControl Plus<\/figcaption>\n<\/figure>\n<!-- \/wp:image --><\/div>\n<!-- \/wp:column --><!-- wp:column -->\n<div class=\"wp-block-column\"><!-- wp:image {\"id\":24280,\"width\":\"304px\",\"height\":\"auto\",\"sizeSlug\":\"full\",\"linkDestination\":\"none\"} -->\n<figure class=\"wp-block-image size-full is-resized\"><a href=\"https:\/\/wingsltda.com.br\/pt\/como-e-porque-se-deve-fazer-o-despoeiramento-em-sua-moega\/\"><img loading=\"lazy\" decoding=\"async\" width=\"1067\" height=\"800\" class=\"wp-image-24280\" style=\"width: 304px; height: auto;\" src=\"https:\/\/wingsltda.com.br\/wp-content\/uploads\/2024\/03\/Coamo-Pitanga-1-1067x800-1-jpg.webp\" alt=\"\" srcset=\"https:\/\/wingsltda.com.br\/wp-content\/uploads\/2024\/03\/Coamo-Pitanga-1-1067x800-1-jpg.webp 1067w, https:\/\/wingsltda.com.br\/wp-content\/uploads\/2024\/03\/Coamo-Pitanga-1-1067x800-1-534x400.webp 534w, https:\/\/wingsltda.com.br\/wp-content\/uploads\/2024\/03\/Coamo-Pitanga-1-1067x800-1-150x112.webp 150w, https:\/\/wingsltda.com.br\/wp-content\/uploads\/2024\/03\/Coamo-Pitanga-1-1067x800-1-768x576.webp 768w, https:\/\/wingsltda.com.br\/wp-content\/uploads\/2024\/03\/Coamo-Pitanga-1-1067x800-1-16x12.webp 16w, https:\/\/wingsltda.com.br\/wp-content\/uploads\/2024\/03\/Coamo-Pitanga-1-1067x800-1-510x382.webp 510w\" sizes=\"(max-width: 1067px) 100vw, 1067px\" \/><\/a>\n<figcaption class=\"wp-element-caption\">DustControl Mec\u00e2nico<\/figcaption>\n<\/figure>\n<!-- \/wp:image --><\/div>\n<!-- \/wp:column --><!-- wp:column -->\n<div class=\"wp-block-column\">\u00a0<\/div>\n<!-- \/wp:column --><\/div>\n<!-- \/wp:columns -->\t\t\t\t\t\t<\/div>\n\t\t\t\t<\/div>\n\t\t\t\t\t<\/div>\n\t\t\t\t<\/div>\n\t\t<div class=\"elementor-element elementor-element-52314d6 e-flex e-con-boxed e-con e-parent\" data-id=\"52314d6\" data-element_type=\"container\">\n\t\t\t\t\t<div class=\"e-con-inner\">\n\t\t<div class=\"elementor-element elementor-element-5a1a0e9 e-con-full e-flex e-con e-child\" data-id=\"5a1a0e9\" data-element_type=\"container\">\n\t\t\t\t<\/div>\n\t\t\t\t\t<\/div>\n\t\t\t\t<\/div>\n\t\t\t\t<\/div>\n\t\t","protected":false},"excerpt":{"rendered":"<p>O Sistema de Limpeza Pneum\u00e1tico do DustControl evita a mistura de tipos diferentes de gr\u00e3os. Para controlar a poeira nas moegas, o sistema DustControl Mec\u00e2nico utiliza m\u00f3dulos met\u00e1licos com bicas tampadas. Quando um produto em gr\u00e3os \u00e9 descarregado sobre a grade da moega, ele cai nas bicas e for\u00e7a a abertura das tampas, que s\u00e3o [&hellip;]<\/p>\n","protected":false},"author":1,"featured_media":24352,"parent":0,"menu_order":0,"comment_status":"closed","ping_status":"closed","template":"","meta":{"_sitemap_exclude":false,"_sitemap_priority":"","_sitemap_frequency":"","_joinchat":[],"footnotes":""},"class_list":["post-23262","page","type-page","status-publish","has-post-thumbnail","hentry"],"yoast_head":"<!-- This site is optimized with the Yoast SEO plugin v27.1.1 - https:\/\/yoast.com\/product\/yoast-seo-wordpress\/ -->\n<title>Sistema de Limpeza do DustControl Wings - Wings Ltda |<\/title>\n<meta name=\"description\" content=\"Protege seus funcion\u00e1rios e o meio ambiente. Sistema autom\u00e1tico para controlar poeira em moegas de recebimento.\" \/>\n<meta name=\"robots\" content=\"index, follow, max-snippet:-1, max-image-preview:large, max-video-preview:-1\" \/>\n<link rel=\"canonical\" href=\"https:\/\/wingsltda.com.br\/pt\/sistema-de-limpeza-do-dustcontrol-wings\/\" \/>\n<meta property=\"og:locale\" content=\"pt_BR\" \/>\n<meta property=\"og:type\" content=\"article\" \/>\n<meta property=\"og:title\" content=\"Sistema de Limpeza do DustControl Wings - Wings Ltda |\" \/>\n<meta property=\"og:description\" content=\"Protege seus funcion\u00e1rios e o meio ambiente. Sistema autom\u00e1tico para controlar poeira em moegas de recebimento.\" \/>\n<meta property=\"og:url\" content=\"https:\/\/wingsltda.com.br\/pt\/sistema-de-limpeza-do-dustcontrol-wings\/\" \/>\n<meta property=\"og:site_name\" content=\"Wings Ltda |\" \/>\n<meta property=\"article:publisher\" content=\"https:\/\/www.facebook.com\/wingsltda\/\" \/>\n<meta property=\"article:modified_time\" content=\"2025-02-26T00:19:06+00:00\" \/>\n<meta property=\"og:image\" content=\"https:\/\/wingsltda.com.br\/wp-content\/uploads\/2024\/03\/sistema-de-limpeza-pneumatico-para-limpeza-de-moega.png\" \/>\n\t<meta property=\"og:image:width\" content=\"1132\" \/>\n\t<meta property=\"og:image:height\" content=\"634\" \/>\n\t<meta property=\"og:image:type\" content=\"image\/png\" \/>\n<meta name=\"twitter:card\" content=\"summary_large_image\" \/>\n<meta name=\"twitter:label1\" content=\"Est. tempo de leitura\" \/>\n\t<meta name=\"twitter:data1\" content=\"1 minuto\" \/>\n<script type=\"application\/ld+json\" class=\"yoast-schema-graph\">{\"@context\":\"https:\/\/schema.org\",\"@graph\":[{\"@type\":\"WebPage\",\"@id\":\"https:\/\/wingsltda.com.br\/pt\/sistema-de-limpeza-do-dustcontrol-wings\/\",\"url\":\"https:\/\/wingsltda.com.br\/pt\/sistema-de-limpeza-do-dustcontrol-wings\/\",\"name\":\"Sistema de Limpeza do DustControl Wings - Wings Ltda |\",\"isPartOf\":{\"@id\":\"https:\/\/wingsltda.com.br\/en\/#website\"},\"primaryImageOfPage\":{\"@id\":\"https:\/\/wingsltda.com.br\/pt\/sistema-de-limpeza-do-dustcontrol-wings\/#primaryimage\"},\"image\":{\"@id\":\"https:\/\/wingsltda.com.br\/pt\/sistema-de-limpeza-do-dustcontrol-wings\/#primaryimage\"},\"thumbnailUrl\":\"https:\/\/wingsltda.com.br\/wp-content\/uploads\/2024\/03\/sistema-de-limpeza-pneumatico-para-limpeza-de-moega.png\",\"datePublished\":\"2024-01-28T20:37:22+00:00\",\"dateModified\":\"2025-02-26T00:19:06+00:00\",\"description\":\"Protege seus funcion\u00e1rios e o meio ambiente. Sistema autom\u00e1tico para controlar poeira em moegas de recebimento.\",\"breadcrumb\":{\"@id\":\"https:\/\/wingsltda.com.br\/pt\/sistema-de-limpeza-do-dustcontrol-wings\/#breadcrumb\"},\"inLanguage\":\"pt-BR\",\"potentialAction\":[{\"@type\":\"ReadAction\",\"target\":[\"https:\/\/wingsltda.com.br\/pt\/sistema-de-limpeza-do-dustcontrol-wings\/\"]}]},{\"@type\":\"ImageObject\",\"inLanguage\":\"pt-BR\",\"@id\":\"https:\/\/wingsltda.com.br\/pt\/sistema-de-limpeza-do-dustcontrol-wings\/#primaryimage\",\"url\":\"https:\/\/wingsltda.com.br\/wp-content\/uploads\/2024\/03\/sistema-de-limpeza-pneumatico-para-limpeza-de-moega.png\",\"contentUrl\":\"https:\/\/wingsltda.com.br\/wp-content\/uploads\/2024\/03\/sistema-de-limpeza-pneumatico-para-limpeza-de-moega.png\",\"width\":1132,\"height\":634},{\"@type\":\"BreadcrumbList\",\"@id\":\"https:\/\/wingsltda.com.br\/pt\/sistema-de-limpeza-do-dustcontrol-wings\/#breadcrumb\",\"itemListElement\":[{\"@type\":\"ListItem\",\"position\":1,\"name\":\"In\u00edcio\",\"item\":\"https:\/\/wingsltda.com.br\/\"},{\"@type\":\"ListItem\",\"position\":2,\"name\":\"Sistema de Limpeza do DustControl Wings\"}]},{\"@type\":\"WebSite\",\"@id\":\"https:\/\/wingsltda.com.br\/en\/#website\",\"url\":\"https:\/\/wingsltda.com.br\/en\/\",\"name\":\"Wings Ltda |\",\"description\":\"Transformando sua opera\u00e7\u00e3o no agro.\",\"publisher\":{\"@id\":\"https:\/\/wingsltda.com.br\/en\/#organization\"},\"potentialAction\":[{\"@type\":\"SearchAction\",\"target\":{\"@type\":\"EntryPoint\",\"urlTemplate\":\"https:\/\/wingsltda.com.br\/en\/?s={search_term_string}\"},\"query-input\":{\"@type\":\"PropertyValueSpecification\",\"valueRequired\":true,\"valueName\":\"search_term_string\"}}],\"inLanguage\":\"pt-BR\"},{\"@type\":\"Organization\",\"@id\":\"https:\/\/wingsltda.com.br\/en\/#organization\",\"name\":\"Wings Ltda\",\"url\":\"https:\/\/wingsltda.com.br\/en\/\",\"logo\":{\"@type\":\"ImageObject\",\"inLanguage\":\"pt-BR\",\"@id\":\"https:\/\/wingsltda.com.br\/en\/#\/schema\/logo\/image\/\",\"url\":\"https:\/\/wingsltda.com.br\/wp-content\/uploads\/2024\/03\/Wings-Logo-Novo-DustControl.png\",\"contentUrl\":\"https:\/\/wingsltda.com.br\/wp-content\/uploads\/2024\/03\/Wings-Logo-Novo-DustControl.png\",\"width\":1090,\"height\":410,\"caption\":\"Wings Ltda\"},\"image\":{\"@id\":\"https:\/\/wingsltda.com.br\/en\/#\/schema\/logo\/image\/\"},\"sameAs\":[\"https:\/\/www.facebook.com\/wingsltda\/\",\"https:\/\/www.linkedin.com\/company\/wingsltda\/\",\"https:\/\/www.youtube.com\/channel\/UC2XSL5EljSgDh-pwalcPLLA\"]}]}<\/script>\n<!-- \/ Yoast SEO plugin. -->","yoast_head_json":{"title":"Sistema de Limpeza do DustControl Wings - Wings Ltda |","description":"Protege seus funcion\u00e1rios e o meio ambiente. Sistema autom\u00e1tico para controlar poeira em moegas de recebimento.","robots":{"index":"index","follow":"follow","max-snippet":"max-snippet:-1","max-image-preview":"max-image-preview:large","max-video-preview":"max-video-preview:-1"},"canonical":"https:\/\/wingsltda.com.br\/pt\/sistema-de-limpeza-do-dustcontrol-wings\/","og_locale":"pt_BR","og_type":"article","og_title":"Sistema de Limpeza do DustControl Wings - Wings Ltda |","og_description":"Protege seus funcion\u00e1rios e o meio ambiente. Sistema autom\u00e1tico para controlar poeira em moegas de recebimento.","og_url":"https:\/\/wingsltda.com.br\/pt\/sistema-de-limpeza-do-dustcontrol-wings\/","og_site_name":"Wings Ltda |","article_publisher":"https:\/\/www.facebook.com\/wingsltda\/","article_modified_time":"2025-02-26T00:19:06+00:00","og_image":[{"width":1132,"height":634,"url":"https:\/\/wingsltda.com.br\/wp-content\/uploads\/2024\/03\/sistema-de-limpeza-pneumatico-para-limpeza-de-moega.png","type":"image\/png"}],"twitter_card":"summary_large_image","twitter_misc":{"Est. tempo de leitura":"1 minuto"},"schema":{"@context":"https:\/\/schema.org","@graph":[{"@type":"WebPage","@id":"https:\/\/wingsltda.com.br\/pt\/sistema-de-limpeza-do-dustcontrol-wings\/","url":"https:\/\/wingsltda.com.br\/pt\/sistema-de-limpeza-do-dustcontrol-wings\/","name":"Sistema de Limpeza do DustControl Wings - Wings Ltda |","isPartOf":{"@id":"https:\/\/wingsltda.com.br\/en\/#website"},"primaryImageOfPage":{"@id":"https:\/\/wingsltda.com.br\/pt\/sistema-de-limpeza-do-dustcontrol-wings\/#primaryimage"},"image":{"@id":"https:\/\/wingsltda.com.br\/pt\/sistema-de-limpeza-do-dustcontrol-wings\/#primaryimage"},"thumbnailUrl":"https:\/\/wingsltda.com.br\/wp-content\/uploads\/2024\/03\/sistema-de-limpeza-pneumatico-para-limpeza-de-moega.png","datePublished":"2024-01-28T20:37:22+00:00","dateModified":"2025-02-26T00:19:06+00:00","description":"Protege seus funcion\u00e1rios e o meio ambiente. Sistema autom\u00e1tico para controlar poeira em moegas de recebimento.","breadcrumb":{"@id":"https:\/\/wingsltda.com.br\/pt\/sistema-de-limpeza-do-dustcontrol-wings\/#breadcrumb"},"inLanguage":"pt-BR","potentialAction":[{"@type":"ReadAction","target":["https:\/\/wingsltda.com.br\/pt\/sistema-de-limpeza-do-dustcontrol-wings\/"]}]},{"@type":"ImageObject","inLanguage":"pt-BR","@id":"https:\/\/wingsltda.com.br\/pt\/sistema-de-limpeza-do-dustcontrol-wings\/#primaryimage","url":"https:\/\/wingsltda.com.br\/wp-content\/uploads\/2024\/03\/sistema-de-limpeza-pneumatico-para-limpeza-de-moega.png","contentUrl":"https:\/\/wingsltda.com.br\/wp-content\/uploads\/2024\/03\/sistema-de-limpeza-pneumatico-para-limpeza-de-moega.png","width":1132,"height":634},{"@type":"BreadcrumbList","@id":"https:\/\/wingsltda.com.br\/pt\/sistema-de-limpeza-do-dustcontrol-wings\/#breadcrumb","itemListElement":[{"@type":"ListItem","position":1,"name":"In\u00edcio","item":"https:\/\/wingsltda.com.br\/"},{"@type":"ListItem","position":2,"name":"Sistema de Limpeza do DustControl Wings"}]},{"@type":"WebSite","@id":"https:\/\/wingsltda.com.br\/en\/#website","url":"https:\/\/wingsltda.com.br\/en\/","name":"Wings Ltda |","description":"Transformando sua opera\u00e7\u00e3o no agro.","publisher":{"@id":"https:\/\/wingsltda.com.br\/en\/#organization"},"potentialAction":[{"@type":"SearchAction","target":{"@type":"EntryPoint","urlTemplate":"https:\/\/wingsltda.com.br\/en\/?s={search_term_string}"},"query-input":{"@type":"PropertyValueSpecification","valueRequired":true,"valueName":"search_term_string"}}],"inLanguage":"pt-BR"},{"@type":"Organization","@id":"https:\/\/wingsltda.com.br\/en\/#organization","name":"Wings Ltda","url":"https:\/\/wingsltda.com.br\/en\/","logo":{"@type":"ImageObject","inLanguage":"pt-BR","@id":"https:\/\/wingsltda.com.br\/en\/#\/schema\/logo\/image\/","url":"https:\/\/wingsltda.com.br\/wp-content\/uploads\/2024\/03\/Wings-Logo-Novo-DustControl.png","contentUrl":"https:\/\/wingsltda.com.br\/wp-content\/uploads\/2024\/03\/Wings-Logo-Novo-DustControl.png","width":1090,"height":410,"caption":"Wings Ltda"},"image":{"@id":"https:\/\/wingsltda.com.br\/en\/#\/schema\/logo\/image\/"},"sameAs":["https:\/\/www.facebook.com\/wingsltda\/","https:\/\/www.linkedin.com\/company\/wingsltda\/","https:\/\/www.youtube.com\/channel\/UC2XSL5EljSgDh-pwalcPLLA"]}]}},"_links":{"self":[{"href":"https:\/\/wingsltda.com.br\/pt\/wp-json\/wp\/v2\/pages\/23262","targetHints":{"allow":["GET"]}}],"collection":[{"href":"https:\/\/wingsltda.com.br\/pt\/wp-json\/wp\/v2\/pages"}],"about":[{"href":"https:\/\/wingsltda.com.br\/pt\/wp-json\/wp\/v2\/types\/page"}],"author":[{"embeddable":true,"href":"https:\/\/wingsltda.com.br\/pt\/wp-json\/wp\/v2\/users\/1"}],"replies":[{"embeddable":true,"href":"https:\/\/wingsltda.com.br\/pt\/wp-json\/wp\/v2\/comments?post=23262"}],"version-history":[{"count":3,"href":"https:\/\/wingsltda.com.br\/pt\/wp-json\/wp\/v2\/pages\/23262\/revisions"}],"predecessor-version":[{"id":26365,"href":"https:\/\/wingsltda.com.br\/pt\/wp-json\/wp\/v2\/pages\/23262\/revisions\/26365"}],"wp:featuredmedia":[{"embeddable":true,"href":"https:\/\/wingsltda.com.br\/pt\/wp-json\/wp\/v2\/media\/24352"}],"wp:attachment":[{"href":"https:\/\/wingsltda.com.br\/pt\/wp-json\/wp\/v2\/media?parent=23262"}],"curies":[{"name":"wp","href":"https:\/\/api.w.org\/{rel}","templated":true}]}}